{"id":989,"date":"2018-07-02T10:20:05","date_gmt":"2018-07-02T08:20:05","guid":{"rendered":"http:\/\/sachainchilaos.com\/?post_type=product&#038;p=989"},"modified":"2021-05-23T11:06:09","modified_gmt":"2021-05-23T09:06:09","slug":"sacha-inchi-salted-roasted-seeds","status":"publish","type":"product","link":"https:\/\/sachainchilaos.com\/en\/produit\/sacha-inchi-salted-roasted-seeds\/","title":{"rendered":"SACHA INCHI SALTED ROASTED SEEDS"},"content":{"rendered":"<p>Sacha Inchi seeds are cultivated and sorted by smallholder farmers in Laos. The roasted seeds are made from carefully selected seeds and are lightly salted. They possess a high concentration of Omega 3 and proteins.<\/p>\n<p><b><u>USES:<\/u><\/b><br \/>\n\u2022 As a healthy snack.<br \/>\n\u2022 As an appetizer.<br \/>\n\u2022 Add to salad, pasta, various dishes.<\/p>","protected":false},"excerpt":{"rendered":"<p>Sacha Inchi seeds carefully selected and sorted, then lightly salted. High concentration of Omega 3. No additives or preservatives are used.<\/p>\n<div id=\"accordions-990\" class=\"accordions-990 accordions\" data-accordions={&quot;lazyLoad&quot;:false,&quot;id&quot;:&quot;990&quot;,&quot;event&quot;:&quot;click&quot;,&quot;collapsible&quot;:&quot;true&quot;,&quot;heightStyle&quot;:&quot;content&quot;,&quot;animateStyle&quot;:&quot;swing&quot;,&quot;animateDelay&quot;:1000,&quot;navigation&quot;:true,&quot;active&quot;:999,&quot;expandedOther&quot;:&quot;no&quot;}>\r\n                <div class=\"items\" >\r\n    \r\n            <div post_id=\"990\" itemcount=\"0\"  header_id=\"header-0\" id=\"header-0\" style=\"\" class=\"accordions-head head0 border-none\" toggle-text=\"\" main-text=\"NUTRITIONAL VALUES FOR 100g\">\r\n                                    <span id=\"accordion-icons-0\" class=\"accordion-icons\">\r\n                        <span class=\"accordion-icon-active accordion-plus\"><i class=\"fa fa-chevron-up\"><\/i><\/span>\r\n                        <span class=\"accordion-icon-inactive accordion-minus\"><i class=\"fa fa-chevron-down\"><\/i><\/span>\r\n                    <\/span>\r\n                    <span id=\"header-text-0\" class=\"accordions-head-title\">NUTRITIONAL VALUES FOR 100g<\/span>\r\n                            <\/div>\r\n            <div class=\"accordion-content content0 \">\r\n                <div class=\"table-responsive\">\n<table>\n<thead><\/thead>\n<tbody>\n<tr>\n<td><strong>Energy<\/strong><\/td>\n<td style=\"text-align: center;\">2803 kJ \/ 670 kcal<\/td>\n<td style=\"text-align: center;\">% RDI*<\/td>\n<\/tr>\n<tr>\n<td><strong>Fat of which:<\/strong><\/td>\n<td style=\"text-align: center;\">53,00 g<\/td>\n<td style=\"text-align: center;\">80%<\/td>\n<\/tr>\n<tr>\n<td>Saturated fatty acids<\/td>\n<td style=\"text-align: center;\">3,00 g<\/td>\n<td style=\"text-align: center;\">20%<\/td>\n<\/tr>\n<tr>\n<td>Trans.<\/td>\n<td style=\"text-align: center;\">0,00 g<\/td>\n<td><\/td>\n<\/tr>\n<tr>\n<td><strong>Unsatured fatty acids<br \/>\n<\/strong><\/td>\n<td style=\"text-align: center;\">40,00 g<\/td>\n<td><\/td>\n<\/tr>\n<tr>\n<td>Omega 3<\/td>\n<td style=\"text-align: center;\">23,00 g<\/td>\n<td><\/td>\n<\/tr>\n<tr>\n<td>Omega 6<\/td>\n<td style=\"text-align: center;\">17,00 g<\/td>\n<td><\/td>\n<\/tr>\n<tr>\n<td><strong>Monounsatured fatty acids<\/strong><\/td>\n<td style=\"text-align: center;\">7,00 g<\/td>\n<td><\/td>\n<\/tr>\n<tr>\n<td>Cholesterol<\/td>\n<td style=\"text-align: center;\">0,00 g<\/td>\n<td><\/td>\n<\/tr>\n<tr>\n<td><strong>Carbohydrate<\/strong><\/td>\n<td style=\"text-align: center;\">13,00 g<\/td>\n<td style=\"text-align: center;\">7%<\/td>\n<\/tr>\n<tr>\n<td>Fiber<\/td>\n<td style=\"text-align: center;\">13,00 g<\/td>\n<td style=\"text-align: center;\">53%<\/td>\n<\/tr>\n<tr>\n<td><strong>Proteins<\/strong><\/td>\n<td style=\"text-align: center;\">27,00 g<\/td>\n<td style=\"text-align: center;\">54%<\/td>\n<\/tr>\n<\/tbody>\n<\/table>\n<p>* <span id=\"result_box\" class=\"\" lang=\"en\" tabindex=\"-1\"><span class=\"\">% of Daily Calorie Requirements (2000 calories per day)<\/span><\/span><\/p>\n<\/div>\n            <\/div>\r\n    <\/div>\r\n\r\n\r\n\r\n            <\/div>\n","protected":false},"featured_media":1014,"comment_status":"closed","ping_status":"closed","template":"","meta":[],"product_brand":[],"product_cat":[67],"product_tag":[203],"class_list":{"0":"post-989","1":"product","2":"type-product","3":"status-publish","4":"has-post-thumbnail","6":"product_cat-alimentaire","7":"product_tag-graine","9":"first","10":"instock","11":"shipping-taxable","12":"product-type-simple"},"yoast_head":"<!-- This site is optimized with the Yoast SEO plugin v27.3 - https:\/\/yoast.com\/product\/yoast-seo-wordpress\/ -->\n<title>SACHA INCHI SALTED ROASTED SEEDS - Sacha Inchi Laos<\/title>\n<meta name=\"robots\" content=\"index, follow, max-snippet:-1, max-image-preview:large, max-video-preview:-1\" \/>\n<link rel=\"canonical\" href=\"https:\/\/sachainchilaos.com\/produit\/sacha-inchi-salted-roasted-seeds\/\" \/>\n<meta property=\"og:locale\" content=\"en_US\" \/>\n<meta property=\"og:type\" content=\"article\" \/>\n<meta property=\"og:title\" content=\"SACHA INCHI SALTED ROASTED SEEDS - Sacha Inchi Laos\" \/>\n<meta property=\"og:description\" content=\"[:fr]Graines de Sacha Inchi soigneusement s\u00e9lectionn\u00e9es et tri\u00e9es, puis l\u00e9g\u00e8rement sal\u00e9es. Haute concentration en Om\u00e9ga 3. Aucun additif ni agent de conservation n&#039;est utilis\u00e9.  [:en]Sacha Inchi seeds carefully selected and sorted, then lightly salted. High concentration of Omega 3. No additives or preservatives are used.  [:de]Sacha Inchi Samen sorgf\u00e4ltig ausgew\u00e4hlt und sortiert, dann leicht gesalzen. Hohe Konzentration von Omega 3. Keine Zusatzstoffe oder Konservierungsstoffe verwendet.  [:]\" \/>\n<meta property=\"og:url\" content=\"https:\/\/sachainchilaos.com\/produit\/sacha-inchi-salted-roasted-seeds\/\" \/>\n<meta property=\"og:site_name\" content=\"Sacha Inchi Laos\" \/>\n<meta property=\"article:publisher\" content=\"https:\/\/www.facebook.com\/maiSavanhLaoColtd\" \/>\n<meta property=\"article:modified_time\" content=\"2021-05-23T09:06:09+00:00\" \/>\n<meta property=\"og:image\" content=\"https:\/\/sachainchilaos.com\/wp-content\/uploads\/2018\/07\/SI-Grillesales-Fr.png\" \/>\n\t<meta property=\"og:image:width\" content=\"800\" \/>\n\t<meta property=\"og:image:height\" content=\"800\" \/>\n\t<meta property=\"og:image:type\" content=\"image\/png\" \/>\n<meta name=\"twitter:card\" content=\"summary_large_image\" \/>\n<meta name=\"twitter:label1\" content=\"Est. reading time\" \/>\n\t<meta name=\"twitter:data1\" content=\"1 minute\" \/>\n<script type=\"application\/ld+json\" class=\"yoast-schema-graph\">{\"@context\":\"https:\\\/\\\/schema.org\",\"@graph\":[{\"@type\":\"WebPage\",\"@id\":\"https:\\\/\\\/sachainchilaos.com\\\/produit\\\/sacha-inchi-salted-roasted-seeds\\\/\",\"url\":\"https:\\\/\\\/sachainchilaos.com\\\/produit\\\/sacha-inchi-salted-roasted-seeds\\\/\",\"name\":\"SACHA INCHI SALTED ROASTED SEEDS - Sacha Inchi Laos\",\"isPartOf\":{\"@id\":\"https:\\\/\\\/sachainchilaos.com\\\/#website\"},\"primaryImageOfPage\":{\"@id\":\"https:\\\/\\\/sachainchilaos.com\\\/produit\\\/sacha-inchi-salted-roasted-seeds\\\/#primaryimage\"},\"image\":{\"@id\":\"https:\\\/\\\/sachainchilaos.com\\\/produit\\\/sacha-inchi-salted-roasted-seeds\\\/#primaryimage\"},\"thumbnailUrl\":\"https:\\\/\\\/sachainchilaos.com\\\/wp-content\\\/uploads\\\/2018\\\/07\\\/SI-Grillesales-Fr.png\",\"datePublished\":\"2018-07-02T08:20:05+00:00\",\"dateModified\":\"2021-05-23T09:06:09+00:00\",\"breadcrumb\":{\"@id\":\"https:\\\/\\\/sachainchilaos.com\\\/produit\\\/sacha-inchi-salted-roasted-seeds\\\/#breadcrumb\"},\"inLanguage\":\"en-US\",\"potentialAction\":[{\"@type\":\"ReadAction\",\"target\":[\"https:\\\/\\\/sachainchilaos.com\\\/produit\\\/sacha-inchi-salted-roasted-seeds\\\/\"]}]},{\"@type\":\"ImageObject\",\"inLanguage\":\"en-US\",\"@id\":\"https:\\\/\\\/sachainchilaos.com\\\/produit\\\/sacha-inchi-salted-roasted-seeds\\\/#primaryimage\",\"url\":\"https:\\\/\\\/sachainchilaos.com\\\/wp-content\\\/uploads\\\/2018\\\/07\\\/SI-Grillesales-Fr.png\",\"contentUrl\":\"https:\\\/\\\/sachainchilaos.com\\\/wp-content\\\/uploads\\\/2018\\\/07\\\/SI-Grillesales-Fr.png\",\"width\":800,\"height\":800,\"caption\":\"SACHA INCHI GESALZENE GEGRILLTE SAMEN\"},{\"@type\":\"BreadcrumbList\",\"@id\":\"https:\\\/\\\/sachainchilaos.com\\\/produit\\\/sacha-inchi-salted-roasted-seeds\\\/#breadcrumb\",\"itemListElement\":[{\"@type\":\"ListItem\",\"position\":1,\"name\":\"Accueil\",\"item\":\"https:\\\/\\\/sachainchilaos.com\\\/\"},{\"@type\":\"ListItem\",\"position\":2,\"name\":\"Nos Produits au Sacha Inchi\",\"item\":\"https:\\\/\\\/sachainchilaos.com\\\/nos-produits-au-sacha-inchi\\\/\"},{\"@type\":\"ListItem\",\"position\":3,\"name\":\"GRAINES DE SACHA INCHI GRILL\u00c9ES SAL\u00c9ES\"}]},{\"@type\":\"WebSite\",\"@id\":\"https:\\\/\\\/sachainchilaos.com\\\/#website\",\"url\":\"https:\\\/\\\/sachainchilaos.com\\\/\",\"name\":\"Sacha Inchi Laos\",\"description\":\"A Seed Unusually Rich in Omega 3\",\"publisher\":{\"@id\":\"https:\\\/\\\/sachainchilaos.com\\\/#organization\"},\"potentialAction\":[{\"@type\":\"SearchAction\",\"target\":{\"@type\":\"EntryPoint\",\"urlTemplate\":\"https:\\\/\\\/sachainchilaos.com\\\/?s={search_term_string}\"},\"query-input\":{\"@type\":\"PropertyValueSpecification\",\"valueRequired\":true,\"valueName\":\"search_term_string\"}}],\"inLanguage\":\"en-US\"},{\"@type\":\"Organization\",\"@id\":\"https:\\\/\\\/sachainchilaos.com\\\/#organization\",\"name\":\"Ma\u00ef Savanh Lao\",\"url\":\"https:\\\/\\\/sachainchilaos.com\\\/\",\"logo\":{\"@type\":\"ImageObject\",\"inLanguage\":\"en-US\",\"@id\":\"https:\\\/\\\/sachainchilaos.com\\\/#\\\/schema\\\/logo\\\/image\\\/\",\"url\":\"https:\\\/\\\/sachainchilaos.com\\\/wp-content\\\/uploads\\\/2017\\\/10\\\/MSL_NBweb.png\",\"contentUrl\":\"https:\\\/\\\/sachainchilaos.com\\\/wp-content\\\/uploads\\\/2017\\\/10\\\/MSL_NBweb.png\",\"width\":800,\"height\":447,\"caption\":\"Ma\u00ef Savanh Lao\"},\"image\":{\"@id\":\"https:\\\/\\\/sachainchilaos.com\\\/#\\\/schema\\\/logo\\\/image\\\/\"},\"sameAs\":[\"https:\\\/\\\/www.facebook.com\\\/maiSavanhLaoColtd\"]}]}<\/script>\n<!-- \/ Yoast SEO plugin. -->","yoast_head_json":{"title":"SACHA INCHI SALTED ROASTED SEEDS - Sacha Inchi Laos","robots":{"index":"index","follow":"follow","max-snippet":"max-snippet:-1","max-image-preview":"max-image-preview:large","max-video-preview":"max-video-preview:-1"},"canonical":"https:\/\/sachainchilaos.com\/produit\/sacha-inchi-salted-roasted-seeds\/","og_locale":"en_US","og_type":"article","og_title":"SACHA INCHI SALTED ROASTED SEEDS - Sacha Inchi Laos","og_description":"[:fr]Graines de Sacha Inchi soigneusement s\u00e9lectionn\u00e9es et tri\u00e9es, puis l\u00e9g\u00e8rement sal\u00e9es. Haute concentration en Om\u00e9ga 3. Aucun additif ni agent de conservation n'est utilis\u00e9.  [:en]Sacha Inchi seeds carefully selected and sorted, then lightly salted. High concentration of Omega 3. No additives or preservatives are used.  [:de]Sacha Inchi Samen sorgf\u00e4ltig ausgew\u00e4hlt und sortiert, dann leicht gesalzen. Hohe Konzentration von Omega 3. Keine Zusatzstoffe oder Konservierungsstoffe verwendet.  [:]","og_url":"https:\/\/sachainchilaos.com\/produit\/sacha-inchi-salted-roasted-seeds\/","og_site_name":"Sacha Inchi Laos","article_publisher":"https:\/\/www.facebook.com\/maiSavanhLaoColtd","article_modified_time":"2021-05-23T09:06:09+00:00","og_image":[{"width":800,"height":800,"url":"https:\/\/sachainchilaos.com\/wp-content\/uploads\/2018\/07\/SI-Grillesales-Fr.png","type":"image\/png"}],"twitter_card":"summary_large_image","twitter_misc":{"Est. reading time":"1 minute"},"schema":{"@context":"https:\/\/schema.org","@graph":[{"@type":"WebPage","@id":"https:\/\/sachainchilaos.com\/produit\/sacha-inchi-salted-roasted-seeds\/","url":"https:\/\/sachainchilaos.com\/produit\/sacha-inchi-salted-roasted-seeds\/","name":"SACHA INCHI SALTED ROASTED SEEDS - Sacha Inchi Laos","isPartOf":{"@id":"https:\/\/sachainchilaos.com\/#website"},"primaryImageOfPage":{"@id":"https:\/\/sachainchilaos.com\/produit\/sacha-inchi-salted-roasted-seeds\/#primaryimage"},"image":{"@id":"https:\/\/sachainchilaos.com\/produit\/sacha-inchi-salted-roasted-seeds\/#primaryimage"},"thumbnailUrl":"https:\/\/sachainchilaos.com\/wp-content\/uploads\/2018\/07\/SI-Grillesales-Fr.png","datePublished":"2018-07-02T08:20:05+00:00","dateModified":"2021-05-23T09:06:09+00:00","breadcrumb":{"@id":"https:\/\/sachainchilaos.com\/produit\/sacha-inchi-salted-roasted-seeds\/#breadcrumb"},"inLanguage":"en-US","potentialAction":[{"@type":"ReadAction","target":["https:\/\/sachainchilaos.com\/produit\/sacha-inchi-salted-roasted-seeds\/"]}]},{"@type":"ImageObject","inLanguage":"en-US","@id":"https:\/\/sachainchilaos.com\/produit\/sacha-inchi-salted-roasted-seeds\/#primaryimage","url":"https:\/\/sachainchilaos.com\/wp-content\/uploads\/2018\/07\/SI-Grillesales-Fr.png","contentUrl":"https:\/\/sachainchilaos.com\/wp-content\/uploads\/2018\/07\/SI-Grillesales-Fr.png","width":800,"height":800,"caption":"SACHA INCHI GESALZENE GEGRILLTE SAMEN"},{"@type":"BreadcrumbList","@id":"https:\/\/sachainchilaos.com\/produit\/sacha-inchi-salted-roasted-seeds\/#breadcrumb","itemListElement":[{"@type":"ListItem","position":1,"name":"Accueil","item":"https:\/\/sachainchilaos.com\/"},{"@type":"ListItem","position":2,"name":"Nos Produits au Sacha Inchi","item":"https:\/\/sachainchilaos.com\/nos-produits-au-sacha-inchi\/"},{"@type":"ListItem","position":3,"name":"GRAINES DE SACHA INCHI GRILL\u00c9ES SAL\u00c9ES"}]},{"@type":"WebSite","@id":"https:\/\/sachainchilaos.com\/#website","url":"https:\/\/sachainchilaos.com\/","name":"Sacha Inchi Laos","description":"A Seed Unusually Rich in Omega 3","publisher":{"@id":"https:\/\/sachainchilaos.com\/#organization"},"potentialAction":[{"@type":"SearchAction","target":{"@type":"EntryPoint","urlTemplate":"https:\/\/sachainchilaos.com\/?s={search_term_string}"},"query-input":{"@type":"PropertyValueSpecification","valueRequired":true,"valueName":"search_term_string"}}],"inLanguage":"en-US"},{"@type":"Organization","@id":"https:\/\/sachainchilaos.com\/#organization","name":"Ma\u00ef Savanh Lao","url":"https:\/\/sachainchilaos.com\/","logo":{"@type":"ImageObject","inLanguage":"en-US","@id":"https:\/\/sachainchilaos.com\/#\/schema\/logo\/image\/","url":"https:\/\/sachainchilaos.com\/wp-content\/uploads\/2017\/10\/MSL_NBweb.png","contentUrl":"https:\/\/sachainchilaos.com\/wp-content\/uploads\/2017\/10\/MSL_NBweb.png","width":800,"height":447,"caption":"Ma\u00ef Savanh Lao"},"image":{"@id":"https:\/\/sachainchilaos.com\/#\/schema\/logo\/image\/"},"sameAs":["https:\/\/www.facebook.com\/maiSavanhLaoColtd"]}]}},"_links":{"self":[{"href":"https:\/\/sachainchilaos.com\/en\/wp-json\/wp\/v2\/product\/989","targetHints":{"allow":["GET"]}}],"collection":[{"href":"https:\/\/sachainchilaos.com\/en\/wp-json\/wp\/v2\/product"}],"about":[{"href":"https:\/\/sachainchilaos.com\/en\/wp-json\/wp\/v2\/types\/product"}],"replies":[{"embeddable":true,"href":"https:\/\/sachainchilaos.com\/en\/wp-json\/wp\/v2\/comments?post=989"}],"version-history":[{"count":1,"href":"https:\/\/sachainchilaos.com\/en\/wp-json\/wp\/v2\/product\/989\/revisions"}],"predecessor-version":[{"id":13045,"href":"https:\/\/sachainchilaos.com\/en\/wp-json\/wp\/v2\/product\/989\/revisions\/13045"}],"wp:featuredmedia":[{"embeddable":true,"href":"https:\/\/sachainchilaos.com\/en\/wp-json\/wp\/v2\/media\/1014"}],"wp:attachment":[{"href":"https:\/\/sachainchilaos.com\/en\/wp-json\/wp\/v2\/media?parent=989"}],"wp:term":[{"taxonomy":"product_brand","embeddable":true,"href":"https:\/\/sachainchilaos.com\/en\/wp-json\/wp\/v2\/product_brand?post=989"},{"taxonomy":"product_cat","embeddable":true,"href":"https:\/\/sachainchilaos.com\/en\/wp-json\/wp\/v2\/product_cat?post=989"},{"taxonomy":"product_tag","embeddable":true,"href":"https:\/\/sachainchilaos.com\/en\/wp-json\/wp\/v2\/product_tag?post=989"}],"curies":[{"name":"wp","href":"https:\/\/api.w.org\/{rel}","templated":true}]}}