{"id":932,"date":"2018-06-20T17:18:36","date_gmt":"2018-06-20T15:18:36","guid":{"rendered":"http:\/\/sachainchilaos.com\/?post_type=product&#038;p=932"},"modified":"2021-05-23T11:06:09","modified_gmt":"2021-05-23T09:06:09","slug":"half-half-sacha-inchi-powder-icing-sugar","status":"publish","type":"product","link":"https:\/\/sachainchilaos.com\/en\/produit\/half-half-sacha-inchi-powder-icing-sugar\/","title":{"rendered":"HALF-HALF Sacha Inchi powder &#038; icing sugar"},"content":{"rendered":"<p>Sacha Inchi Powder is a very good source of complete proteins and contains all the essentials amino acids, fibers facilitating digestion, and unsaturated fatty acids (Omega3, 6 and 9). Non-GMO. Processed in a gluten and peanut-free facility. No additives or preservatives are used.<\/p>\n<p><b><u>USES:<\/u><br \/>\n<\/b> This powder has kept all its oil and especially its Omega 3. It fits ideally in the recipes of pastry and bakery:<br \/>\n\u2022 Financial \/ almond cookies.<br \/>\n\u2022 Bourdalou tart (Sacha Inchi \/ Pear).<br \/>\n\u2022 Frangipane Sacha Inchi (for Galette des rois).<\/p>","protected":false},"excerpt":{"rendered":"<p>This half-half is a mixture 50% Sacha Inchi powder, 50% icing sugar. It replaces almond powder and makes it easy to make succulent macaroons, almond creams, Joconde biscuits, Basque cakes, pie pastry &#8230;<\/p>\n","protected":false},"featured_media":933,"comment_status":"closed","ping_status":"closed","template":"","meta":[],"product_brand":[],"product_cat":[67],"product_tag":[68],"class_list":{"0":"post-932","1":"product","2":"type-product","3":"status-publish","4":"has-post-thumbnail","6":"product_cat-alimentaire","7":"product_tag-poudre","9":"first","10":"instock","11":"shipping-taxable","12":"product-type-simple"},"yoast_head":"<!-- This site is optimized with the Yoast SEO plugin v27.4 - https:\/\/yoast.com\/product\/yoast-seo-wordpress\/ -->\n<title>HALF-HALF Sacha Inchi powder &amp; icing sugar - Sacha Inchi Laos<\/title>\n<meta name=\"robots\" content=\"index, follow, max-snippet:-1, max-image-preview:large, max-video-preview:-1\" \/>\n<link rel=\"canonical\" href=\"https:\/\/sachainchilaos.com\/produit\/half-half-sacha-inchi-powder-icing-sugar\/\" \/>\n<meta property=\"og:locale\" content=\"en_US\" \/>\n<meta property=\"og:type\" content=\"article\" \/>\n<meta property=\"og:title\" content=\"HALF-HALF Sacha Inchi powder &amp; icing sugar - Sacha Inchi Laos\" \/>\n<meta property=\"og:description\" content=\"[:fr]Ce Tant pour Tant est un m\u00e9lange 50% poudre de Sacha Inchi, 50% sucre glace. Il se substitue \u00e0 la poudre d\u2019amande et permet de r\u00e9aliser facilement de succulent macarons, cr\u00e8mes d\u2019amandes, biscuits Joconde, g\u00e2teaux basque, p\u00e2tes \u00e0 tarte\u2026[:en]This half-half is a mixture 50% Sacha Inchi powder, 50% icing sugar. It replaces almond powder and makes it easy to make succulent macaroons, almond creams, Joconde biscuits, Basque cakes, pie pastry ...[:de]Das beides f\u00fcr so viel ist eine Mischung aus 50% Sacha Inchi Pulver, 50% Puderzucker. Es ersetzt Mandelpulver und macht es einfach, saftige Makronen, Mandelcremes, Joconde-Kekse, baskische Kuchen, Kuchenteig ...[:]\" \/>\n<meta property=\"og:url\" content=\"https:\/\/sachainchilaos.com\/produit\/half-half-sacha-inchi-powder-icing-sugar\/\" \/>\n<meta property=\"og:site_name\" content=\"Sacha Inchi Laos\" \/>\n<meta property=\"article:publisher\" content=\"https:\/\/www.facebook.com\/maiSavanhLaoColtd\" \/>\n<meta property=\"article:modified_time\" content=\"2021-05-23T09:06:09+00:00\" \/>\n<meta property=\"og:image\" content=\"https:\/\/sachainchilaos.com\/wp-content\/uploads\/2018\/06\/SI-TantpourTant-Fr.png\" \/>\n\t<meta property=\"og:image:width\" content=\"800\" \/>\n\t<meta property=\"og:image:height\" content=\"800\" \/>\n\t<meta property=\"og:image:type\" content=\"image\/png\" \/>\n<meta name=\"twitter:card\" content=\"summary_large_image\" \/>\n<meta name=\"twitter:label1\" content=\"Est. reading time\" \/>\n\t<meta name=\"twitter:data1\" content=\"1 minute\" \/>\n<script type=\"application\/ld+json\" class=\"yoast-schema-graph\">{\"@context\":\"https:\\\/\\\/schema.org\",\"@graph\":[{\"@type\":\"WebPage\",\"@id\":\"https:\\\/\\\/sachainchilaos.com\\\/produit\\\/half-half-sacha-inchi-powder-icing-sugar\\\/\",\"url\":\"https:\\\/\\\/sachainchilaos.com\\\/produit\\\/half-half-sacha-inchi-powder-icing-sugar\\\/\",\"name\":\"HALF-HALF Sacha Inchi powder & icing sugar - Sacha Inchi Laos\",\"isPartOf\":{\"@id\":\"https:\\\/\\\/sachainchilaos.com\\\/#website\"},\"primaryImageOfPage\":{\"@id\":\"https:\\\/\\\/sachainchilaos.com\\\/produit\\\/half-half-sacha-inchi-powder-icing-sugar\\\/#primaryimage\"},\"image\":{\"@id\":\"https:\\\/\\\/sachainchilaos.com\\\/produit\\\/half-half-sacha-inchi-powder-icing-sugar\\\/#primaryimage\"},\"thumbnailUrl\":\"https:\\\/\\\/sachainchilaos.com\\\/wp-content\\\/uploads\\\/2018\\\/06\\\/SI-TantpourTant-Fr.png\",\"datePublished\":\"2018-06-20T15:18:36+00:00\",\"dateModified\":\"2021-05-23T09:06:09+00:00\",\"breadcrumb\":{\"@id\":\"https:\\\/\\\/sachainchilaos.com\\\/produit\\\/half-half-sacha-inchi-powder-icing-sugar\\\/#breadcrumb\"},\"inLanguage\":\"en-US\",\"potentialAction\":[{\"@type\":\"ReadAction\",\"target\":[\"https:\\\/\\\/sachainchilaos.com\\\/produit\\\/half-half-sacha-inchi-powder-icing-sugar\\\/\"]}]},{\"@type\":\"ImageObject\",\"inLanguage\":\"en-US\",\"@id\":\"https:\\\/\\\/sachainchilaos.com\\\/produit\\\/half-half-sacha-inchi-powder-icing-sugar\\\/#primaryimage\",\"url\":\"https:\\\/\\\/sachainchilaos.com\\\/wp-content\\\/uploads\\\/2018\\\/06\\\/SI-TantpourTant-Fr.png\",\"contentUrl\":\"https:\\\/\\\/sachainchilaos.com\\\/wp-content\\\/uploads\\\/2018\\\/06\\\/SI-TantpourTant-Fr.png\",\"width\":800,\"height\":800},{\"@type\":\"BreadcrumbList\",\"@id\":\"https:\\\/\\\/sachainchilaos.com\\\/produit\\\/half-half-sacha-inchi-powder-icing-sugar\\\/#breadcrumb\",\"itemListElement\":[{\"@type\":\"ListItem\",\"position\":1,\"name\":\"Accueil\",\"item\":\"https:\\\/\\\/sachainchilaos.com\\\/\"},{\"@type\":\"ListItem\",\"position\":2,\"name\":\"Nos Produits au Sacha Inchi\",\"item\":\"https:\\\/\\\/sachainchilaos.com\\\/nos-produits-au-sacha-inchi\\\/\"},{\"@type\":\"ListItem\",\"position\":3,\"name\":\"TANT POUR TANT Poudre de Sacha Inchi &#038; sucre glace\"}]},{\"@type\":\"WebSite\",\"@id\":\"https:\\\/\\\/sachainchilaos.com\\\/#website\",\"url\":\"https:\\\/\\\/sachainchilaos.com\\\/\",\"name\":\"Sacha Inchi Laos\",\"description\":\"A Seed Unusually Rich in Omega 3\",\"publisher\":{\"@id\":\"https:\\\/\\\/sachainchilaos.com\\\/#organization\"},\"potentialAction\":[{\"@type\":\"SearchAction\",\"target\":{\"@type\":\"EntryPoint\",\"urlTemplate\":\"https:\\\/\\\/sachainchilaos.com\\\/?s={search_term_string}\"},\"query-input\":{\"@type\":\"PropertyValueSpecification\",\"valueRequired\":true,\"valueName\":\"search_term_string\"}}],\"inLanguage\":\"en-US\"},{\"@type\":\"Organization\",\"@id\":\"https:\\\/\\\/sachainchilaos.com\\\/#organization\",\"name\":\"Ma\u00ef Savanh Lao\",\"url\":\"https:\\\/\\\/sachainchilaos.com\\\/\",\"logo\":{\"@type\":\"ImageObject\",\"inLanguage\":\"en-US\",\"@id\":\"https:\\\/\\\/sachainchilaos.com\\\/#\\\/schema\\\/logo\\\/image\\\/\",\"url\":\"https:\\\/\\\/sachainchilaos.com\\\/wp-content\\\/uploads\\\/2017\\\/10\\\/MSL_NBweb.png\",\"contentUrl\":\"https:\\\/\\\/sachainchilaos.com\\\/wp-content\\\/uploads\\\/2017\\\/10\\\/MSL_NBweb.png\",\"width\":800,\"height\":447,\"caption\":\"Ma\u00ef Savanh Lao\"},\"image\":{\"@id\":\"https:\\\/\\\/sachainchilaos.com\\\/#\\\/schema\\\/logo\\\/image\\\/\"},\"sameAs\":[\"https:\\\/\\\/www.facebook.com\\\/maiSavanhLaoColtd\"]}]}<\/script>\n<!-- \/ Yoast SEO plugin. -->","yoast_head_json":{"title":"HALF-HALF Sacha Inchi powder & icing sugar - Sacha Inchi Laos","robots":{"index":"index","follow":"follow","max-snippet":"max-snippet:-1","max-image-preview":"max-image-preview:large","max-video-preview":"max-video-preview:-1"},"canonical":"https:\/\/sachainchilaos.com\/produit\/half-half-sacha-inchi-powder-icing-sugar\/","og_locale":"en_US","og_type":"article","og_title":"HALF-HALF Sacha Inchi powder & icing sugar - Sacha Inchi Laos","og_description":"[:fr]Ce Tant pour Tant est un m\u00e9lange 50% poudre de Sacha Inchi, 50% sucre glace. Il se substitue \u00e0 la poudre d\u2019amande et permet de r\u00e9aliser facilement de succulent macarons, cr\u00e8mes d\u2019amandes, biscuits Joconde, g\u00e2teaux basque, p\u00e2tes \u00e0 tarte\u2026[:en]This half-half is a mixture 50% Sacha Inchi powder, 50% icing sugar. It replaces almond powder and makes it easy to make succulent macaroons, almond creams, Joconde biscuits, Basque cakes, pie pastry ...[:de]Das beides f\u00fcr so viel ist eine Mischung aus 50% Sacha Inchi Pulver, 50% Puderzucker. Es ersetzt Mandelpulver und macht es einfach, saftige Makronen, Mandelcremes, Joconde-Kekse, baskische Kuchen, Kuchenteig ...[:]","og_url":"https:\/\/sachainchilaos.com\/produit\/half-half-sacha-inchi-powder-icing-sugar\/","og_site_name":"Sacha Inchi Laos","article_publisher":"https:\/\/www.facebook.com\/maiSavanhLaoColtd","article_modified_time":"2021-05-23T09:06:09+00:00","og_image":[{"width":800,"height":800,"url":"https:\/\/sachainchilaos.com\/wp-content\/uploads\/2018\/06\/SI-TantpourTant-Fr.png","type":"image\/png"}],"twitter_card":"summary_large_image","twitter_misc":{"Est. reading time":"1 minute"},"schema":{"@context":"https:\/\/schema.org","@graph":[{"@type":"WebPage","@id":"https:\/\/sachainchilaos.com\/produit\/half-half-sacha-inchi-powder-icing-sugar\/","url":"https:\/\/sachainchilaos.com\/produit\/half-half-sacha-inchi-powder-icing-sugar\/","name":"HALF-HALF Sacha Inchi powder & icing sugar - Sacha Inchi Laos","isPartOf":{"@id":"https:\/\/sachainchilaos.com\/#website"},"primaryImageOfPage":{"@id":"https:\/\/sachainchilaos.com\/produit\/half-half-sacha-inchi-powder-icing-sugar\/#primaryimage"},"image":{"@id":"https:\/\/sachainchilaos.com\/produit\/half-half-sacha-inchi-powder-icing-sugar\/#primaryimage"},"thumbnailUrl":"https:\/\/sachainchilaos.com\/wp-content\/uploads\/2018\/06\/SI-TantpourTant-Fr.png","datePublished":"2018-06-20T15:18:36+00:00","dateModified":"2021-05-23T09:06:09+00:00","breadcrumb":{"@id":"https:\/\/sachainchilaos.com\/produit\/half-half-sacha-inchi-powder-icing-sugar\/#breadcrumb"},"inLanguage":"en-US","potentialAction":[{"@type":"ReadAction","target":["https:\/\/sachainchilaos.com\/produit\/half-half-sacha-inchi-powder-icing-sugar\/"]}]},{"@type":"ImageObject","inLanguage":"en-US","@id":"https:\/\/sachainchilaos.com\/produit\/half-half-sacha-inchi-powder-icing-sugar\/#primaryimage","url":"https:\/\/sachainchilaos.com\/wp-content\/uploads\/2018\/06\/SI-TantpourTant-Fr.png","contentUrl":"https:\/\/sachainchilaos.com\/wp-content\/uploads\/2018\/06\/SI-TantpourTant-Fr.png","width":800,"height":800},{"@type":"BreadcrumbList","@id":"https:\/\/sachainchilaos.com\/produit\/half-half-sacha-inchi-powder-icing-sugar\/#breadcrumb","itemListElement":[{"@type":"ListItem","position":1,"name":"Accueil","item":"https:\/\/sachainchilaos.com\/"},{"@type":"ListItem","position":2,"name":"Nos Produits au Sacha Inchi","item":"https:\/\/sachainchilaos.com\/nos-produits-au-sacha-inchi\/"},{"@type":"ListItem","position":3,"name":"TANT POUR TANT Poudre de Sacha Inchi &#038; sucre glace"}]},{"@type":"WebSite","@id":"https:\/\/sachainchilaos.com\/#website","url":"https:\/\/sachainchilaos.com\/","name":"Sacha Inchi Laos","description":"A Seed Unusually Rich in Omega 3","publisher":{"@id":"https:\/\/sachainchilaos.com\/#organization"},"potentialAction":[{"@type":"SearchAction","target":{"@type":"EntryPoint","urlTemplate":"https:\/\/sachainchilaos.com\/?s={search_term_string}"},"query-input":{"@type":"PropertyValueSpecification","valueRequired":true,"valueName":"search_term_string"}}],"inLanguage":"en-US"},{"@type":"Organization","@id":"https:\/\/sachainchilaos.com\/#organization","name":"Ma\u00ef Savanh Lao","url":"https:\/\/sachainchilaos.com\/","logo":{"@type":"ImageObject","inLanguage":"en-US","@id":"https:\/\/sachainchilaos.com\/#\/schema\/logo\/image\/","url":"https:\/\/sachainchilaos.com\/wp-content\/uploads\/2017\/10\/MSL_NBweb.png","contentUrl":"https:\/\/sachainchilaos.com\/wp-content\/uploads\/2017\/10\/MSL_NBweb.png","width":800,"height":447,"caption":"Ma\u00ef Savanh Lao"},"image":{"@id":"https:\/\/sachainchilaos.com\/#\/schema\/logo\/image\/"},"sameAs":["https:\/\/www.facebook.com\/maiSavanhLaoColtd"]}]}},"_links":{"self":[{"href":"https:\/\/sachainchilaos.com\/en\/wp-json\/wp\/v2\/product\/932","targetHints":{"allow":["GET"]}}],"collection":[{"href":"https:\/\/sachainchilaos.com\/en\/wp-json\/wp\/v2\/product"}],"about":[{"href":"https:\/\/sachainchilaos.com\/en\/wp-json\/wp\/v2\/types\/product"}],"replies":[{"embeddable":true,"href":"https:\/\/sachainchilaos.com\/en\/wp-json\/wp\/v2\/comments?post=932"}],"version-history":[{"count":1,"href":"https:\/\/sachainchilaos.com\/en\/wp-json\/wp\/v2\/product\/932\/revisions"}],"predecessor-version":[{"id":13056,"href":"https:\/\/sachainchilaos.com\/en\/wp-json\/wp\/v2\/product\/932\/revisions\/13056"}],"wp:featuredmedia":[{"embeddable":true,"href":"https:\/\/sachainchilaos.com\/en\/wp-json\/wp\/v2\/media\/933"}],"wp:attachment":[{"href":"https:\/\/sachainchilaos.com\/en\/wp-json\/wp\/v2\/media?parent=932"}],"wp:term":[{"taxonomy":"product_brand","embeddable":true,"href":"https:\/\/sachainchilaos.com\/en\/wp-json\/wp\/v2\/product_brand?post=932"},{"taxonomy":"product_cat","embeddable":true,"href":"https:\/\/sachainchilaos.com\/en\/wp-json\/wp\/v2\/product_cat?post=932"},{"taxonomy":"product_tag","embeddable":true,"href":"https:\/\/sachainchilaos.com\/en\/wp-json\/wp\/v2\/product_tag?post=932"}],"curies":[{"name":"wp","href":"https:\/\/api.w.org\/{rel}","templated":true}]}}