{"id":1037,"date":"2018-08-02T09:55:55","date_gmt":"2018-08-02T07:55:55","guid":{"rendered":"http:\/\/sachainchilaos.com\/?post_type=product&#038;p=1037"},"modified":"2021-05-23T11:06:06","modified_gmt":"2021-05-23T09:06:06","slug":"skin-and-hair-sacha-inchi-oil","status":"publish","type":"product","link":"https:\/\/sachainchilaos.com\/en\/produit\/skin-and-hair-sacha-inchi-oil\/","title":{"rendered":"SKIN AND HAIR SACHA INCHI OIL"},"content":{"rendered":"<p>Sacha Inchi Oil is the result of the cold pressing of shelled raw Sacha Inchi seeds. It is a vegetable oil with a very high content of Omega 3, 6, and 9 (up to 92%). No additives or preservatives are used. It also contains vitamin A and E.<\/p>\n<p><b><u>USES:<\/u><\/b><br \/>\n\u2022 For all types of skin, as often as desired.<br \/>\n\u2022 To nourish all types of hair.<br \/>\n\u2022 To strengthen nails and soften cuticles.<\/p>","protected":false},"excerpt":{"rendered":"<p>Sacha Inchi Oil is 100% natural. It helps fighting the aging of the skin, nourishes and moisturizes skin and hair, as well as strengthens nails. Anti-inflammatory, helps soothe rashes, irritation and reduce acne.<\/p>\n","protected":false},"featured_media":1038,"comment_status":"closed","ping_status":"closed","template":"","meta":[],"product_brand":[],"product_cat":[60],"product_tag":[192,80],"class_list":{"0":"post-1037","1":"product","2":"type-product","3":"status-publish","4":"has-post-thumbnail","6":"product_cat-cosmetique","7":"product_tag-cosmetique","8":"product_tag-huile","10":"first","11":"instock","12":"shipping-taxable","13":"product-type-simple"},"yoast_head":"<!-- This site is optimized with the Yoast SEO plugin v27.4 - https:\/\/yoast.com\/product\/yoast-seo-wordpress\/ -->\n<title>SKIN AND HAIR SACHA INCHI OIL - Sacha Inchi Laos<\/title>\n<meta name=\"robots\" content=\"index, follow, max-snippet:-1, max-image-preview:large, max-video-preview:-1\" \/>\n<link rel=\"canonical\" href=\"https:\/\/sachainchilaos.com\/produit\/skin-and-hair-sacha-inchi-oil\/\" \/>\n<meta property=\"og:locale\" content=\"en_US\" \/>\n<meta property=\"og:type\" content=\"article\" \/>\n<meta property=\"og:title\" content=\"SKIN AND HAIR SACHA INCHI OIL - Sacha Inchi Laos\" \/>\n<meta property=\"og:description\" content=\"[:fr]L&#039;huile cosm\u00e9tique de Sacha Inchi est 100% naturelle. elle aide \u00e0 combattre le vieillissement de la peau, nourrit et hydrate la peau et les cheveux, et renforce les ongles. Anti-inflammatoire, aide \u00e0 apaiser les \u00e9ruptions cutan\u00e9es, les irritations et \u00e0 r\u00e9duire l&#039;acn\u00e9.[:en]Sacha Inchi Oil is 100% natural. It helps fighting the aging of the skin, nourishes and moisturizes skin and hair, as well as strengthens nails. Anti-inflammatory, helps soothe rashes, irritation and reduce acne.[:de]Das Kosmetik\u00f6l von Sacha Inchi ist 100% nat\u00fcrlich. es bek\u00e4mpft die Hautalterung, n\u00e4hrt und befeuchtet Haut und Haar und st\u00e4rkt die N\u00e4gel. Entz\u00fcndungshemmend, hilft Hautausschl\u00e4ge, Irritationen zu lindern und Akne zu reduzieren.[:]\" \/>\n<meta property=\"og:url\" content=\"https:\/\/sachainchilaos.com\/produit\/skin-and-hair-sacha-inchi-oil\/\" \/>\n<meta property=\"og:site_name\" content=\"Sacha Inchi Laos\" \/>\n<meta property=\"article:publisher\" content=\"https:\/\/www.facebook.com\/maiSavanhLaoColtd\" \/>\n<meta property=\"article:modified_time\" content=\"2021-05-23T09:06:06+00:00\" \/>\n<meta property=\"og:image\" content=\"https:\/\/sachainchilaos.com\/wp-content\/uploads\/2018\/08\/SI-HuileCos-Fr.png\" \/>\n\t<meta property=\"og:image:width\" content=\"800\" \/>\n\t<meta property=\"og:image:height\" content=\"800\" \/>\n\t<meta property=\"og:image:type\" content=\"image\/png\" \/>\n<meta name=\"twitter:card\" content=\"summary_large_image\" \/>\n<meta name=\"twitter:label1\" content=\"Est. reading time\" \/>\n\t<meta name=\"twitter:data1\" content=\"1 minute\" \/>\n<script type=\"application\/ld+json\" class=\"yoast-schema-graph\">{\"@context\":\"https:\\\/\\\/schema.org\",\"@graph\":[{\"@type\":\"WebPage\",\"@id\":\"https:\\\/\\\/sachainchilaos.com\\\/produit\\\/skin-and-hair-sacha-inchi-oil\\\/\",\"url\":\"https:\\\/\\\/sachainchilaos.com\\\/produit\\\/skin-and-hair-sacha-inchi-oil\\\/\",\"name\":\"SKIN AND HAIR SACHA INCHI OIL - Sacha Inchi Laos\",\"isPartOf\":{\"@id\":\"https:\\\/\\\/sachainchilaos.com\\\/#website\"},\"primaryImageOfPage\":{\"@id\":\"https:\\\/\\\/sachainchilaos.com\\\/produit\\\/skin-and-hair-sacha-inchi-oil\\\/#primaryimage\"},\"image\":{\"@id\":\"https:\\\/\\\/sachainchilaos.com\\\/produit\\\/skin-and-hair-sacha-inchi-oil\\\/#primaryimage\"},\"thumbnailUrl\":\"https:\\\/\\\/sachainchilaos.com\\\/wp-content\\\/uploads\\\/2018\\\/08\\\/SI-HuileCos-Fr.png\",\"datePublished\":\"2018-08-02T07:55:55+00:00\",\"dateModified\":\"2021-05-23T09:06:06+00:00\",\"breadcrumb\":{\"@id\":\"https:\\\/\\\/sachainchilaos.com\\\/produit\\\/skin-and-hair-sacha-inchi-oil\\\/#breadcrumb\"},\"inLanguage\":\"en-US\",\"potentialAction\":[{\"@type\":\"ReadAction\",\"target\":[\"https:\\\/\\\/sachainchilaos.com\\\/produit\\\/skin-and-hair-sacha-inchi-oil\\\/\"]}]},{\"@type\":\"ImageObject\",\"inLanguage\":\"en-US\",\"@id\":\"https:\\\/\\\/sachainchilaos.com\\\/produit\\\/skin-and-hair-sacha-inchi-oil\\\/#primaryimage\",\"url\":\"https:\\\/\\\/sachainchilaos.com\\\/wp-content\\\/uploads\\\/2018\\\/08\\\/SI-HuileCos-Fr.png\",\"contentUrl\":\"https:\\\/\\\/sachainchilaos.com\\\/wp-content\\\/uploads\\\/2018\\\/08\\\/SI-HuileCos-Fr.png\",\"width\":800,\"height\":800,\"caption\":\"SKIN AND HAIR SACHA INCHI OIL\"},{\"@type\":\"BreadcrumbList\",\"@id\":\"https:\\\/\\\/sachainchilaos.com\\\/produit\\\/skin-and-hair-sacha-inchi-oil\\\/#breadcrumb\",\"itemListElement\":[{\"@type\":\"ListItem\",\"position\":1,\"name\":\"Accueil\",\"item\":\"https:\\\/\\\/sachainchilaos.com\\\/\"},{\"@type\":\"ListItem\",\"position\":2,\"name\":\"Nos Produits au Sacha Inchi\",\"item\":\"https:\\\/\\\/sachainchilaos.com\\\/nos-produits-au-sacha-inchi\\\/\"},{\"@type\":\"ListItem\",\"position\":3,\"name\":\"HUILE COSM\u00c9TIQUE DE SACHA INCHI &#8211; Pour Peau et Cheveux\"}]},{\"@type\":\"WebSite\",\"@id\":\"https:\\\/\\\/sachainchilaos.com\\\/#website\",\"url\":\"https:\\\/\\\/sachainchilaos.com\\\/\",\"name\":\"Sacha Inchi Laos\",\"description\":\"A Seed Unusually Rich in Omega 3\",\"publisher\":{\"@id\":\"https:\\\/\\\/sachainchilaos.com\\\/#organization\"},\"potentialAction\":[{\"@type\":\"SearchAction\",\"target\":{\"@type\":\"EntryPoint\",\"urlTemplate\":\"https:\\\/\\\/sachainchilaos.com\\\/?s={search_term_string}\"},\"query-input\":{\"@type\":\"PropertyValueSpecification\",\"valueRequired\":true,\"valueName\":\"search_term_string\"}}],\"inLanguage\":\"en-US\"},{\"@type\":\"Organization\",\"@id\":\"https:\\\/\\\/sachainchilaos.com\\\/#organization\",\"name\":\"Ma\u00ef Savanh Lao\",\"url\":\"https:\\\/\\\/sachainchilaos.com\\\/\",\"logo\":{\"@type\":\"ImageObject\",\"inLanguage\":\"en-US\",\"@id\":\"https:\\\/\\\/sachainchilaos.com\\\/#\\\/schema\\\/logo\\\/image\\\/\",\"url\":\"https:\\\/\\\/sachainchilaos.com\\\/wp-content\\\/uploads\\\/2017\\\/10\\\/MSL_NBweb.png\",\"contentUrl\":\"https:\\\/\\\/sachainchilaos.com\\\/wp-content\\\/uploads\\\/2017\\\/10\\\/MSL_NBweb.png\",\"width\":800,\"height\":447,\"caption\":\"Ma\u00ef Savanh Lao\"},\"image\":{\"@id\":\"https:\\\/\\\/sachainchilaos.com\\\/#\\\/schema\\\/logo\\\/image\\\/\"},\"sameAs\":[\"https:\\\/\\\/www.facebook.com\\\/maiSavanhLaoColtd\"]}]}<\/script>\n<!-- \/ Yoast SEO plugin. -->","yoast_head_json":{"title":"SKIN AND HAIR SACHA INCHI OIL - Sacha Inchi Laos","robots":{"index":"index","follow":"follow","max-snippet":"max-snippet:-1","max-image-preview":"max-image-preview:large","max-video-preview":"max-video-preview:-1"},"canonical":"https:\/\/sachainchilaos.com\/produit\/skin-and-hair-sacha-inchi-oil\/","og_locale":"en_US","og_type":"article","og_title":"SKIN AND HAIR SACHA INCHI OIL - Sacha Inchi Laos","og_description":"[:fr]L'huile cosm\u00e9tique de Sacha Inchi est 100% naturelle. elle aide \u00e0 combattre le vieillissement de la peau, nourrit et hydrate la peau et les cheveux, et renforce les ongles. Anti-inflammatoire, aide \u00e0 apaiser les \u00e9ruptions cutan\u00e9es, les irritations et \u00e0 r\u00e9duire l'acn\u00e9.[:en]Sacha Inchi Oil is 100% natural. It helps fighting the aging of the skin, nourishes and moisturizes skin and hair, as well as strengthens nails. Anti-inflammatory, helps soothe rashes, irritation and reduce acne.[:de]Das Kosmetik\u00f6l von Sacha Inchi ist 100% nat\u00fcrlich. es bek\u00e4mpft die Hautalterung, n\u00e4hrt und befeuchtet Haut und Haar und st\u00e4rkt die N\u00e4gel. Entz\u00fcndungshemmend, hilft Hautausschl\u00e4ge, Irritationen zu lindern und Akne zu reduzieren.[:]","og_url":"https:\/\/sachainchilaos.com\/produit\/skin-and-hair-sacha-inchi-oil\/","og_site_name":"Sacha Inchi Laos","article_publisher":"https:\/\/www.facebook.com\/maiSavanhLaoColtd","article_modified_time":"2021-05-23T09:06:06+00:00","og_image":[{"width":800,"height":800,"url":"https:\/\/sachainchilaos.com\/wp-content\/uploads\/2018\/08\/SI-HuileCos-Fr.png","type":"image\/png"}],"twitter_card":"summary_large_image","twitter_misc":{"Est. reading time":"1 minute"},"schema":{"@context":"https:\/\/schema.org","@graph":[{"@type":"WebPage","@id":"https:\/\/sachainchilaos.com\/produit\/skin-and-hair-sacha-inchi-oil\/","url":"https:\/\/sachainchilaos.com\/produit\/skin-and-hair-sacha-inchi-oil\/","name":"SKIN AND HAIR SACHA INCHI OIL - Sacha Inchi Laos","isPartOf":{"@id":"https:\/\/sachainchilaos.com\/#website"},"primaryImageOfPage":{"@id":"https:\/\/sachainchilaos.com\/produit\/skin-and-hair-sacha-inchi-oil\/#primaryimage"},"image":{"@id":"https:\/\/sachainchilaos.com\/produit\/skin-and-hair-sacha-inchi-oil\/#primaryimage"},"thumbnailUrl":"https:\/\/sachainchilaos.com\/wp-content\/uploads\/2018\/08\/SI-HuileCos-Fr.png","datePublished":"2018-08-02T07:55:55+00:00","dateModified":"2021-05-23T09:06:06+00:00","breadcrumb":{"@id":"https:\/\/sachainchilaos.com\/produit\/skin-and-hair-sacha-inchi-oil\/#breadcrumb"},"inLanguage":"en-US","potentialAction":[{"@type":"ReadAction","target":["https:\/\/sachainchilaos.com\/produit\/skin-and-hair-sacha-inchi-oil\/"]}]},{"@type":"ImageObject","inLanguage":"en-US","@id":"https:\/\/sachainchilaos.com\/produit\/skin-and-hair-sacha-inchi-oil\/#primaryimage","url":"https:\/\/sachainchilaos.com\/wp-content\/uploads\/2018\/08\/SI-HuileCos-Fr.png","contentUrl":"https:\/\/sachainchilaos.com\/wp-content\/uploads\/2018\/08\/SI-HuileCos-Fr.png","width":800,"height":800,"caption":"SKIN AND HAIR SACHA INCHI OIL"},{"@type":"BreadcrumbList","@id":"https:\/\/sachainchilaos.com\/produit\/skin-and-hair-sacha-inchi-oil\/#breadcrumb","itemListElement":[{"@type":"ListItem","position":1,"name":"Accueil","item":"https:\/\/sachainchilaos.com\/"},{"@type":"ListItem","position":2,"name":"Nos Produits au Sacha Inchi","item":"https:\/\/sachainchilaos.com\/nos-produits-au-sacha-inchi\/"},{"@type":"ListItem","position":3,"name":"HUILE COSM\u00c9TIQUE DE SACHA INCHI &#8211; Pour Peau et Cheveux"}]},{"@type":"WebSite","@id":"https:\/\/sachainchilaos.com\/#website","url":"https:\/\/sachainchilaos.com\/","name":"Sacha Inchi Laos","description":"A Seed Unusually Rich in Omega 3","publisher":{"@id":"https:\/\/sachainchilaos.com\/#organization"},"potentialAction":[{"@type":"SearchAction","target":{"@type":"EntryPoint","urlTemplate":"https:\/\/sachainchilaos.com\/?s={search_term_string}"},"query-input":{"@type":"PropertyValueSpecification","valueRequired":true,"valueName":"search_term_string"}}],"inLanguage":"en-US"},{"@type":"Organization","@id":"https:\/\/sachainchilaos.com\/#organization","name":"Ma\u00ef Savanh Lao","url":"https:\/\/sachainchilaos.com\/","logo":{"@type":"ImageObject","inLanguage":"en-US","@id":"https:\/\/sachainchilaos.com\/#\/schema\/logo\/image\/","url":"https:\/\/sachainchilaos.com\/wp-content\/uploads\/2017\/10\/MSL_NBweb.png","contentUrl":"https:\/\/sachainchilaos.com\/wp-content\/uploads\/2017\/10\/MSL_NBweb.png","width":800,"height":447,"caption":"Ma\u00ef Savanh Lao"},"image":{"@id":"https:\/\/sachainchilaos.com\/#\/schema\/logo\/image\/"},"sameAs":["https:\/\/www.facebook.com\/maiSavanhLaoColtd"]}]}},"_links":{"self":[{"href":"https:\/\/sachainchilaos.com\/en\/wp-json\/wp\/v2\/product\/1037","targetHints":{"allow":["GET"]}}],"collection":[{"href":"https:\/\/sachainchilaos.com\/en\/wp-json\/wp\/v2\/product"}],"about":[{"href":"https:\/\/sachainchilaos.com\/en\/wp-json\/wp\/v2\/types\/product"}],"replies":[{"embeddable":true,"href":"https:\/\/sachainchilaos.com\/en\/wp-json\/wp\/v2\/comments?post=1037"}],"version-history":[{"count":1,"href":"https:\/\/sachainchilaos.com\/en\/wp-json\/wp\/v2\/product\/1037\/revisions"}],"predecessor-version":[{"id":13049,"href":"https:\/\/sachainchilaos.com\/en\/wp-json\/wp\/v2\/product\/1037\/revisions\/13049"}],"wp:featuredmedia":[{"embeddable":true,"href":"https:\/\/sachainchilaos.com\/en\/wp-json\/wp\/v2\/media\/1038"}],"wp:attachment":[{"href":"https:\/\/sachainchilaos.com\/en\/wp-json\/wp\/v2\/media?parent=1037"}],"wp:term":[{"taxonomy":"product_brand","embeddable":true,"href":"https:\/\/sachainchilaos.com\/en\/wp-json\/wp\/v2\/product_brand?post=1037"},{"taxonomy":"product_cat","embeddable":true,"href":"https:\/\/sachainchilaos.com\/en\/wp-json\/wp\/v2\/product_cat?post=1037"},{"taxonomy":"product_tag","embeddable":true,"href":"https:\/\/sachainchilaos.com\/en\/wp-json\/wp\/v2\/product_tag?post=1037"}],"curies":[{"name":"wp","href":"https:\/\/api.w.org\/{rel}","templated":true}]}}