{"id":1023,"date":"2018-08-01T10:16:39","date_gmt":"2018-08-01T08:16:39","guid":{"rendered":"http:\/\/sachainchilaos.com\/?post_type=product&#038;p=1023"},"modified":"2021-05-23T11:14:01","modified_gmt":"2021-05-23T09:14:01","slug":"sacha-inchi-praline","status":"publish","type":"product","link":"https:\/\/sachainchilaos.com\/en\/produit\/sacha-inchi-praline\/","title":{"rendered":"SACHA INCHI PRALINE 250g"},"content":{"rendered":"<p>Preparation of caramelized Sacha Inchi paste, ready to use. Smooth, creamy and grain free, it easily adapts to any type of recipe.<\/p>\n<p><b><u>USES:<\/u><\/b><br \/>\n\u2022 Opera revisited: praline butter cream \/ dark chocolate ganache.<br \/>\n\u2022 Paris Brest: Light Sacha Inchi praline cream, hazelnut, praline insert, and Sacha Inchi seed flakes.<br \/>\n\u2022 Mille-feuille praline cream leaf, red fruits marmalade.<br \/>\n\u2022 Bavarian \/ desserts: praline mousse, red fruits.<\/p>","protected":false},"excerpt":{"rendered":"<p><span id=\"result_box\" class=\"\" lang=\"en\" tabindex=\"-1\">Sacha Inchi praline contains essential fatty acids. No palm oil added. Non-GMO. Processed in a gluten and peanut-free facility.<\/span><\/p>\n<div id=\"accordions-1027\" class=\"accordions-1027 accordions\" data-accordions={&quot;lazyLoad&quot;:false,&quot;id&quot;:&quot;1027&quot;,&quot;event&quot;:&quot;click&quot;,&quot;collapsible&quot;:&quot;true&quot;,&quot;heightStyle&quot;:&quot;content&quot;,&quot;animateStyle&quot;:&quot;swing&quot;,&quot;animateDelay&quot;:1000,&quot;navigation&quot;:true,&quot;active&quot;:999,&quot;expandedOther&quot;:&quot;no&quot;}>\r\n                <div class=\"items\" >\r\n    \r\n            <div post_id=\"1027\" itemcount=\"0\"  header_id=\"header-0\" id=\"header-0\" style=\"\" class=\"accordions-head head0 border-none\" toggle-text=\"\" main-text=\"NUTRITIONAL VALUES FOR 100g\">\r\n                                    <span id=\"accordion-icons-0\" class=\"accordion-icons\">\r\n                        <span class=\"accordion-icon-active accordion-plus\"><i class=\"fa fa-chevron-up\"><\/i><\/span>\r\n                        <span class=\"accordion-icon-inactive accordion-minus\"><i class=\"fa fa-chevron-down\"><\/i><\/span>\r\n                    <\/span>\r\n                    <span id=\"header-text-0\" class=\"accordions-head-title\">NUTRITIONAL VALUES FOR 100g<\/span>\r\n                            <\/div>\r\n            <div class=\"accordion-content content0 \">\r\n                <div class=\"table-responsive\">\n<table>\n<thead><\/thead>\n<tbody>\n<tr>\n<td><strong>Energy<\/strong><\/td>\n<td style=\"text-align: center;\">1694 kJ \/ 405 kcal<\/td>\n<td style=\"text-align: center;\">% RDI*<\/td>\n<\/tr>\n<tr>\n<td><strong>Fat of which:<\/strong><\/td>\n<td style=\"text-align: center;\">27,00 g<\/td>\n<td style=\"text-align: center;\">39%<\/td>\n<\/tr>\n<tr>\n<td>Saturated fatty acids<\/td>\n<td style=\"text-align: center;\">2,10 g<\/td>\n<td style=\"text-align: center;\">10%<\/td>\n<\/tr>\n<tr>\n<td><strong>Unsatured fatty acids<br \/>\n<\/strong><\/td>\n<td style=\"text-align: center;\"><\/td>\n<td><\/td>\n<\/tr>\n<tr>\n<td>Omega 3<\/td>\n<td style=\"text-align: center;\">12,00 g<\/td>\n<td><\/td>\n<\/tr>\n<tr>\n<td>Omega 6<\/td>\n<td style=\"text-align: center;\"><\/td>\n<td><\/td>\n<\/tr>\n<tr>\n<td><strong>Monounsatured fatty acids<\/strong><\/td>\n<td style=\"text-align: center;\"><\/td>\n<td><\/td>\n<\/tr>\n<tr>\n<td><strong>Carbohydrate<\/strong><\/td>\n<td style=\"text-align: center;\">49,00 g<\/td>\n<td style=\"text-align: center;\">19%<\/td>\n<\/tr>\n<tr>\n<td>Sugars<\/td>\n<td style=\"text-align: center;\">32,00 g<\/td>\n<td style=\"text-align: center;\">36%<\/td>\n<\/tr>\n<tr>\n<td><strong>Proteins<\/strong><\/td>\n<td style=\"text-align: center;\">21,00 g<\/td>\n<td style=\"text-align: center;\">42%<\/td>\n<\/tr>\n<tr>\n<td><strong>Salt<\/strong><\/td>\n<td style=\"text-align: center;\">0,89 g<\/td>\n<td style=\"text-align: center;\">6%<\/td>\n<\/tr>\n<tr>\n<td><strong>Calcium<\/strong><\/td>\n<td style=\"text-align: center;\">0,96 g<\/td>\n<td style=\"text-align: center;\">121%<\/td>\n<\/tr>\n<\/tbody>\n<\/table>\n<p>* <span id=\"result_box\" class=\"\" lang=\"en\" tabindex=\"-1\"><span class=\"\">% of Daily Calorie Requirements (2000 calories per day)<\/span><\/span><\/p>\n<\/div>\n            <\/div>\r\n    <\/div>\r\n\r\n\r\n\r\n            <\/div>\n","protected":false},"featured_media":1024,"comment_status":"closed","ping_status":"closed","template":"","meta":[],"product_brand":[],"product_cat":[67],"product_tag":[198,159],"class_list":{"0":"post-1023","1":"product","2":"type-product","3":"status-publish","4":"has-post-thumbnail","6":"product_cat-alimentaire","7":"product_tag-pate-a-tartiner","8":"product_tag-praline","10":"first","11":"instock","12":"shipping-taxable","13":"product-type-simple"},"yoast_head":"<!-- This site is optimized with the Yoast SEO plugin v27.3 - https:\/\/yoast.com\/product\/yoast-seo-wordpress\/ -->\n<title>SACHA INCHI PRALINE 250g - Sacha Inchi Laos<\/title>\n<meta name=\"robots\" content=\"index, follow, max-snippet:-1, max-image-preview:large, max-video-preview:-1\" \/>\n<link rel=\"canonical\" href=\"https:\/\/sachainchilaos.com\/produit\/sacha-inchi-praline\/\" \/>\n<meta property=\"og:locale\" content=\"en_US\" \/>\n<meta property=\"og:type\" content=\"article\" \/>\n<meta property=\"og:title\" content=\"SACHA INCHI PRALINE 250g - Sacha Inchi Laos\" \/>\n<meta property=\"og:description\" content=\"[:fr]Le pralin\u00e9 de Sacha Inchi contient des acides gras essentiels. Aucune huile de palme ajout\u00e9e. Non-OGM. Transform\u00e9 dans un \u00e9tablissement sans gluten et sans arachides.  [:en]Sacha Inchi praline contains essential fatty acids. No palm oil added. Non-GMO. Processed in a gluten and peanut-free facility.  [:de]Die Praline von Sacha Inchi enth\u00e4lt essentielle Fetts\u00e4uren. Kein Palm\u00f6l hinzugef\u00fcgt. Non-GMO. Verwandelt in eine glutenfreie und erdnussfreie Einrichtung.  [:]\" \/>\n<meta property=\"og:url\" content=\"https:\/\/sachainchilaos.com\/produit\/sacha-inchi-praline\/\" \/>\n<meta property=\"og:site_name\" content=\"Sacha Inchi Laos\" \/>\n<meta property=\"article:publisher\" content=\"https:\/\/www.facebook.com\/maiSavanhLaoColtd\" \/>\n<meta property=\"article:modified_time\" content=\"2021-05-23T09:14:01+00:00\" \/>\n<meta property=\"og:image\" content=\"https:\/\/sachainchilaos.com\/wp-content\/uploads\/2018\/08\/SI-Praline-Fr.png\" \/>\n\t<meta property=\"og:image:width\" content=\"800\" \/>\n\t<meta property=\"og:image:height\" content=\"800\" \/>\n\t<meta property=\"og:image:type\" content=\"image\/png\" \/>\n<meta name=\"twitter:card\" content=\"summary_large_image\" \/>\n<meta name=\"twitter:label1\" content=\"Est. reading time\" \/>\n\t<meta name=\"twitter:data1\" content=\"1 minute\" \/>\n<script type=\"application\/ld+json\" class=\"yoast-schema-graph\">{\"@context\":\"https:\\\/\\\/schema.org\",\"@graph\":[{\"@type\":\"WebPage\",\"@id\":\"https:\\\/\\\/sachainchilaos.com\\\/produit\\\/sacha-inchi-praline\\\/\",\"url\":\"https:\\\/\\\/sachainchilaos.com\\\/produit\\\/sacha-inchi-praline\\\/\",\"name\":\"SACHA INCHI PRALINE 250g - Sacha Inchi Laos\",\"isPartOf\":{\"@id\":\"https:\\\/\\\/sachainchilaos.com\\\/#website\"},\"primaryImageOfPage\":{\"@id\":\"https:\\\/\\\/sachainchilaos.com\\\/produit\\\/sacha-inchi-praline\\\/#primaryimage\"},\"image\":{\"@id\":\"https:\\\/\\\/sachainchilaos.com\\\/produit\\\/sacha-inchi-praline\\\/#primaryimage\"},\"thumbnailUrl\":\"https:\\\/\\\/sachainchilaos.com\\\/wp-content\\\/uploads\\\/2018\\\/08\\\/SI-Praline-Fr.png\",\"datePublished\":\"2018-08-01T08:16:39+00:00\",\"dateModified\":\"2021-05-23T09:14:01+00:00\",\"breadcrumb\":{\"@id\":\"https:\\\/\\\/sachainchilaos.com\\\/produit\\\/sacha-inchi-praline\\\/#breadcrumb\"},\"inLanguage\":\"en-US\",\"potentialAction\":[{\"@type\":\"ReadAction\",\"target\":[\"https:\\\/\\\/sachainchilaos.com\\\/produit\\\/sacha-inchi-praline\\\/\"]}]},{\"@type\":\"ImageObject\",\"inLanguage\":\"en-US\",\"@id\":\"https:\\\/\\\/sachainchilaos.com\\\/produit\\\/sacha-inchi-praline\\\/#primaryimage\",\"url\":\"https:\\\/\\\/sachainchilaos.com\\\/wp-content\\\/uploads\\\/2018\\\/08\\\/SI-Praline-Fr.png\",\"contentUrl\":\"https:\\\/\\\/sachainchilaos.com\\\/wp-content\\\/uploads\\\/2018\\\/08\\\/SI-Praline-Fr.png\",\"width\":800,\"height\":800,\"caption\":\"SACHA INCHI PRALINE\"},{\"@type\":\"BreadcrumbList\",\"@id\":\"https:\\\/\\\/sachainchilaos.com\\\/produit\\\/sacha-inchi-praline\\\/#breadcrumb\",\"itemListElement\":[{\"@type\":\"ListItem\",\"position\":1,\"name\":\"Accueil\",\"item\":\"https:\\\/\\\/sachainchilaos.com\\\/\"},{\"@type\":\"ListItem\",\"position\":2,\"name\":\"Nos Produits au Sacha Inchi\",\"item\":\"https:\\\/\\\/sachainchilaos.com\\\/nos-produits-au-sacha-inchi\\\/\"},{\"@type\":\"ListItem\",\"position\":3,\"name\":\"PRALIN\u00c9 SACHA INCHI 250g\"}]},{\"@type\":\"WebSite\",\"@id\":\"https:\\\/\\\/sachainchilaos.com\\\/#website\",\"url\":\"https:\\\/\\\/sachainchilaos.com\\\/\",\"name\":\"Sacha Inchi Laos\",\"description\":\"A Seed Unusually Rich in Omega 3\",\"publisher\":{\"@id\":\"https:\\\/\\\/sachainchilaos.com\\\/#organization\"},\"potentialAction\":[{\"@type\":\"SearchAction\",\"target\":{\"@type\":\"EntryPoint\",\"urlTemplate\":\"https:\\\/\\\/sachainchilaos.com\\\/?s={search_term_string}\"},\"query-input\":{\"@type\":\"PropertyValueSpecification\",\"valueRequired\":true,\"valueName\":\"search_term_string\"}}],\"inLanguage\":\"en-US\"},{\"@type\":\"Organization\",\"@id\":\"https:\\\/\\\/sachainchilaos.com\\\/#organization\",\"name\":\"Ma\u00ef Savanh Lao\",\"url\":\"https:\\\/\\\/sachainchilaos.com\\\/\",\"logo\":{\"@type\":\"ImageObject\",\"inLanguage\":\"en-US\",\"@id\":\"https:\\\/\\\/sachainchilaos.com\\\/#\\\/schema\\\/logo\\\/image\\\/\",\"url\":\"https:\\\/\\\/sachainchilaos.com\\\/wp-content\\\/uploads\\\/2017\\\/10\\\/MSL_NBweb.png\",\"contentUrl\":\"https:\\\/\\\/sachainchilaos.com\\\/wp-content\\\/uploads\\\/2017\\\/10\\\/MSL_NBweb.png\",\"width\":800,\"height\":447,\"caption\":\"Ma\u00ef Savanh Lao\"},\"image\":{\"@id\":\"https:\\\/\\\/sachainchilaos.com\\\/#\\\/schema\\\/logo\\\/image\\\/\"},\"sameAs\":[\"https:\\\/\\\/www.facebook.com\\\/maiSavanhLaoColtd\"]}]}<\/script>\n<!-- \/ Yoast SEO plugin. -->","yoast_head_json":{"title":"SACHA INCHI PRALINE 250g - Sacha Inchi Laos","robots":{"index":"index","follow":"follow","max-snippet":"max-snippet:-1","max-image-preview":"max-image-preview:large","max-video-preview":"max-video-preview:-1"},"canonical":"https:\/\/sachainchilaos.com\/produit\/sacha-inchi-praline\/","og_locale":"en_US","og_type":"article","og_title":"SACHA INCHI PRALINE 250g - Sacha Inchi Laos","og_description":"[:fr]Le pralin\u00e9 de Sacha Inchi contient des acides gras essentiels. Aucune huile de palme ajout\u00e9e. Non-OGM. Transform\u00e9 dans un \u00e9tablissement sans gluten et sans arachides.  [:en]Sacha Inchi praline contains essential fatty acids. No palm oil added. Non-GMO. Processed in a gluten and peanut-free facility.  [:de]Die Praline von Sacha Inchi enth\u00e4lt essentielle Fetts\u00e4uren. Kein Palm\u00f6l hinzugef\u00fcgt. Non-GMO. Verwandelt in eine glutenfreie und erdnussfreie Einrichtung.  [:]","og_url":"https:\/\/sachainchilaos.com\/produit\/sacha-inchi-praline\/","og_site_name":"Sacha Inchi Laos","article_publisher":"https:\/\/www.facebook.com\/maiSavanhLaoColtd","article_modified_time":"2021-05-23T09:14:01+00:00","og_image":[{"width":800,"height":800,"url":"https:\/\/sachainchilaos.com\/wp-content\/uploads\/2018\/08\/SI-Praline-Fr.png","type":"image\/png"}],"twitter_card":"summary_large_image","twitter_misc":{"Est. reading time":"1 minute"},"schema":{"@context":"https:\/\/schema.org","@graph":[{"@type":"WebPage","@id":"https:\/\/sachainchilaos.com\/produit\/sacha-inchi-praline\/","url":"https:\/\/sachainchilaos.com\/produit\/sacha-inchi-praline\/","name":"SACHA INCHI PRALINE 250g - Sacha Inchi Laos","isPartOf":{"@id":"https:\/\/sachainchilaos.com\/#website"},"primaryImageOfPage":{"@id":"https:\/\/sachainchilaos.com\/produit\/sacha-inchi-praline\/#primaryimage"},"image":{"@id":"https:\/\/sachainchilaos.com\/produit\/sacha-inchi-praline\/#primaryimage"},"thumbnailUrl":"https:\/\/sachainchilaos.com\/wp-content\/uploads\/2018\/08\/SI-Praline-Fr.png","datePublished":"2018-08-01T08:16:39+00:00","dateModified":"2021-05-23T09:14:01+00:00","breadcrumb":{"@id":"https:\/\/sachainchilaos.com\/produit\/sacha-inchi-praline\/#breadcrumb"},"inLanguage":"en-US","potentialAction":[{"@type":"ReadAction","target":["https:\/\/sachainchilaos.com\/produit\/sacha-inchi-praline\/"]}]},{"@type":"ImageObject","inLanguage":"en-US","@id":"https:\/\/sachainchilaos.com\/produit\/sacha-inchi-praline\/#primaryimage","url":"https:\/\/sachainchilaos.com\/wp-content\/uploads\/2018\/08\/SI-Praline-Fr.png","contentUrl":"https:\/\/sachainchilaos.com\/wp-content\/uploads\/2018\/08\/SI-Praline-Fr.png","width":800,"height":800,"caption":"SACHA INCHI PRALINE"},{"@type":"BreadcrumbList","@id":"https:\/\/sachainchilaos.com\/produit\/sacha-inchi-praline\/#breadcrumb","itemListElement":[{"@type":"ListItem","position":1,"name":"Accueil","item":"https:\/\/sachainchilaos.com\/"},{"@type":"ListItem","position":2,"name":"Nos Produits au Sacha Inchi","item":"https:\/\/sachainchilaos.com\/nos-produits-au-sacha-inchi\/"},{"@type":"ListItem","position":3,"name":"PRALIN\u00c9 SACHA INCHI 250g"}]},{"@type":"WebSite","@id":"https:\/\/sachainchilaos.com\/#website","url":"https:\/\/sachainchilaos.com\/","name":"Sacha Inchi Laos","description":"A Seed Unusually Rich in Omega 3","publisher":{"@id":"https:\/\/sachainchilaos.com\/#organization"},"potentialAction":[{"@type":"SearchAction","target":{"@type":"EntryPoint","urlTemplate":"https:\/\/sachainchilaos.com\/?s={search_term_string}"},"query-input":{"@type":"PropertyValueSpecification","valueRequired":true,"valueName":"search_term_string"}}],"inLanguage":"en-US"},{"@type":"Organization","@id":"https:\/\/sachainchilaos.com\/#organization","name":"Ma\u00ef Savanh Lao","url":"https:\/\/sachainchilaos.com\/","logo":{"@type":"ImageObject","inLanguage":"en-US","@id":"https:\/\/sachainchilaos.com\/#\/schema\/logo\/image\/","url":"https:\/\/sachainchilaos.com\/wp-content\/uploads\/2017\/10\/MSL_NBweb.png","contentUrl":"https:\/\/sachainchilaos.com\/wp-content\/uploads\/2017\/10\/MSL_NBweb.png","width":800,"height":447,"caption":"Ma\u00ef Savanh Lao"},"image":{"@id":"https:\/\/sachainchilaos.com\/#\/schema\/logo\/image\/"},"sameAs":["https:\/\/www.facebook.com\/maiSavanhLaoColtd"]}]}},"_links":{"self":[{"href":"https:\/\/sachainchilaos.com\/en\/wp-json\/wp\/v2\/product\/1023","targetHints":{"allow":["GET"]}}],"collection":[{"href":"https:\/\/sachainchilaos.com\/en\/wp-json\/wp\/v2\/product"}],"about":[{"href":"https:\/\/sachainchilaos.com\/en\/wp-json\/wp\/v2\/types\/product"}],"replies":[{"embeddable":true,"href":"https:\/\/sachainchilaos.com\/en\/wp-json\/wp\/v2\/comments?post=1023"}],"version-history":[{"count":1,"href":"https:\/\/sachainchilaos.com\/en\/wp-json\/wp\/v2\/product\/1023\/revisions"}],"predecessor-version":[{"id":13052,"href":"https:\/\/sachainchilaos.com\/en\/wp-json\/wp\/v2\/product\/1023\/revisions\/13052"}],"wp:featuredmedia":[{"embeddable":true,"href":"https:\/\/sachainchilaos.com\/en\/wp-json\/wp\/v2\/media\/1024"}],"wp:attachment":[{"href":"https:\/\/sachainchilaos.com\/en\/wp-json\/wp\/v2\/media?parent=1023"}],"wp:term":[{"taxonomy":"product_brand","embeddable":true,"href":"https:\/\/sachainchilaos.com\/en\/wp-json\/wp\/v2\/product_brand?post=1023"},{"taxonomy":"product_cat","embeddable":true,"href":"https:\/\/sachainchilaos.com\/en\/wp-json\/wp\/v2\/product_cat?post=1023"},{"taxonomy":"product_tag","embeddable":true,"href":"https:\/\/sachainchilaos.com\/en\/wp-json\/wp\/v2\/product_tag?post=1023"}],"curies":[{"name":"wp","href":"https:\/\/api.w.org\/{rel}","templated":true}]}}