{"id":1020,"date":"2018-07-30T17:59:10","date_gmt":"2018-07-30T15:59:10","guid":{"rendered":"http:\/\/sachainchilaos.com\/?post_type=product&#038;p=1020"},"modified":"2021-05-23T11:06:08","modified_gmt":"2021-05-23T09:06:08","slug":"sacolate-sacha-inchi-chocolate-spread","status":"publish","type":"product","link":"https:\/\/sachainchilaos.com\/en\/produit\/sacolate-sacha-inchi-chocolate-spread\/","title":{"rendered":"SACOLATE 250g"},"content":{"rendered":"<p>Sacolate combines the characteristic vegetable flavour of Sacha Inchi with the sweet flavour of milk chocolate. No preservatives are used.<\/p>\n<p><b><u>USES:<\/u><\/b><br \/>\n\u2022 Spread on a slice of bread for breakfast or snack.<br \/>\n\u2022 Simply eaten with a spoon.<br \/>\n\u2022 For baking.<\/p>","protected":false},"excerpt":{"rendered":"<p><span id=\"result_box\" class=\"\" lang=\"en\" tabindex=\"-1\">Good source of Omega and proteins. No palm oil added. Non-GMO. Processed in a gluten and peanut-free facility.<\/span><\/p>\n<div id=\"accordions-1022\" class=\"accordions-1022 accordions\" data-accordions={&quot;lazyLoad&quot;:false,&quot;id&quot;:&quot;1022&quot;,&quot;event&quot;:&quot;click&quot;,&quot;collapsible&quot;:&quot;true&quot;,&quot;heightStyle&quot;:&quot;content&quot;,&quot;animateStyle&quot;:&quot;swing&quot;,&quot;animateDelay&quot;:1000,&quot;navigation&quot;:true,&quot;active&quot;:999,&quot;expandedOther&quot;:&quot;no&quot;}>\r\n                <div class=\"items\" >\r\n    \r\n            <div post_id=\"1022\" itemcount=\"0\"  header_id=\"header-0\" id=\"header-0\" style=\"\" class=\"accordions-head head0 border-none\" toggle-text=\"\" main-text=\"NUTRITIONAL VALUES FOR 100g\">\r\n                                    <span id=\"accordion-icons-0\" class=\"accordion-icons\">\r\n                        <span class=\"accordion-icon-active accordion-plus\"><i class=\"fa fa-chevron-up\"><\/i><\/span>\r\n                        <span class=\"accordion-icon-inactive accordion-minus\"><i class=\"fa fa-chevron-down\"><\/i><\/span>\r\n                    <\/span>\r\n                    <span id=\"header-text-0\" class=\"accordions-head-title\">NUTRITIONAL VALUES FOR 100g<\/span>\r\n                            <\/div>\r\n            <div class=\"accordion-content content0 \">\r\n                <div class=\"table-responsive\">\n<table>\n<thead><\/thead>\n<tbody>\n<tr>\n<td><strong>Energy<\/strong><\/td>\n<td style=\"text-align: center;\">2095 kJ \/ 574 kcal<\/td>\n<td style=\"text-align: center;\">% RDI*<\/td>\n<\/tr>\n<tr>\n<td><strong>Fat of which:<\/strong><\/td>\n<td style=\"text-align: center;\">39,00 g<\/td>\n<td style=\"text-align: center;\">12%<\/td>\n<\/tr>\n<tr>\n<td>Saturated fatty acids<\/td>\n<td style=\"text-align: center;\">12,00 g<\/td>\n<td style=\"text-align: center;\">60%<\/td>\n<\/tr>\n<tr>\n<td><strong>Unsatured fatty acids<br \/>\n<\/strong><\/td>\n<td style=\"text-align: center;\">20,00 g<\/td>\n<td><\/td>\n<\/tr>\n<tr>\n<td>Omega 3<\/td>\n<td style=\"text-align: center;\">10,00 g<\/td>\n<td><\/td>\n<\/tr>\n<tr>\n<td>Omega 6<\/td>\n<td style=\"text-align: center;\">9,00 g<\/td>\n<td><\/td>\n<\/tr>\n<tr>\n<td><strong>Monounsatured fatty acids<\/strong><\/td>\n<td style=\"text-align: center;\">1,80 g<\/td>\n<td><\/td>\n<\/tr>\n<tr>\n<td><strong>Carbohydrate<\/strong><\/td>\n<td style=\"text-align: center;\">32,00 g<\/td>\n<td style=\"text-align: center;\">12%<\/td>\n<\/tr>\n<tr>\n<td>Sugars<\/td>\n<td style=\"text-align: center;\">17,00 g<\/td>\n<td style=\"text-align: center;\">19%<\/td>\n<\/tr>\n<tr>\n<td><strong>Proteins<\/strong><\/td>\n<td style=\"text-align: center;\">21,00 g<\/td>\n<td style=\"text-align: center;\">42%<\/td>\n<\/tr>\n<tr>\n<td><strong>Salt<\/strong><\/td>\n<td style=\"text-align: center;\">0,37 g<\/td>\n<td style=\"text-align: center;\">6,2%<\/td>\n<\/tr>\n<tr>\n<td><strong>Calcium<\/strong><\/td>\n<td style=\"text-align: center;\">0,83 g<\/td>\n<td style=\"text-align: center;\">103%<\/td>\n<\/tr>\n<\/tbody>\n<\/table>\n<p>* <span id=\"result_box\" class=\"\" lang=\"en\" tabindex=\"-1\"><span class=\"\">% of Daily Calorie Requirements (2000 calories per day)<\/span><\/span><\/p>\n<\/div>\n            <\/div>\r\n    <\/div>\r\n\r\n\r\n\r\n            <\/div>\n","protected":false},"featured_media":1021,"comment_status":"closed","ping_status":"closed","template":"","meta":[],"product_brand":[],"product_cat":[67],"product_tag":[186,198],"class_list":{"0":"post-1020","1":"product","2":"type-product","3":"status-publish","4":"has-post-thumbnail","6":"product_cat-alimentaire","7":"product_tag-chocolat","8":"product_tag-pate-a-tartiner","10":"first","11":"instock","12":"shipping-taxable","13":"product-type-simple"},"yoast_head":"<!-- This site is optimized with the Yoast SEO plugin v27.3 - https:\/\/yoast.com\/product\/yoast-seo-wordpress\/ -->\n<title>SACOLATE 250g - Sacha Inchi Laos<\/title>\n<meta name=\"robots\" content=\"index, follow, max-snippet:-1, max-image-preview:large, max-video-preview:-1\" \/>\n<link rel=\"canonical\" href=\"https:\/\/sachainchilaos.com\/produit\/sacolate-sacha-inchi-chocolate-spread\/\" \/>\n<meta property=\"og:locale\" content=\"en_US\" \/>\n<meta property=\"og:type\" content=\"article\" \/>\n<meta property=\"og:title\" content=\"SACOLATE 250g - Sacha Inchi Laos\" \/>\n<meta property=\"og:description\" content=\"[:fr]Bonne source d&#039;Om\u00e9ga et de prot\u00e9ines. Aucune huile de palme ajout\u00e9e. Non-OGM. Transform\u00e9 dans un \u00e9tablissement sans gluten et sans arachides.  [:en]Good source of Omega and proteins. No palm oil added. Non-GMO. Processed in a gluten and peanut-free facility.  [:de]Gute Quelle f\u00fcr Omega und Protein. Kein Palm\u00f6l hinzugef\u00fcgt. Non-GMO. Verwandelt in eine glutenfreie und erdnussfreie Einrichtung.  [:]\" \/>\n<meta property=\"og:url\" content=\"https:\/\/sachainchilaos.com\/produit\/sacolate-sacha-inchi-chocolate-spread\/\" \/>\n<meta property=\"og:site_name\" content=\"Sacha Inchi Laos\" \/>\n<meta property=\"article:publisher\" content=\"https:\/\/www.facebook.com\/maiSavanhLaoColtd\" \/>\n<meta property=\"article:modified_time\" content=\"2021-05-23T09:06:08+00:00\" \/>\n<meta property=\"og:image\" content=\"https:\/\/sachainchilaos.com\/wp-content\/uploads\/2018\/07\/SI-Sacolate-Fr.png\" \/>\n\t<meta property=\"og:image:width\" content=\"800\" \/>\n\t<meta property=\"og:image:height\" content=\"800\" \/>\n\t<meta property=\"og:image:type\" content=\"image\/png\" \/>\n<meta name=\"twitter:card\" content=\"summary_large_image\" \/>\n<meta name=\"twitter:label1\" content=\"Est. reading time\" \/>\n\t<meta name=\"twitter:data1\" content=\"1 minute\" \/>\n<script type=\"application\/ld+json\" class=\"yoast-schema-graph\">{\"@context\":\"https:\\\/\\\/schema.org\",\"@graph\":[{\"@type\":\"WebPage\",\"@id\":\"https:\\\/\\\/sachainchilaos.com\\\/produit\\\/sacolate-sacha-inchi-chocolate-spread\\\/\",\"url\":\"https:\\\/\\\/sachainchilaos.com\\\/produit\\\/sacolate-sacha-inchi-chocolate-spread\\\/\",\"name\":\"SACOLATE 250g - Sacha Inchi Laos\",\"isPartOf\":{\"@id\":\"https:\\\/\\\/sachainchilaos.com\\\/#website\"},\"primaryImageOfPage\":{\"@id\":\"https:\\\/\\\/sachainchilaos.com\\\/produit\\\/sacolate-sacha-inchi-chocolate-spread\\\/#primaryimage\"},\"image\":{\"@id\":\"https:\\\/\\\/sachainchilaos.com\\\/produit\\\/sacolate-sacha-inchi-chocolate-spread\\\/#primaryimage\"},\"thumbnailUrl\":\"https:\\\/\\\/sachainchilaos.com\\\/wp-content\\\/uploads\\\/2018\\\/07\\\/SI-Sacolate-Fr.png\",\"datePublished\":\"2018-07-30T15:59:10+00:00\",\"dateModified\":\"2021-05-23T09:06:08+00:00\",\"breadcrumb\":{\"@id\":\"https:\\\/\\\/sachainchilaos.com\\\/produit\\\/sacolate-sacha-inchi-chocolate-spread\\\/#breadcrumb\"},\"inLanguage\":\"en-US\",\"potentialAction\":[{\"@type\":\"ReadAction\",\"target\":[\"https:\\\/\\\/sachainchilaos.com\\\/produit\\\/sacolate-sacha-inchi-chocolate-spread\\\/\"]}]},{\"@type\":\"ImageObject\",\"inLanguage\":\"en-US\",\"@id\":\"https:\\\/\\\/sachainchilaos.com\\\/produit\\\/sacolate-sacha-inchi-chocolate-spread\\\/#primaryimage\",\"url\":\"https:\\\/\\\/sachainchilaos.com\\\/wp-content\\\/uploads\\\/2018\\\/07\\\/SI-Sacolate-Fr.png\",\"contentUrl\":\"https:\\\/\\\/sachainchilaos.com\\\/wp-content\\\/uploads\\\/2018\\\/07\\\/SI-Sacolate-Fr.png\",\"width\":800,\"height\":800,\"caption\":\"SACOLATE - SACHA INCHI-Chocolate Spread\"},{\"@type\":\"BreadcrumbList\",\"@id\":\"https:\\\/\\\/sachainchilaos.com\\\/produit\\\/sacolate-sacha-inchi-chocolate-spread\\\/#breadcrumb\",\"itemListElement\":[{\"@type\":\"ListItem\",\"position\":1,\"name\":\"Accueil\",\"item\":\"https:\\\/\\\/sachainchilaos.com\\\/\"},{\"@type\":\"ListItem\",\"position\":2,\"name\":\"Nos Produits au Sacha Inchi\",\"item\":\"https:\\\/\\\/sachainchilaos.com\\\/nos-produits-au-sacha-inchi\\\/\"},{\"@type\":\"ListItem\",\"position\":3,\"name\":\"SACOLATE 250g\"}]},{\"@type\":\"WebSite\",\"@id\":\"https:\\\/\\\/sachainchilaos.com\\\/#website\",\"url\":\"https:\\\/\\\/sachainchilaos.com\\\/\",\"name\":\"Sacha Inchi Laos\",\"description\":\"A Seed Unusually Rich in Omega 3\",\"publisher\":{\"@id\":\"https:\\\/\\\/sachainchilaos.com\\\/#organization\"},\"potentialAction\":[{\"@type\":\"SearchAction\",\"target\":{\"@type\":\"EntryPoint\",\"urlTemplate\":\"https:\\\/\\\/sachainchilaos.com\\\/?s={search_term_string}\"},\"query-input\":{\"@type\":\"PropertyValueSpecification\",\"valueRequired\":true,\"valueName\":\"search_term_string\"}}],\"inLanguage\":\"en-US\"},{\"@type\":\"Organization\",\"@id\":\"https:\\\/\\\/sachainchilaos.com\\\/#organization\",\"name\":\"Ma\u00ef Savanh Lao\",\"url\":\"https:\\\/\\\/sachainchilaos.com\\\/\",\"logo\":{\"@type\":\"ImageObject\",\"inLanguage\":\"en-US\",\"@id\":\"https:\\\/\\\/sachainchilaos.com\\\/#\\\/schema\\\/logo\\\/image\\\/\",\"url\":\"https:\\\/\\\/sachainchilaos.com\\\/wp-content\\\/uploads\\\/2017\\\/10\\\/MSL_NBweb.png\",\"contentUrl\":\"https:\\\/\\\/sachainchilaos.com\\\/wp-content\\\/uploads\\\/2017\\\/10\\\/MSL_NBweb.png\",\"width\":800,\"height\":447,\"caption\":\"Ma\u00ef Savanh Lao\"},\"image\":{\"@id\":\"https:\\\/\\\/sachainchilaos.com\\\/#\\\/schema\\\/logo\\\/image\\\/\"},\"sameAs\":[\"https:\\\/\\\/www.facebook.com\\\/maiSavanhLaoColtd\"]}]}<\/script>\n<!-- \/ Yoast SEO plugin. -->","yoast_head_json":{"title":"SACOLATE 250g - Sacha Inchi Laos","robots":{"index":"index","follow":"follow","max-snippet":"max-snippet:-1","max-image-preview":"max-image-preview:large","max-video-preview":"max-video-preview:-1"},"canonical":"https:\/\/sachainchilaos.com\/produit\/sacolate-sacha-inchi-chocolate-spread\/","og_locale":"en_US","og_type":"article","og_title":"SACOLATE 250g - Sacha Inchi Laos","og_description":"[:fr]Bonne source d'Om\u00e9ga et de prot\u00e9ines. Aucune huile de palme ajout\u00e9e. Non-OGM. Transform\u00e9 dans un \u00e9tablissement sans gluten et sans arachides.  [:en]Good source of Omega and proteins. No palm oil added. Non-GMO. Processed in a gluten and peanut-free facility.  [:de]Gute Quelle f\u00fcr Omega und Protein. Kein Palm\u00f6l hinzugef\u00fcgt. Non-GMO. Verwandelt in eine glutenfreie und erdnussfreie Einrichtung.  [:]","og_url":"https:\/\/sachainchilaos.com\/produit\/sacolate-sacha-inchi-chocolate-spread\/","og_site_name":"Sacha Inchi Laos","article_publisher":"https:\/\/www.facebook.com\/maiSavanhLaoColtd","article_modified_time":"2021-05-23T09:06:08+00:00","og_image":[{"width":800,"height":800,"url":"https:\/\/sachainchilaos.com\/wp-content\/uploads\/2018\/07\/SI-Sacolate-Fr.png","type":"image\/png"}],"twitter_card":"summary_large_image","twitter_misc":{"Est. reading time":"1 minute"},"schema":{"@context":"https:\/\/schema.org","@graph":[{"@type":"WebPage","@id":"https:\/\/sachainchilaos.com\/produit\/sacolate-sacha-inchi-chocolate-spread\/","url":"https:\/\/sachainchilaos.com\/produit\/sacolate-sacha-inchi-chocolate-spread\/","name":"SACOLATE 250g - Sacha Inchi Laos","isPartOf":{"@id":"https:\/\/sachainchilaos.com\/#website"},"primaryImageOfPage":{"@id":"https:\/\/sachainchilaos.com\/produit\/sacolate-sacha-inchi-chocolate-spread\/#primaryimage"},"image":{"@id":"https:\/\/sachainchilaos.com\/produit\/sacolate-sacha-inchi-chocolate-spread\/#primaryimage"},"thumbnailUrl":"https:\/\/sachainchilaos.com\/wp-content\/uploads\/2018\/07\/SI-Sacolate-Fr.png","datePublished":"2018-07-30T15:59:10+00:00","dateModified":"2021-05-23T09:06:08+00:00","breadcrumb":{"@id":"https:\/\/sachainchilaos.com\/produit\/sacolate-sacha-inchi-chocolate-spread\/#breadcrumb"},"inLanguage":"en-US","potentialAction":[{"@type":"ReadAction","target":["https:\/\/sachainchilaos.com\/produit\/sacolate-sacha-inchi-chocolate-spread\/"]}]},{"@type":"ImageObject","inLanguage":"en-US","@id":"https:\/\/sachainchilaos.com\/produit\/sacolate-sacha-inchi-chocolate-spread\/#primaryimage","url":"https:\/\/sachainchilaos.com\/wp-content\/uploads\/2018\/07\/SI-Sacolate-Fr.png","contentUrl":"https:\/\/sachainchilaos.com\/wp-content\/uploads\/2018\/07\/SI-Sacolate-Fr.png","width":800,"height":800,"caption":"SACOLATE - SACHA INCHI-Chocolate Spread"},{"@type":"BreadcrumbList","@id":"https:\/\/sachainchilaos.com\/produit\/sacolate-sacha-inchi-chocolate-spread\/#breadcrumb","itemListElement":[{"@type":"ListItem","position":1,"name":"Accueil","item":"https:\/\/sachainchilaos.com\/"},{"@type":"ListItem","position":2,"name":"Nos Produits au Sacha Inchi","item":"https:\/\/sachainchilaos.com\/nos-produits-au-sacha-inchi\/"},{"@type":"ListItem","position":3,"name":"SACOLATE 250g"}]},{"@type":"WebSite","@id":"https:\/\/sachainchilaos.com\/#website","url":"https:\/\/sachainchilaos.com\/","name":"Sacha Inchi Laos","description":"A Seed Unusually Rich in Omega 3","publisher":{"@id":"https:\/\/sachainchilaos.com\/#organization"},"potentialAction":[{"@type":"SearchAction","target":{"@type":"EntryPoint","urlTemplate":"https:\/\/sachainchilaos.com\/?s={search_term_string}"},"query-input":{"@type":"PropertyValueSpecification","valueRequired":true,"valueName":"search_term_string"}}],"inLanguage":"en-US"},{"@type":"Organization","@id":"https:\/\/sachainchilaos.com\/#organization","name":"Ma\u00ef Savanh Lao","url":"https:\/\/sachainchilaos.com\/","logo":{"@type":"ImageObject","inLanguage":"en-US","@id":"https:\/\/sachainchilaos.com\/#\/schema\/logo\/image\/","url":"https:\/\/sachainchilaos.com\/wp-content\/uploads\/2017\/10\/MSL_NBweb.png","contentUrl":"https:\/\/sachainchilaos.com\/wp-content\/uploads\/2017\/10\/MSL_NBweb.png","width":800,"height":447,"caption":"Ma\u00ef Savanh Lao"},"image":{"@id":"https:\/\/sachainchilaos.com\/#\/schema\/logo\/image\/"},"sameAs":["https:\/\/www.facebook.com\/maiSavanhLaoColtd"]}]}},"_links":{"self":[{"href":"https:\/\/sachainchilaos.com\/en\/wp-json\/wp\/v2\/product\/1020","targetHints":{"allow":["GET"]}}],"collection":[{"href":"https:\/\/sachainchilaos.com\/en\/wp-json\/wp\/v2\/product"}],"about":[{"href":"https:\/\/sachainchilaos.com\/en\/wp-json\/wp\/v2\/types\/product"}],"replies":[{"embeddable":true,"href":"https:\/\/sachainchilaos.com\/en\/wp-json\/wp\/v2\/comments?post=1020"}],"version-history":[{"count":1,"href":"https:\/\/sachainchilaos.com\/en\/wp-json\/wp\/v2\/product\/1020\/revisions"}],"predecessor-version":[{"id":13053,"href":"https:\/\/sachainchilaos.com\/en\/wp-json\/wp\/v2\/product\/1020\/revisions\/13053"}],"wp:featuredmedia":[{"embeddable":true,"href":"https:\/\/sachainchilaos.com\/en\/wp-json\/wp\/v2\/media\/1021"}],"wp:attachment":[{"href":"https:\/\/sachainchilaos.com\/en\/wp-json\/wp\/v2\/media?parent=1020"}],"wp:term":[{"taxonomy":"product_brand","embeddable":true,"href":"https:\/\/sachainchilaos.com\/en\/wp-json\/wp\/v2\/product_brand?post=1020"},{"taxonomy":"product_cat","embeddable":true,"href":"https:\/\/sachainchilaos.com\/en\/wp-json\/wp\/v2\/product_cat?post=1020"},{"taxonomy":"product_tag","embeddable":true,"href":"https:\/\/sachainchilaos.com\/en\/wp-json\/wp\/v2\/product_tag?post=1020"}],"curies":[{"name":"wp","href":"https:\/\/api.w.org\/{rel}","templated":true}]}}