{"id":12,"date":"2017-10-08T14:29:31","date_gmt":"2017-10-08T12:29:31","guid":{"rendered":"http:\/\/sachainchilaos.com\/indexWP.php\/?page_id=12"},"modified":"2018-03-29T10:04:47","modified_gmt":"2018-03-29T08:04:47","slug":"le-sacha-inchi","status":"publish","type":"page","link":"https:\/\/sachainchilaos.com\/en\/le-sacha-inchi\/","title":{"rendered":"Sacha Inchi"},"content":{"rendered":"<div class=\"csRow\">\n<div class=\"csColumnGap\" style=\"margin: 0px; padding: 0px; float: left; width: 1.56%;\"><img decoding=\"async\" style=\"border: none;\" src=\"http:\/\/sachainchilaos.com\/wp-content\/plugins\/advanced-wp-columns\/assets\/js\/plugins\/views\/img\/1x1-pixel.png\" \/><\/div>\n<div class=\"csColumn\" style=\"margin: 0px; padding: 0px; float: left; width: 27.8%;\" data-csstartpoint=\"15\" data-csendpoint=\"282\" data-cswidth=\"27.8%\" data-csid=\"44a3b2c4-1668-2bbf-86c4-4f3df0a6a13a\">\n<p><strong>Botanic<\/strong><\/p>\n<p><img loading=\"lazy\" decoding=\"async\" class=\"aligncenter size-full wp-image-425\" src=\"http:\/\/sachainchilaos.com\/wp-content\/uploads\/2017\/10\/botanic.png\" alt=\"Sacha Inchi\" width=\"424\" height=\"169\" srcset=\"https:\/\/sachainchilaos.com\/wp-content\/uploads\/2017\/10\/botanic.png 424w, https:\/\/sachainchilaos.com\/wp-content\/uploads\/2017\/10\/botanic-300x120.png 300w, https:\/\/sachainchilaos.com\/wp-content\/uploads\/2017\/10\/botanic-150x60.png 150w\" sizes=\"auto, (max-width: 424px) 100vw, 424px\" \/>\n<table id=\"tablepress-7\" class=\"tablepress tablepress-id-7\">\n<tbody class=\"row-striping row-hover\">\n<tr class=\"row-1\">\n\t<td class=\"column-1\"><strong>Kingdom:<\/strong><\/td><td class=\"column-2\">PLANTAE<\/td>\n<\/tr>\n<tr class=\"row-2\">\n\t<td class=\"column-1\"><strong>Division:<\/strong><\/td><td class=\"column-2\">ANGIOSPERMAE<\/td>\n<\/tr>\n<tr class=\"row-3\">\n\t<td class=\"column-1\"><strong>Class:<\/strong><\/td><td class=\"column-2\">DYCOTILEDONEA<\/td>\n<\/tr>\n<tr class=\"row-4\">\n\t<td class=\"column-1\"><strong>Order:<\/strong><\/td><td class=\"column-2\">GERANIALES<\/td>\n<\/tr>\n<tr class=\"row-5\">\n\t<td class=\"column-1\"><strong>Family:<\/strong><\/td><td class=\"column-2\">EUPHORBIACEAE<\/td>\n<\/tr>\n<tr class=\"row-6\">\n\t<td class=\"column-1\"><strong>Genus:<\/strong><\/td><td class=\"column-2\"><i>Plukenetia<\/i><\/td>\n<\/tr>\n<tr class=\"row-7\">\n\t<td class=\"column-1\"><strong>Species:<\/strong><\/td><td class=\"column-2\"><i>Volubilis Linneo<\/i><\/td>\n<\/tr>\n<tr class=\"row-8\">\n\t<td class=\"column-1\"><strong>Scientific name:<\/strong><\/td><td class=\"column-2\"><i>Plukenetia volubilis L.<\/i><\/td>\n<\/tr>\n<tr class=\"row-9\">\n\t<td class=\"column-1\"><strong>Common name:<\/strong><\/td><td class=\"column-2\">Sacha Inchi, mani del monte, mani del inca.<\/td>\n<\/tr>\n<\/tbody>\n<\/table>\n<!-- #tablepress-7 from cache --><\/p>\n<p>&nbsp;<\/p>\n<\/div>\n<div class=\"csColumnGap\" style=\"margin: 0px; padding: 0px; float: left; width: 1.56%;\"><img decoding=\"async\" style=\"border: none;\" src=\"http:\/\/sachainchilaos.com\/wp-content\/plugins\/advanced-wp-columns\/assets\/js\/plugins\/views\/img\/1x1-pixel.png\" \/><\/div>\n<div class=\"csColumn\" style=\"margin: 0px; padding: 0px; float: left; width: 24.3%;\" data-csstartpoint=\"297\" data-csendpoint=\"530\" data-cswidth=\"24.3%\" data-csid=\"53b0e7df-5668-a741-9e99-d3d94f9500b2\">\n<p><strong>Sacha Inchi Origin<\/strong><\/p>\n<p>Sacha Inchi, also known as &#8220;Inca Peanut&#8221; is an Euphorbiaceae endemic to the tropical mountain forests of the Peruvian Amazon. This perennial liana has become perfectly acclimatized in Laos where it is now cultivated because of its high concentration of unsaturated fatty acids (especially in omega 3 and 6).<\/p>\n<p><strong>Sacha Inchi Oil<\/strong><\/p>\n<p><img loading=\"lazy\" decoding=\"async\" class=\"aligncenter size-full wp-image-403\" src=\"http:\/\/sachainchilaos.com\/wp-content\/uploads\/2017\/10\/huil.26.10.png\" alt=\"Sacha Inchi Oil\" width=\"367\" height=\"119\" srcset=\"https:\/\/sachainchilaos.com\/wp-content\/uploads\/2017\/10\/huil.26.10.png 367w, https:\/\/sachainchilaos.com\/wp-content\/uploads\/2017\/10\/huil.26.10-300x97.png 300w, https:\/\/sachainchilaos.com\/wp-content\/uploads\/2017\/10\/huil.26.10-150x49.png 150w\" sizes=\"auto, (max-width: 367px) 100vw, 367px\" \/><br \/>\nSacha Inchi oil is the result of the cold pressing of Sacha Inchi raw seeds. It is a vegetable oil with a very high Omega 3, 6 and 9 content (up to 92%). No additives or preservatives are used. It also contains vitamin A, E and tocopherols.<\/p>\n<p><strong>Appearance:<\/strong> liquid, fluid, translucent.<br \/>\n<strong>Color:<\/strong> clear, bright yellow.<br \/>\n<strong>Odor:<\/strong> fragrant, characteristic to the product.<br \/>\n<strong>Flavor:<\/strong> characteristic, herbaceous with asparagus taste.<\/p>\n<\/div>\n<div class=\"csColumnGap\" style=\"margin: 0px; padding: 0px; float: left; width: 1.56%;\"><img decoding=\"async\" style=\"border: none;\" src=\"http:\/\/sachainchilaos.com\/wp-content\/plugins\/advanced-wp-columns\/assets\/js\/plugins\/views\/img\/1x1-pixel.png\" \/><\/div>\n<div class=\"csColumn\" style=\"margin: 0px; padding: 0px; float: left; width: 24.5%;\" data-csstartpoint=\"545\" data-csendpoint=\"780\" data-cswidth=\"24.5%\" data-csid=\"70f1e56f-e39c-e6cf-92c9-2824b4be6cc0\">\n<p><strong>Composition of Sacha Inchi oil<\/strong><\/p>\n<p><img loading=\"lazy\" decoding=\"async\" class=\"aligncenter size-full wp-image-436\" src=\"http:\/\/sachainchilaos.com\/wp-content\/uploads\/2017\/10\/huilesachainchi.png\" alt=\"Sacha Inchi Oil\" width=\"372\" height=\"141\" srcset=\"https:\/\/sachainchilaos.com\/wp-content\/uploads\/2017\/10\/huilesachainchi.png 372w, https:\/\/sachainchilaos.com\/wp-content\/uploads\/2017\/10\/huilesachainchi-300x114.png 300w, https:\/\/sachainchilaos.com\/wp-content\/uploads\/2017\/10\/huilesachainchi-150x57.png 150w, https:\/\/sachainchilaos.com\/wp-content\/uploads\/2017\/10\/huilesachainchi-370x141.png 370w\" sizes=\"auto, (max-width: 372px) 100vw, 372px\" \/><br \/>\n\n<table id=\"tablepress-11\" class=\"tablepress tablepress-id-11 tbody-has-connected-cells\">\n<thead>\n<tr class=\"row-1\">\n\t<th colspan=\"2\" class=\"column-1\">Unsaturated Fatty Acids (UFA)<\/th>\n<\/tr>\n<\/thead>\n<tbody class=\"row-striping row-hover\">\n<tr class=\"row-2\">\n\t<td class=\"column-1\">\u0391-linolenic acid* (\u03a93)<\/td><td class=\"column-2\">47%<\/td>\n<\/tr>\n<tr class=\"row-3\">\n\t<td class=\"column-1\">Linoleic acid* (\u03a96)<\/td><td class=\"column-2\">36%<\/td>\n<\/tr>\n<tr class=\"row-4\">\n\t<td class=\"column-1\">Oleic acid (\u03a99)<\/td><td class=\"column-2\">9%<\/td>\n<\/tr>\n<tr class=\"row-5\">\n\t<td colspan=\"2\" class=\"column-1\">That is a total of about 92% UFA.<br \/>\n* Essential fatty acids, not synthesizable by human body.<\/td>\n<\/tr>\n<\/tbody>\n<\/table>\n<!-- #tablepress-11 from cache --><\/p>\n\n<table id=\"tablepress-13\" class=\"tablepress tablepress-id-13 tbody-has-connected-cells\">\n<thead>\n<tr class=\"row-1\">\n\t<th colspan=\"2\" class=\"column-1\">Vitamin A and Vitamin E<\/th>\n<\/tr>\n<\/thead>\n<tbody class=\"row-striping row-hover\">\n<tr class=\"row-2\">\n\t<td class=\"column-1\">\u03b1-tocopherol<\/td><td class=\"column-2\">30-35 mg\/kg<\/td>\n<\/tr>\n<tr class=\"row-3\">\n\t<td class=\"column-1\">\u03b4-tocopherol<\/td><td class=\"column-2\">1160 - 1180 mg\/kg<\/td>\n<\/tr>\n<tr class=\"row-4\">\n\t<td class=\"column-1\">\u03b3- tocopherol<\/td><td class=\"column-2\">1675 - 1690 mg\/kg<\/td>\n<\/tr>\n<tr class=\"row-5\">\n\t<td colspan=\"2\" class=\"column-1\"><\/td>\n<\/tr>\n<\/tbody>\n<\/table>\n<!-- #tablepress-13 from cache -->\n<\/div>\n<div class=\"csColumnGap\" style=\"margin: 0px; padding: 0px; float: left; width: 18.8%;\"><img decoding=\"async\" style=\"border: none;\" src=\"http:\/\/sachainchilaos.com\/wp-content\/plugins\/advanced-wp-columns\/assets\/js\/plugins\/views\/img\/1x1-pixel.png\" \/><\/div>\n<div style=\"clear: both; float: none; display: block; visibility: hidden; width: 0px; font-size: 0px; line-height: 0;\"><\/div>\n<\/div>\n<p>&nbsp;<\/p>\n","protected":false},"excerpt":{"rendered":"<p>Botanic &nbsp; Sacha Inchi Origin Sacha Inchi, also known as &#8220;Inca Peanut&#8221; is an Euphorbiaceae endemic to the tropical mountain forests of the Peruvian Amazon. This perennial liana has become perfectly acclimatized in Laos where it is now cultivated because of its high concentration of unsaturated fatty acids (especially in omega 3 and 6). Sacha [&hellip;]<\/p>\n","protected":false},"author":1,"featured_media":0,"parent":0,"menu_order":1,"comment_status":"closed","ping_status":"closed","template":"","meta":{"footnotes":""},"class_list":["post-12","page","type-page","status-publish","hentry"],"yoast_head":"<!-- This site is optimized with the Yoast SEO plugin v27.4 - https:\/\/yoast.com\/product\/yoast-seo-wordpress\/ -->\n<title>Sacha Inchi - Sacha Inchi Laos<\/title>\n<meta name=\"description\" content=\"Le Sacha Inchi, encore appel\u00e9 \u00ab\u00a0cacahou\u00e8te des Incas\u00a0\u00bb ou \u00ab\u00a0amande des montagnes\u00a0\u00bb est une Euphorbiac\u00e9e end\u00e9mique des for\u00eats montagneuses tropicales de l&#039;Amazonie p\u00e9ruvienne. Cette liane vivace s\u2019est parfaitement acclimat\u00e9e au Laos o\u00f9 elle est cultiv\u00e9e en raison de sa forte concentration en acides gras essentiels.\" \/>\n<meta name=\"robots\" content=\"index, follow, max-snippet:-1, max-image-preview:large, max-video-preview:-1\" \/>\n<link rel=\"canonical\" href=\"https:\/\/sachainchilaos.com\/le-sacha-inchi\/\" \/>\n<meta property=\"og:locale\" content=\"en_US\" \/>\n<meta property=\"og:type\" content=\"article\" \/>\n<meta property=\"og:title\" content=\"Sacha Inchi - Sacha Inchi Laos\" \/>\n<meta property=\"og:description\" content=\"Le Sacha Inchi, encore appel\u00e9 \u00ab\u00a0cacahou\u00e8te des Incas\u00a0\u00bb ou \u00ab\u00a0amande des montagnes\u00a0\u00bb est une Euphorbiac\u00e9e end\u00e9mique des for\u00eats montagneuses tropicales de l&#039;Amazonie p\u00e9ruvienne. Cette liane vivace s\u2019est parfaitement acclimat\u00e9e au Laos o\u00f9 elle est cultiv\u00e9e en raison de sa forte concentration en acides gras essentiels.\" \/>\n<meta property=\"og:url\" content=\"https:\/\/sachainchilaos.com\/le-sacha-inchi\/\" \/>\n<meta property=\"og:site_name\" content=\"Sacha Inchi Laos\" \/>\n<meta property=\"article:publisher\" content=\"https:\/\/www.facebook.com\/maiSavanhLaoColtd\" \/>\n<meta property=\"article:modified_time\" content=\"2018-03-29T08:04:47+00:00\" \/>\n<meta property=\"og:image\" content=\"http:\/\/sachainchilaos.com\/wp-content\/plugins\/advanced-wp-columns\/assets\/js\/plugins\/views\/img\/1x1-pixel.png\" \/>\n<meta name=\"twitter:card\" content=\"summary_large_image\" \/>\n<meta name=\"twitter:label1\" content=\"Est. reading time\" \/>\n\t<meta name=\"twitter:data1\" content=\"1 minute\" \/>\n<script type=\"application\/ld+json\" class=\"yoast-schema-graph\">{\"@context\":\"https:\\\/\\\/schema.org\",\"@graph\":[{\"@type\":\"WebPage\",\"@id\":\"https:\\\/\\\/sachainchilaos.com\\\/le-sacha-inchi\\\/\",\"url\":\"https:\\\/\\\/sachainchilaos.com\\\/le-sacha-inchi\\\/\",\"name\":\"Sacha Inchi - Sacha Inchi Laos\",\"isPartOf\":{\"@id\":\"https:\\\/\\\/sachainchilaos.com\\\/#website\"},\"primaryImageOfPage\":{\"@id\":\"https:\\\/\\\/sachainchilaos.com\\\/le-sacha-inchi\\\/#primaryimage\"},\"image\":{\"@id\":\"https:\\\/\\\/sachainchilaos.com\\\/le-sacha-inchi\\\/#primaryimage\"},\"thumbnailUrl\":\"http:\\\/\\\/sachainchilaos.com\\\/wp-content\\\/plugins\\\/advanced-wp-columns\\\/assets\\\/js\\\/plugins\\\/views\\\/img\\\/1x1-pixel.png\",\"datePublished\":\"2017-10-08T12:29:31+00:00\",\"dateModified\":\"2018-03-29T08:04:47+00:00\",\"description\":\"Le Sacha Inchi, encore appel\u00e9 \u00ab\u00a0cacahou\u00e8te des Incas\u00a0\u00bb ou \u00ab\u00a0amande des montagnes\u00a0\u00bb est une Euphorbiac\u00e9e end\u00e9mique des for\u00eats montagneuses tropicales de l'Amazonie p\u00e9ruvienne. Cette liane vivace s\u2019est parfaitement acclimat\u00e9e au Laos o\u00f9 elle est cultiv\u00e9e en raison de sa forte concentration en acides gras essentiels.\",\"breadcrumb\":{\"@id\":\"https:\\\/\\\/sachainchilaos.com\\\/le-sacha-inchi\\\/#breadcrumb\"},\"inLanguage\":\"en-US\",\"potentialAction\":[{\"@type\":\"ReadAction\",\"target\":[\"https:\\\/\\\/sachainchilaos.com\\\/le-sacha-inchi\\\/\"]}]},{\"@type\":\"ImageObject\",\"inLanguage\":\"en-US\",\"@id\":\"https:\\\/\\\/sachainchilaos.com\\\/le-sacha-inchi\\\/#primaryimage\",\"url\":\"http:\\\/\\\/sachainchilaos.com\\\/wp-content\\\/plugins\\\/advanced-wp-columns\\\/assets\\\/js\\\/plugins\\\/views\\\/img\\\/1x1-pixel.png\",\"contentUrl\":\"http:\\\/\\\/sachainchilaos.com\\\/wp-content\\\/plugins\\\/advanced-wp-columns\\\/assets\\\/js\\\/plugins\\\/views\\\/img\\\/1x1-pixel.png\"},{\"@type\":\"BreadcrumbList\",\"@id\":\"https:\\\/\\\/sachainchilaos.com\\\/le-sacha-inchi\\\/#breadcrumb\",\"itemListElement\":[{\"@type\":\"ListItem\",\"position\":1,\"name\":\"Accueil\",\"item\":\"https:\\\/\\\/sachainchilaos.com\\\/\"},{\"@type\":\"ListItem\",\"position\":2,\"name\":\"Sacha Inchi\"}]},{\"@type\":\"WebSite\",\"@id\":\"https:\\\/\\\/sachainchilaos.com\\\/#website\",\"url\":\"https:\\\/\\\/sachainchilaos.com\\\/\",\"name\":\"Sacha Inchi Laos\",\"description\":\"A Seed Unusually Rich in Omega 3\",\"publisher\":{\"@id\":\"https:\\\/\\\/sachainchilaos.com\\\/#organization\"},\"potentialAction\":[{\"@type\":\"SearchAction\",\"target\":{\"@type\":\"EntryPoint\",\"urlTemplate\":\"https:\\\/\\\/sachainchilaos.com\\\/?s={search_term_string}\"},\"query-input\":{\"@type\":\"PropertyValueSpecification\",\"valueRequired\":true,\"valueName\":\"search_term_string\"}}],\"inLanguage\":\"en-US\"},{\"@type\":\"Organization\",\"@id\":\"https:\\\/\\\/sachainchilaos.com\\\/#organization\",\"name\":\"Ma\u00ef Savanh Lao\",\"url\":\"https:\\\/\\\/sachainchilaos.com\\\/\",\"logo\":{\"@type\":\"ImageObject\",\"inLanguage\":\"en-US\",\"@id\":\"https:\\\/\\\/sachainchilaos.com\\\/#\\\/schema\\\/logo\\\/image\\\/\",\"url\":\"https:\\\/\\\/sachainchilaos.com\\\/wp-content\\\/uploads\\\/2017\\\/10\\\/MSL_NBweb.png\",\"contentUrl\":\"https:\\\/\\\/sachainchilaos.com\\\/wp-content\\\/uploads\\\/2017\\\/10\\\/MSL_NBweb.png\",\"width\":800,\"height\":447,\"caption\":\"Ma\u00ef Savanh Lao\"},\"image\":{\"@id\":\"https:\\\/\\\/sachainchilaos.com\\\/#\\\/schema\\\/logo\\\/image\\\/\"},\"sameAs\":[\"https:\\\/\\\/www.facebook.com\\\/maiSavanhLaoColtd\"]}]}<\/script>\n<!-- \/ Yoast SEO plugin. -->","yoast_head_json":{"title":"Sacha Inchi - Sacha Inchi Laos","description":"Le Sacha Inchi, encore appel\u00e9 \u00ab\u00a0cacahou\u00e8te des Incas\u00a0\u00bb ou \u00ab\u00a0amande des montagnes\u00a0\u00bb est une Euphorbiac\u00e9e end\u00e9mique des for\u00eats montagneuses tropicales de l'Amazonie p\u00e9ruvienne. Cette liane vivace s\u2019est parfaitement acclimat\u00e9e au Laos o\u00f9 elle est cultiv\u00e9e en raison de sa forte concentration en acides gras essentiels.","robots":{"index":"index","follow":"follow","max-snippet":"max-snippet:-1","max-image-preview":"max-image-preview:large","max-video-preview":"max-video-preview:-1"},"canonical":"https:\/\/sachainchilaos.com\/le-sacha-inchi\/","og_locale":"en_US","og_type":"article","og_title":"Sacha Inchi - Sacha Inchi Laos","og_description":"Le Sacha Inchi, encore appel\u00e9 \u00ab\u00a0cacahou\u00e8te des Incas\u00a0\u00bb ou \u00ab\u00a0amande des montagnes\u00a0\u00bb est une Euphorbiac\u00e9e end\u00e9mique des for\u00eats montagneuses tropicales de l'Amazonie p\u00e9ruvienne. Cette liane vivace s\u2019est parfaitement acclimat\u00e9e au Laos o\u00f9 elle est cultiv\u00e9e en raison de sa forte concentration en acides gras essentiels.","og_url":"https:\/\/sachainchilaos.com\/le-sacha-inchi\/","og_site_name":"Sacha Inchi Laos","article_publisher":"https:\/\/www.facebook.com\/maiSavanhLaoColtd","article_modified_time":"2018-03-29T08:04:47+00:00","og_image":[{"url":"http:\/\/sachainchilaos.com\/wp-content\/plugins\/advanced-wp-columns\/assets\/js\/plugins\/views\/img\/1x1-pixel.png","type":"","width":"","height":""}],"twitter_card":"summary_large_image","twitter_misc":{"Est. reading time":"1 minute"},"schema":{"@context":"https:\/\/schema.org","@graph":[{"@type":"WebPage","@id":"https:\/\/sachainchilaos.com\/le-sacha-inchi\/","url":"https:\/\/sachainchilaos.com\/le-sacha-inchi\/","name":"Sacha Inchi - Sacha Inchi Laos","isPartOf":{"@id":"https:\/\/sachainchilaos.com\/#website"},"primaryImageOfPage":{"@id":"https:\/\/sachainchilaos.com\/le-sacha-inchi\/#primaryimage"},"image":{"@id":"https:\/\/sachainchilaos.com\/le-sacha-inchi\/#primaryimage"},"thumbnailUrl":"http:\/\/sachainchilaos.com\/wp-content\/plugins\/advanced-wp-columns\/assets\/js\/plugins\/views\/img\/1x1-pixel.png","datePublished":"2017-10-08T12:29:31+00:00","dateModified":"2018-03-29T08:04:47+00:00","description":"Le Sacha Inchi, encore appel\u00e9 \u00ab\u00a0cacahou\u00e8te des Incas\u00a0\u00bb ou \u00ab\u00a0amande des montagnes\u00a0\u00bb est une Euphorbiac\u00e9e end\u00e9mique des for\u00eats montagneuses tropicales de l'Amazonie p\u00e9ruvienne. Cette liane vivace s\u2019est parfaitement acclimat\u00e9e au Laos o\u00f9 elle est cultiv\u00e9e en raison de sa forte concentration en acides gras essentiels.","breadcrumb":{"@id":"https:\/\/sachainchilaos.com\/le-sacha-inchi\/#breadcrumb"},"inLanguage":"en-US","potentialAction":[{"@type":"ReadAction","target":["https:\/\/sachainchilaos.com\/le-sacha-inchi\/"]}]},{"@type":"ImageObject","inLanguage":"en-US","@id":"https:\/\/sachainchilaos.com\/le-sacha-inchi\/#primaryimage","url":"http:\/\/sachainchilaos.com\/wp-content\/plugins\/advanced-wp-columns\/assets\/js\/plugins\/views\/img\/1x1-pixel.png","contentUrl":"http:\/\/sachainchilaos.com\/wp-content\/plugins\/advanced-wp-columns\/assets\/js\/plugins\/views\/img\/1x1-pixel.png"},{"@type":"BreadcrumbList","@id":"https:\/\/sachainchilaos.com\/le-sacha-inchi\/#breadcrumb","itemListElement":[{"@type":"ListItem","position":1,"name":"Accueil","item":"https:\/\/sachainchilaos.com\/"},{"@type":"ListItem","position":2,"name":"Sacha Inchi"}]},{"@type":"WebSite","@id":"https:\/\/sachainchilaos.com\/#website","url":"https:\/\/sachainchilaos.com\/","name":"Sacha Inchi Laos","description":"A Seed Unusually Rich in Omega 3","publisher":{"@id":"https:\/\/sachainchilaos.com\/#organization"},"potentialAction":[{"@type":"SearchAction","target":{"@type":"EntryPoint","urlTemplate":"https:\/\/sachainchilaos.com\/?s={search_term_string}"},"query-input":{"@type":"PropertyValueSpecification","valueRequired":true,"valueName":"search_term_string"}}],"inLanguage":"en-US"},{"@type":"Organization","@id":"https:\/\/sachainchilaos.com\/#organization","name":"Ma\u00ef Savanh Lao","url":"https:\/\/sachainchilaos.com\/","logo":{"@type":"ImageObject","inLanguage":"en-US","@id":"https:\/\/sachainchilaos.com\/#\/schema\/logo\/image\/","url":"https:\/\/sachainchilaos.com\/wp-content\/uploads\/2017\/10\/MSL_NBweb.png","contentUrl":"https:\/\/sachainchilaos.com\/wp-content\/uploads\/2017\/10\/MSL_NBweb.png","width":800,"height":447,"caption":"Ma\u00ef Savanh Lao"},"image":{"@id":"https:\/\/sachainchilaos.com\/#\/schema\/logo\/image\/"},"sameAs":["https:\/\/www.facebook.com\/maiSavanhLaoColtd"]}]}},"_links":{"self":[{"href":"https:\/\/sachainchilaos.com\/en\/wp-json\/wp\/v2\/pages\/12","targetHints":{"allow":["GET"]}}],"collection":[{"href":"https:\/\/sachainchilaos.com\/en\/wp-json\/wp\/v2\/pages"}],"about":[{"href":"https:\/\/sachainchilaos.com\/en\/wp-json\/wp\/v2\/types\/page"}],"author":[{"embeddable":true,"href":"https:\/\/sachainchilaos.com\/en\/wp-json\/wp\/v2\/users\/1"}],"replies":[{"embeddable":true,"href":"https:\/\/sachainchilaos.com\/en\/wp-json\/wp\/v2\/comments?post=12"}],"version-history":[{"count":103,"href":"https:\/\/sachainchilaos.com\/en\/wp-json\/wp\/v2\/pages\/12\/revisions"}],"predecessor-version":[{"id":803,"href":"https:\/\/sachainchilaos.com\/en\/wp-json\/wp\/v2\/pages\/12\/revisions\/803"}],"wp:attachment":[{"href":"https:\/\/sachainchilaos.com\/en\/wp-json\/wp\/v2\/media?parent=12"}],"curies":[{"name":"wp","href":"https:\/\/api.w.org\/{rel}","templated":true}]}}