{"id":1003,"date":"2018-07-13T12:17:40","date_gmt":"2018-07-13T10:17:40","guid":{"rendered":"http:\/\/sachainchilaos.com\/?page_id=1003"},"modified":"2018-12-10T11:46:48","modified_gmt":"2018-12-10T10:46:48","slug":"about-us","status":"publish","type":"page","link":"https:\/\/sachainchilaos.com\/en\/about-us\/","title":{"rendered":"ABOUT US"},"content":{"rendered":"","protected":false},"excerpt":{"rendered":"","protected":false},"author":1,"featured_media":0,"parent":0,"menu_order":0,"comment_status":"closed","ping_status":"closed","template":"template-about.php","meta":{"footnotes":""},"class_list":["post-1003","page","type-page","status-publish","hentry"],"yoast_head":"<!-- This site is optimized with the Yoast SEO plugin v27.4 - https:\/\/yoast.com\/product\/yoast-seo-wordpress\/ -->\n<title>ABOUT US - Sacha Inchi Laos<\/title>\n<meta name=\"description\" content=\"(Fran\u00e7ais) Ma\u00ef Savanh Lao vous pr\u00e9sente son site web dont l&#039;objectif est d&#039;\u00eatre un fournisseur majeur de Sacha Inchi sous toutes ses formes. Nous cultivons le Sacha Inchi (Plukenetia volubilis) et le transformons en ce que nous croyons \u00eatre une gamme passionnante de produits.\" \/>\n<meta name=\"robots\" content=\"index, follow, max-snippet:-1, max-image-preview:large, max-video-preview:-1\" \/>\n<link rel=\"canonical\" href=\"https:\/\/sachainchilaos.com\/en\/about-us\/\" \/>\n<meta property=\"og:locale\" content=\"en_US\" \/>\n<meta property=\"og:type\" content=\"article\" \/>\n<meta property=\"og:title\" content=\"ABOUT US - Sacha Inchi Laos\" \/>\n<meta property=\"og:description\" content=\"(Fran\u00e7ais) Ma\u00ef Savanh Lao vous pr\u00e9sente son site web dont l&#039;objectif est d&#039;\u00eatre un fournisseur majeur de Sacha Inchi sous toutes ses formes. Nous cultivons le Sacha Inchi (Plukenetia volubilis) et le transformons en ce que nous croyons \u00eatre une gamme passionnante de produits.\" \/>\n<meta property=\"og:url\" content=\"https:\/\/sachainchilaos.com\/en\/about-us\/\" \/>\n<meta property=\"og:site_name\" content=\"Sacha Inchi Laos\" \/>\n<meta property=\"article:publisher\" content=\"https:\/\/www.facebook.com\/maiSavanhLaoColtd\" \/>\n<meta property=\"article:modified_time\" content=\"2018-12-10T10:46:48+00:00\" \/>\n<meta name=\"twitter:card\" content=\"summary_large_image\" \/>\n<script type=\"application\/ld+json\" class=\"yoast-schema-graph\">{\"@context\":\"https:\\\/\\\/schema.org\",\"@graph\":[{\"@type\":\"WebPage\",\"@id\":\"https:\\\/\\\/sachainchilaos.com\\\/en\\\/about-us\\\/\",\"url\":\"https:\\\/\\\/sachainchilaos.com\\\/en\\\/about-us\\\/\",\"name\":\"ABOUT US - Sacha Inchi Laos\",\"isPartOf\":{\"@id\":\"https:\\\/\\\/sachainchilaos.com\\\/#website\"},\"datePublished\":\"2018-07-13T10:17:40+00:00\",\"dateModified\":\"2018-12-10T10:46:48+00:00\",\"description\":\"(Fran\u00e7ais) Ma\u00ef Savanh Lao vous pr\u00e9sente son site web dont l'objectif est d'\u00eatre un fournisseur majeur de Sacha Inchi sous toutes ses formes. Nous cultivons le Sacha Inchi (Plukenetia volubilis) et le transformons en ce que nous croyons \u00eatre une gamme passionnante de produits.\",\"breadcrumb\":{\"@id\":\"https:\\\/\\\/sachainchilaos.com\\\/en\\\/about-us\\\/#breadcrumb\"},\"inLanguage\":\"en-US\",\"potentialAction\":[{\"@type\":\"ReadAction\",\"target\":[\"https:\\\/\\\/sachainchilaos.com\\\/en\\\/about-us\\\/\"]}]},{\"@type\":\"BreadcrumbList\",\"@id\":\"https:\\\/\\\/sachainchilaos.com\\\/en\\\/about-us\\\/#breadcrumb\",\"itemListElement\":[{\"@type\":\"ListItem\",\"position\":1,\"name\":\"Accueil\",\"item\":\"https:\\\/\\\/sachainchilaos.com\\\/\"},{\"@type\":\"ListItem\",\"position\":2,\"name\":\"ABOUT US\"}]},{\"@type\":\"WebSite\",\"@id\":\"https:\\\/\\\/sachainchilaos.com\\\/#website\",\"url\":\"https:\\\/\\\/sachainchilaos.com\\\/\",\"name\":\"Sacha Inchi Laos\",\"description\":\"A Seed Unusually Rich in Omega 3\",\"publisher\":{\"@id\":\"https:\\\/\\\/sachainchilaos.com\\\/#organization\"},\"potentialAction\":[{\"@type\":\"SearchAction\",\"target\":{\"@type\":\"EntryPoint\",\"urlTemplate\":\"https:\\\/\\\/sachainchilaos.com\\\/?s={search_term_string}\"},\"query-input\":{\"@type\":\"PropertyValueSpecification\",\"valueRequired\":true,\"valueName\":\"search_term_string\"}}],\"inLanguage\":\"en-US\"},{\"@type\":\"Organization\",\"@id\":\"https:\\\/\\\/sachainchilaos.com\\\/#organization\",\"name\":\"Ma\u00ef Savanh Lao\",\"url\":\"https:\\\/\\\/sachainchilaos.com\\\/\",\"logo\":{\"@type\":\"ImageObject\",\"inLanguage\":\"en-US\",\"@id\":\"https:\\\/\\\/sachainchilaos.com\\\/#\\\/schema\\\/logo\\\/image\\\/\",\"url\":\"https:\\\/\\\/sachainchilaos.com\\\/wp-content\\\/uploads\\\/2017\\\/10\\\/MSL_NBweb.png\",\"contentUrl\":\"https:\\\/\\\/sachainchilaos.com\\\/wp-content\\\/uploads\\\/2017\\\/10\\\/MSL_NBweb.png\",\"width\":800,\"height\":447,\"caption\":\"Ma\u00ef Savanh Lao\"},\"image\":{\"@id\":\"https:\\\/\\\/sachainchilaos.com\\\/#\\\/schema\\\/logo\\\/image\\\/\"},\"sameAs\":[\"https:\\\/\\\/www.facebook.com\\\/maiSavanhLaoColtd\"]}]}<\/script>\n<!-- \/ Yoast SEO plugin. -->","yoast_head_json":{"title":"ABOUT US - Sacha Inchi Laos","description":"(Fran\u00e7ais) Ma\u00ef Savanh Lao vous pr\u00e9sente son site web dont l'objectif est d'\u00eatre un fournisseur majeur de Sacha Inchi sous toutes ses formes. Nous cultivons le Sacha Inchi (Plukenetia volubilis) et le transformons en ce que nous croyons \u00eatre une gamme passionnante de produits.","robots":{"index":"index","follow":"follow","max-snippet":"max-snippet:-1","max-image-preview":"max-image-preview:large","max-video-preview":"max-video-preview:-1"},"canonical":"https:\/\/sachainchilaos.com\/en\/about-us\/","og_locale":"en_US","og_type":"article","og_title":"ABOUT US - Sacha Inchi Laos","og_description":"(Fran\u00e7ais) Ma\u00ef Savanh Lao vous pr\u00e9sente son site web dont l'objectif est d'\u00eatre un fournisseur majeur de Sacha Inchi sous toutes ses formes. Nous cultivons le Sacha Inchi (Plukenetia volubilis) et le transformons en ce que nous croyons \u00eatre une gamme passionnante de produits.","og_url":"https:\/\/sachainchilaos.com\/en\/about-us\/","og_site_name":"Sacha Inchi Laos","article_publisher":"https:\/\/www.facebook.com\/maiSavanhLaoColtd","article_modified_time":"2018-12-10T10:46:48+00:00","twitter_card":"summary_large_image","schema":{"@context":"https:\/\/schema.org","@graph":[{"@type":"WebPage","@id":"https:\/\/sachainchilaos.com\/en\/about-us\/","url":"https:\/\/sachainchilaos.com\/en\/about-us\/","name":"ABOUT US - Sacha Inchi Laos","isPartOf":{"@id":"https:\/\/sachainchilaos.com\/#website"},"datePublished":"2018-07-13T10:17:40+00:00","dateModified":"2018-12-10T10:46:48+00:00","description":"(Fran\u00e7ais) Ma\u00ef Savanh Lao vous pr\u00e9sente son site web dont l'objectif est d'\u00eatre un fournisseur majeur de Sacha Inchi sous toutes ses formes. Nous cultivons le Sacha Inchi (Plukenetia volubilis) et le transformons en ce que nous croyons \u00eatre une gamme passionnante de produits.","breadcrumb":{"@id":"https:\/\/sachainchilaos.com\/en\/about-us\/#breadcrumb"},"inLanguage":"en-US","potentialAction":[{"@type":"ReadAction","target":["https:\/\/sachainchilaos.com\/en\/about-us\/"]}]},{"@type":"BreadcrumbList","@id":"https:\/\/sachainchilaos.com\/en\/about-us\/#breadcrumb","itemListElement":[{"@type":"ListItem","position":1,"name":"Accueil","item":"https:\/\/sachainchilaos.com\/"},{"@type":"ListItem","position":2,"name":"ABOUT US"}]},{"@type":"WebSite","@id":"https:\/\/sachainchilaos.com\/#website","url":"https:\/\/sachainchilaos.com\/","name":"Sacha Inchi Laos","description":"A Seed Unusually Rich in Omega 3","publisher":{"@id":"https:\/\/sachainchilaos.com\/#organization"},"potentialAction":[{"@type":"SearchAction","target":{"@type":"EntryPoint","urlTemplate":"https:\/\/sachainchilaos.com\/?s={search_term_string}"},"query-input":{"@type":"PropertyValueSpecification","valueRequired":true,"valueName":"search_term_string"}}],"inLanguage":"en-US"},{"@type":"Organization","@id":"https:\/\/sachainchilaos.com\/#organization","name":"Ma\u00ef Savanh Lao","url":"https:\/\/sachainchilaos.com\/","logo":{"@type":"ImageObject","inLanguage":"en-US","@id":"https:\/\/sachainchilaos.com\/#\/schema\/logo\/image\/","url":"https:\/\/sachainchilaos.com\/wp-content\/uploads\/2017\/10\/MSL_NBweb.png","contentUrl":"https:\/\/sachainchilaos.com\/wp-content\/uploads\/2017\/10\/MSL_NBweb.png","width":800,"height":447,"caption":"Ma\u00ef Savanh Lao"},"image":{"@id":"https:\/\/sachainchilaos.com\/#\/schema\/logo\/image\/"},"sameAs":["https:\/\/www.facebook.com\/maiSavanhLaoColtd"]}]}},"_links":{"self":[{"href":"https:\/\/sachainchilaos.com\/en\/wp-json\/wp\/v2\/pages\/1003","targetHints":{"allow":["GET"]}}],"collection":[{"href":"https:\/\/sachainchilaos.com\/en\/wp-json\/wp\/v2\/pages"}],"about":[{"href":"https:\/\/sachainchilaos.com\/en\/wp-json\/wp\/v2\/types\/page"}],"author":[{"embeddable":true,"href":"https:\/\/sachainchilaos.com\/en\/wp-json\/wp\/v2\/users\/1"}],"replies":[{"embeddable":true,"href":"https:\/\/sachainchilaos.com\/en\/wp-json\/wp\/v2\/comments?post=1003"}],"version-history":[{"count":1,"href":"https:\/\/sachainchilaos.com\/en\/wp-json\/wp\/v2\/pages\/1003\/revisions"}],"predecessor-version":[{"id":1004,"href":"https:\/\/sachainchilaos.com\/en\/wp-json\/wp\/v2\/pages\/1003\/revisions\/1004"}],"wp:attachment":[{"href":"https:\/\/sachainchilaos.com\/en\/wp-json\/wp\/v2\/media?parent=1003"}],"curies":[{"name":"wp","href":"https:\/\/api.w.org\/{rel}","templated":true}]}}