{"id":10,"date":"2017-10-08T14:29:02","date_gmt":"2017-10-08T12:29:02","guid":{"rendered":"http:\/\/sachainchilaos.com\/indexWP.php\/?page_id=10"},"modified":"2019-08-10T14:31:21","modified_gmt":"2019-08-10T12:31:21","slug":"mai-savanh-lao","status":"publish","type":"page","link":"https:\/\/sachainchilaos.com\/en\/mai-savanh-lao\/","title":{"rendered":"Ma\u00ef Savanh Lao Company"},"content":{"rendered":"<div class=\"csRow\">\n<div class=\"csColumnGap\" style=\"margin: 0px; padding: 0px; float: left; width: 3.33%;\"><img decoding=\"async\" style=\"border: none;\" src=\"http:\/\/sachainchilaos.com\/wp-content\/plugins\/advanced-wp-columns\/assets\/js\/plugins\/views\/img\/1x1-pixel.png\" \/><\/div>\n<div class=\"csColumn\" style=\"margin: 0px; padding: 0px; float: left; width: 35%;\" data-csstartpoint=\"32\" data-csendpoint=\"368\" data-cswidth=\"35.0%\" data-csid=\"44cae4ea-36a6-15f0-860d-13c33d2bdffe\">\n<h2>BRIEF MESSAGE FROM OUR CEO<br \/>\nAND CO-FOUNDER.<\/h2>\n<p>&nbsp;<\/p>\n<p style=\"text-align: justify;\">It is with great pleasure that <strong>Ma\u00ef Savanh Lao<\/strong> bring to you this latest website on all our products, fulfilling our aim to be a major supplier of Sacha Inchi in its many forms. We farm Sacha Inchi (<em>Plukenetia volubilis<\/em>) and process it into what we believe is an exciting range of products. Important to us is the provision we offer in being that link between the farmers here in Laos and the end customer.<\/p>\n<p style=\"text-align: justify;\">Our commitment is to share one of the world\u2019s most healthy foods available and continue to support the development of this product further into the future.<\/p>\n<p style=\"text-align: justify;\">Our principles remain our strong commitment to sustainability and social responsibility, which are reflected in the recognition we have gained as a Fair Trade certified enterprise as of 2009. We are proud of this achievement and will strive to do even better. What is important for us is the position we occupy in being this link between the farmer here in Laos and the end customer.<\/p>\n<p style=\"text-align: justify;\">Please contact us as we look forward to the conversation with you and all enquires will be very welcome.<\/p>\n<p>&nbsp;<\/p>\n<p style=\"text-align: right;\">Dr. Philippe Schmidt<\/p>\n<p style=\"text-align: right;\">CEO and Co-founder Ma\u00ef Savanh Lao<\/p>\n<p style=\"text-align: right;\">March 2018<\/p>\n<\/div>\n<div class=\"csColumnGap\" style=\"margin: 0px; padding: 0px; float: left; width: 6.98%;\"><img decoding=\"async\" style=\"border: none;\" src=\"http:\/\/sachainchilaos.com\/wp-content\/plugins\/advanced-wp-columns\/assets\/js\/plugins\/views\/img\/1x1-pixel.png\" \/><\/div>\n<div class=\"csColumn\" style=\"margin: 0px; padding: 0px; float: left; width: 23.4%;\" data-csstartpoint=\"435\" data-csendpoint=\"660\" data-cswidth=\"23.4%\" data-csid=\"b533493a-2cab-6c49-b60b-816f2eaaf61e\">\n<p>&nbsp;<\/p>\n<h3><video controls=\"controls\" width=\"222\" height=\"400\"><source src=\"http:\/\/sachainchilaos.com\/images\/SachaInchi-Omega3-6-9.mp4\" type=\"video\/mp4\" \/><track kind=\"subtitles\" src=\"http:\/\/sachainchilaos.com\/images\/en.vtt\" srclang=\"en\" label=\"Anglais\" \/><\/video><\/h3>\n<\/div>\n<div class=\"csColumnGap\" style=\"margin: 0px; padding: 0px; float: left; width: 31.3%;\"><img decoding=\"async\" style=\"border: none;\" src=\"http:\/\/sachainchilaos.com\/wp-content\/plugins\/advanced-wp-columns\/assets\/js\/plugins\/views\/img\/1x1-pixel.png\" \/><\/div>\n<div style=\"clear: both; float: none; display: block; visibility: hidden; width: 0px; font-size: 0px; line-height: 0;\"><\/div>\n<\/div>\n<p>&nbsp;<\/p>\n","protected":false},"excerpt":{"rendered":"<p>BRIEF MESSAGE FROM OUR CEO AND CO-FOUNDER. &nbsp; It is with great pleasure that Ma\u00ef Savanh Lao bring to you this latest website on all our products, fulfilling our aim to be a major supplier of Sacha Inchi in its many forms. We farm Sacha Inchi (Plukenetia volubilis) and process it into what we believe [&hellip;]<\/p>\n","protected":false},"author":1,"featured_media":194,"parent":0,"menu_order":0,"comment_status":"closed","ping_status":"closed","template":"","meta":{"footnotes":""},"class_list":["post-10","page","type-page","status-publish","has-post-thumbnail","hentry"],"yoast_head":"<!-- This site is optimized with the Yoast SEO plugin v27.3 - https:\/\/yoast.com\/product\/yoast-seo-wordpress\/ -->\n<title>Ma\u00ef Savanh Lao Company - Sacha Inchi Laos<\/title>\n<meta name=\"description\" content=\"Nous cultivons le Sacha Inchi et le transformons en une gamme passionnante de produits. Les principes de Ma\u00ef Savanh Lao demeurent notre ferme engagement en faveur du d\u00e9veloppement durable et de la responsabilit\u00e9 sociale. Nous sommes une entreprise certifi\u00e9e Commerce \u00e9quitable depuis 2009.\" \/>\n<meta name=\"robots\" content=\"index, follow, max-snippet:-1, max-image-preview:large, max-video-preview:-1\" \/>\n<link rel=\"canonical\" href=\"https:\/\/sachainchilaos.com\/mai-savanh-lao\/\" \/>\n<meta property=\"og:locale\" content=\"en_US\" \/>\n<meta property=\"og:type\" content=\"article\" \/>\n<meta property=\"og:title\" content=\"Ma\u00ef Savanh Lao Company - Sacha Inchi Laos\" \/>\n<meta property=\"og:description\" content=\"Nous cultivons le Sacha Inchi et le transformons en une gamme passionnante de produits. Les principes de Ma\u00ef Savanh Lao demeurent notre ferme engagement en faveur du d\u00e9veloppement durable et de la responsabilit\u00e9 sociale. Nous sommes une entreprise certifi\u00e9e Commerce \u00e9quitable depuis 2009.\" \/>\n<meta property=\"og:url\" content=\"https:\/\/sachainchilaos.com\/mai-savanh-lao\/\" \/>\n<meta property=\"og:site_name\" content=\"Sacha Inchi Laos\" \/>\n<meta property=\"article:publisher\" content=\"https:\/\/www.facebook.com\/maiSavanhLaoColtd\" \/>\n<meta property=\"article:modified_time\" content=\"2019-08-10T12:31:21+00:00\" \/>\n<meta property=\"og:image\" content=\"https:\/\/sachainchilaos.com\/wp-content\/uploads\/2017\/10\/img-home.jpg\" \/>\n\t<meta property=\"og:image:width\" content=\"1024\" \/>\n\t<meta property=\"og:image:height\" content=\"240\" \/>\n\t<meta property=\"og:image:type\" content=\"image\/jpeg\" \/>\n<meta name=\"twitter:card\" content=\"summary_large_image\" \/>\n<meta name=\"twitter:label1\" content=\"Est. reading time\" \/>\n\t<meta name=\"twitter:data1\" content=\"1 minute\" \/>\n<script type=\"application\/ld+json\" class=\"yoast-schema-graph\">{\"@context\":\"https:\\\/\\\/schema.org\",\"@graph\":[{\"@type\":\"WebPage\",\"@id\":\"https:\\\/\\\/sachainchilaos.com\\\/mai-savanh-lao\\\/\",\"url\":\"https:\\\/\\\/sachainchilaos.com\\\/mai-savanh-lao\\\/\",\"name\":\"Ma\u00ef Savanh Lao Company - Sacha Inchi Laos\",\"isPartOf\":{\"@id\":\"https:\\\/\\\/sachainchilaos.com\\\/#website\"},\"primaryImageOfPage\":{\"@id\":\"https:\\\/\\\/sachainchilaos.com\\\/mai-savanh-lao\\\/#primaryimage\"},\"image\":{\"@id\":\"https:\\\/\\\/sachainchilaos.com\\\/mai-savanh-lao\\\/#primaryimage\"},\"thumbnailUrl\":\"https:\\\/\\\/sachainchilaos.com\\\/wp-content\\\/uploads\\\/2017\\\/10\\\/img-home.jpg\",\"datePublished\":\"2017-10-08T12:29:02+00:00\",\"dateModified\":\"2019-08-10T12:31:21+00:00\",\"description\":\"Nous cultivons le Sacha Inchi et le transformons en une gamme passionnante de produits. Les principes de Ma\u00ef Savanh Lao demeurent notre ferme engagement en faveur du d\u00e9veloppement durable et de la responsabilit\u00e9 sociale. Nous sommes une entreprise certifi\u00e9e Commerce \u00e9quitable depuis 2009.\",\"breadcrumb\":{\"@id\":\"https:\\\/\\\/sachainchilaos.com\\\/mai-savanh-lao\\\/#breadcrumb\"},\"inLanguage\":\"en-US\",\"potentialAction\":[{\"@type\":\"ReadAction\",\"target\":[\"https:\\\/\\\/sachainchilaos.com\\\/mai-savanh-lao\\\/\"]}]},{\"@type\":\"ImageObject\",\"inLanguage\":\"en-US\",\"@id\":\"https:\\\/\\\/sachainchilaos.com\\\/mai-savanh-lao\\\/#primaryimage\",\"url\":\"https:\\\/\\\/sachainchilaos.com\\\/wp-content\\\/uploads\\\/2017\\\/10\\\/img-home.jpg\",\"contentUrl\":\"https:\\\/\\\/sachainchilaos.com\\\/wp-content\\\/uploads\\\/2017\\\/10\\\/img-home.jpg\",\"width\":1024,\"height\":240,\"caption\":\"Ma\u00ef Savanh Lao Team\"},{\"@type\":\"BreadcrumbList\",\"@id\":\"https:\\\/\\\/sachainchilaos.com\\\/mai-savanh-lao\\\/#breadcrumb\",\"itemListElement\":[{\"@type\":\"ListItem\",\"position\":1,\"name\":\"Accueil\",\"item\":\"https:\\\/\\\/sachainchilaos.com\\\/\"},{\"@type\":\"ListItem\",\"position\":2,\"name\":\"Ma\u00ef Savanh Lao\"}]},{\"@type\":\"WebSite\",\"@id\":\"https:\\\/\\\/sachainchilaos.com\\\/#website\",\"url\":\"https:\\\/\\\/sachainchilaos.com\\\/\",\"name\":\"Sacha Inchi Laos\",\"description\":\"A Seed Unusually Rich in Omega 3\",\"publisher\":{\"@id\":\"https:\\\/\\\/sachainchilaos.com\\\/#organization\"},\"potentialAction\":[{\"@type\":\"SearchAction\",\"target\":{\"@type\":\"EntryPoint\",\"urlTemplate\":\"https:\\\/\\\/sachainchilaos.com\\\/?s={search_term_string}\"},\"query-input\":{\"@type\":\"PropertyValueSpecification\",\"valueRequired\":true,\"valueName\":\"search_term_string\"}}],\"inLanguage\":\"en-US\"},{\"@type\":\"Organization\",\"@id\":\"https:\\\/\\\/sachainchilaos.com\\\/#organization\",\"name\":\"Ma\u00ef Savanh Lao\",\"url\":\"https:\\\/\\\/sachainchilaos.com\\\/\",\"logo\":{\"@type\":\"ImageObject\",\"inLanguage\":\"en-US\",\"@id\":\"https:\\\/\\\/sachainchilaos.com\\\/#\\\/schema\\\/logo\\\/image\\\/\",\"url\":\"https:\\\/\\\/sachainchilaos.com\\\/wp-content\\\/uploads\\\/2017\\\/10\\\/MSL_NBweb.png\",\"contentUrl\":\"https:\\\/\\\/sachainchilaos.com\\\/wp-content\\\/uploads\\\/2017\\\/10\\\/MSL_NBweb.png\",\"width\":800,\"height\":447,\"caption\":\"Ma\u00ef Savanh Lao\"},\"image\":{\"@id\":\"https:\\\/\\\/sachainchilaos.com\\\/#\\\/schema\\\/logo\\\/image\\\/\"},\"sameAs\":[\"https:\\\/\\\/www.facebook.com\\\/maiSavanhLaoColtd\"]}]}<\/script>\n<!-- \/ Yoast SEO plugin. -->","yoast_head_json":{"title":"Ma\u00ef Savanh Lao Company - Sacha Inchi Laos","description":"Nous cultivons le Sacha Inchi et le transformons en une gamme passionnante de produits. Les principes de Ma\u00ef Savanh Lao demeurent notre ferme engagement en faveur du d\u00e9veloppement durable et de la responsabilit\u00e9 sociale. Nous sommes une entreprise certifi\u00e9e Commerce \u00e9quitable depuis 2009.","robots":{"index":"index","follow":"follow","max-snippet":"max-snippet:-1","max-image-preview":"max-image-preview:large","max-video-preview":"max-video-preview:-1"},"canonical":"https:\/\/sachainchilaos.com\/mai-savanh-lao\/","og_locale":"en_US","og_type":"article","og_title":"Ma\u00ef Savanh Lao Company - Sacha Inchi Laos","og_description":"Nous cultivons le Sacha Inchi et le transformons en une gamme passionnante de produits. Les principes de Ma\u00ef Savanh Lao demeurent notre ferme engagement en faveur du d\u00e9veloppement durable et de la responsabilit\u00e9 sociale. Nous sommes une entreprise certifi\u00e9e Commerce \u00e9quitable depuis 2009.","og_url":"https:\/\/sachainchilaos.com\/mai-savanh-lao\/","og_site_name":"Sacha Inchi Laos","article_publisher":"https:\/\/www.facebook.com\/maiSavanhLaoColtd","article_modified_time":"2019-08-10T12:31:21+00:00","og_image":[{"width":1024,"height":240,"url":"https:\/\/sachainchilaos.com\/wp-content\/uploads\/2017\/10\/img-home.jpg","type":"image\/jpeg"}],"twitter_card":"summary_large_image","twitter_misc":{"Est. reading time":"1 minute"},"schema":{"@context":"https:\/\/schema.org","@graph":[{"@type":"WebPage","@id":"https:\/\/sachainchilaos.com\/mai-savanh-lao\/","url":"https:\/\/sachainchilaos.com\/mai-savanh-lao\/","name":"Ma\u00ef Savanh Lao Company - Sacha Inchi Laos","isPartOf":{"@id":"https:\/\/sachainchilaos.com\/#website"},"primaryImageOfPage":{"@id":"https:\/\/sachainchilaos.com\/mai-savanh-lao\/#primaryimage"},"image":{"@id":"https:\/\/sachainchilaos.com\/mai-savanh-lao\/#primaryimage"},"thumbnailUrl":"https:\/\/sachainchilaos.com\/wp-content\/uploads\/2017\/10\/img-home.jpg","datePublished":"2017-10-08T12:29:02+00:00","dateModified":"2019-08-10T12:31:21+00:00","description":"Nous cultivons le Sacha Inchi et le transformons en une gamme passionnante de produits. Les principes de Ma\u00ef Savanh Lao demeurent notre ferme engagement en faveur du d\u00e9veloppement durable et de la responsabilit\u00e9 sociale. Nous sommes une entreprise certifi\u00e9e Commerce \u00e9quitable depuis 2009.","breadcrumb":{"@id":"https:\/\/sachainchilaos.com\/mai-savanh-lao\/#breadcrumb"},"inLanguage":"en-US","potentialAction":[{"@type":"ReadAction","target":["https:\/\/sachainchilaos.com\/mai-savanh-lao\/"]}]},{"@type":"ImageObject","inLanguage":"en-US","@id":"https:\/\/sachainchilaos.com\/mai-savanh-lao\/#primaryimage","url":"https:\/\/sachainchilaos.com\/wp-content\/uploads\/2017\/10\/img-home.jpg","contentUrl":"https:\/\/sachainchilaos.com\/wp-content\/uploads\/2017\/10\/img-home.jpg","width":1024,"height":240,"caption":"Ma\u00ef Savanh Lao Team"},{"@type":"BreadcrumbList","@id":"https:\/\/sachainchilaos.com\/mai-savanh-lao\/#breadcrumb","itemListElement":[{"@type":"ListItem","position":1,"name":"Accueil","item":"https:\/\/sachainchilaos.com\/"},{"@type":"ListItem","position":2,"name":"Ma\u00ef Savanh Lao"}]},{"@type":"WebSite","@id":"https:\/\/sachainchilaos.com\/#website","url":"https:\/\/sachainchilaos.com\/","name":"Sacha Inchi Laos","description":"A Seed Unusually Rich in Omega 3","publisher":{"@id":"https:\/\/sachainchilaos.com\/#organization"},"potentialAction":[{"@type":"SearchAction","target":{"@type":"EntryPoint","urlTemplate":"https:\/\/sachainchilaos.com\/?s={search_term_string}"},"query-input":{"@type":"PropertyValueSpecification","valueRequired":true,"valueName":"search_term_string"}}],"inLanguage":"en-US"},{"@type":"Organization","@id":"https:\/\/sachainchilaos.com\/#organization","name":"Ma\u00ef Savanh Lao","url":"https:\/\/sachainchilaos.com\/","logo":{"@type":"ImageObject","inLanguage":"en-US","@id":"https:\/\/sachainchilaos.com\/#\/schema\/logo\/image\/","url":"https:\/\/sachainchilaos.com\/wp-content\/uploads\/2017\/10\/MSL_NBweb.png","contentUrl":"https:\/\/sachainchilaos.com\/wp-content\/uploads\/2017\/10\/MSL_NBweb.png","width":800,"height":447,"caption":"Ma\u00ef Savanh Lao"},"image":{"@id":"https:\/\/sachainchilaos.com\/#\/schema\/logo\/image\/"},"sameAs":["https:\/\/www.facebook.com\/maiSavanhLaoColtd"]}]}},"_links":{"self":[{"href":"https:\/\/sachainchilaos.com\/en\/wp-json\/wp\/v2\/pages\/10","targetHints":{"allow":["GET"]}}],"collection":[{"href":"https:\/\/sachainchilaos.com\/en\/wp-json\/wp\/v2\/pages"}],"about":[{"href":"https:\/\/sachainchilaos.com\/en\/wp-json\/wp\/v2\/types\/page"}],"author":[{"embeddable":true,"href":"https:\/\/sachainchilaos.com\/en\/wp-json\/wp\/v2\/users\/1"}],"replies":[{"embeddable":true,"href":"https:\/\/sachainchilaos.com\/en\/wp-json\/wp\/v2\/comments?post=10"}],"version-history":[{"count":86,"href":"https:\/\/sachainchilaos.com\/en\/wp-json\/wp\/v2\/pages\/10\/revisions"}],"predecessor-version":[{"id":1247,"href":"https:\/\/sachainchilaos.com\/en\/wp-json\/wp\/v2\/pages\/10\/revisions\/1247"}],"wp:featuredmedia":[{"embeddable":true,"href":"https:\/\/sachainchilaos.com\/en\/wp-json\/wp\/v2\/media\/194"}],"wp:attachment":[{"href":"https:\/\/sachainchilaos.com\/en\/wp-json\/wp\/v2\/media?parent=10"}],"curies":[{"name":"wp","href":"https:\/\/api.w.org\/{rel}","templated":true}]}}