{"id":937,"date":"2018-06-21T13:27:08","date_gmt":"2018-06-21T11:27:08","guid":{"rendered":"http:\/\/sachainchilaos.com\/?post_type=product&#038;p=937"},"modified":"2021-05-23T11:06:09","modified_gmt":"2021-05-23T09:06:09","slug":"sacha-inchi-softgel","status":"publish","type":"product","link":"https:\/\/sachainchilaos.com\/de\/produit\/sacha-inchi-softgel\/","title":{"rendered":"SACHA INCHI KAPSELN"},"content":{"rendered":"<p>Sacha Inchi \u00d6l ist reich an Omega 3, 6 und 9 (92%) unges\u00e4ttigten Fetts\u00e4uren, kein Transfett, kein Cholesterin, kein GVO, keine Bestrahlung und kein Gluten. Verwandelt in eine glutenfreie und erdnussfreie Einrichtung. Es ist ein 100% veganes Produkt.<\/p>\n<p><b><u>VERWENDET:<\/u><\/b><br \/>\n\u2022 Um die t\u00e4gliche Einnahme von Omega zu bereichern.<br \/>\n\u2022 Nehmen Sie 3 bis 6 Kapseln pro Tag ein.<\/p>","protected":false},"excerpt":{"rendered":"<p>Die Softgels enthalten 100% Sacha Inchi \u00d6l mit einem sehr hohen Gehalt an Omega 3, 6 und 9 (92%). Sie sind 100% vegan und enthalten keine Zusatzstoffe oder Konservierungsstoffe.<\/p>\n<div id=\"accordions-948\" class=\"accordions-948 accordions\" data-accordions={&quot;lazyLoad&quot;:false,&quot;id&quot;:&quot;948&quot;,&quot;event&quot;:&quot;click&quot;,&quot;collapsible&quot;:&quot;true&quot;,&quot;heightStyle&quot;:&quot;content&quot;,&quot;animateStyle&quot;:&quot;swing&quot;,&quot;animateDelay&quot;:1000,&quot;navigation&quot;:true,&quot;active&quot;:999,&quot;expandedOther&quot;:&quot;no&quot;}>\r\n                <div class=\"items\" >\r\n    \r\n            <div post_id=\"948\" itemcount=\"0\"  header_id=\"header-0\" id=\"header-0\" style=\"\" class=\"accordions-head head0 border-none\" toggle-text=\"\" main-text=\"N\u00c4HRWERTANGABEN F\u00dcR 3 KAPSELN\">\r\n                                    <span id=\"accordion-icons-0\" class=\"accordion-icons\">\r\n                        <span class=\"accordion-icon-active accordion-plus\"><i class=\"fa fa-chevron-up\"><\/i><\/span>\r\n                        <span class=\"accordion-icon-inactive accordion-minus\"><i class=\"fa fa-chevron-down\"><\/i><\/span>\r\n                    <\/span>\r\n                    <span id=\"header-text-0\" class=\"accordions-head-title\">N\u00c4HRWERTANGABEN F\u00dcR 3 KAPSELN<\/span>\r\n                            <\/div>\r\n            <div class=\"accordion-content content0 \">\r\n                <table>\n<thead><\/thead>\n<tbody>\n<tr>\n<td><strong>Energie<\/strong><\/td>\n<td>128,86 kJ \/ 31,22 kcal<\/td>\n<\/tr>\n<tr>\n<td><strong>Fett davon :<\/strong><\/td>\n<td>3,00 g<\/td>\n<\/tr>\n<tr>\n<td>Ges\u00e4ttigte Fetts\u00e4uren<\/td>\n<td>0,21 g<\/td>\n<\/tr>\n<tr>\n<td>Unges\u00e4ttigte fetts\u00e4uren<\/td>\n<td>2,70 g<\/td>\n<\/tr>\n<tr>\n<td><strong>Kohlenhydrate<\/strong><\/td>\n<td>0,38 g<\/td>\n<\/tr>\n<tr>\n<td>davon Zucker<\/td>\n<td>0 g<\/td>\n<\/tr>\n<tr>\n<td><strong>Eiwei\u00df<\/strong><\/td>\n<td>0,82 g<\/td>\n<\/tr>\n<tr>\n<td><strong>Salz<\/strong><\/td>\n<td>0,01 g<\/td>\n<\/tr>\n<tr>\n<td>ANDERE KOMPONENTEN:<\/td>\n<td><\/td>\n<\/tr>\n<tr>\n<td>Sacha Inchi Speise\u00f6l (Plukenesia volubilis)<\/td>\n<td>3,00 mg<\/td>\n<\/tr>\n<tr>\n<td>Omega-3<\/td>\n<td>1,50 mg<\/td>\n<\/tr>\n<tr>\n<td>Omega-6<\/td>\n<td>1,05 mg<\/td>\n<\/tr>\n<tr>\n<td>Omega-9<\/td>\n<td>270 mg<\/td>\n<\/tr>\n<tr>\n<td>Enth\u00e4lt 90 Kapseln von<\/td>\n<td>1436,51 mg<\/td>\n<\/tr>\n<\/tbody>\n<\/table>\n            <\/div>\r\n    <\/div>\r\n\r\n\r\n\r\n            <\/div>\n","protected":false},"featured_media":938,"comment_status":"closed","ping_status":"closed","template":"","meta":[],"product_brand":[],"product_cat":[129],"product_tag":[210,80],"class_list":{"0":"post-937","1":"product","2":"type-product","3":"status-publish","4":"has-post-thumbnail","6":"product_cat-food-supplement","7":"product_tag-gelules","8":"product_tag-huile","10":"first","11":"instock","12":"shipping-taxable","13":"product-type-simple"},"yoast_head":"<!-- This site is optimized with the Yoast SEO plugin v27.4 - https:\/\/yoast.com\/product\/yoast-seo-wordpress\/ -->\n<title>SACHA INCHI KAPSELN - Sacha Inchi Laos<\/title>\n<meta name=\"robots\" content=\"index, follow, max-snippet:-1, max-image-preview:large, max-video-preview:-1\" \/>\n<link rel=\"canonical\" href=\"https:\/\/sachainchilaos.com\/produit\/sacha-inchi-softgel\/\" \/>\n<meta property=\"og:locale\" content=\"de_DE\" \/>\n<meta property=\"og:type\" content=\"article\" \/>\n<meta property=\"og:title\" content=\"SACHA INCHI KAPSELN - Sacha Inchi Laos\" \/>\n<meta property=\"og:description\" content=\"[:fr]Les softgels contiennent 100% d&#039;huile de Sacha Inchi avec une teneur tr\u00e8s \u00e9lev\u00e9e en om\u00e9ga 3, 6 et 9 (92%). Ils sont 100% v\u00e9g\u00e9taliens et ne contiennent ni additif ni agent de conservation.  [:en]The softgels contain 100% Sacha inchi Oil with very high content of Omega 3, 6 and 9 (92%). They are 100% vegan and no additives or preservatives are used.  [:de]Die Softgels enthalten 100% Sacha Inchi \u00d6l mit einem sehr hohen Gehalt an Omega 3, 6 und 9 (92%). Sie sind 100% vegan und enthalten keine Zusatzstoffe oder Konservierungsstoffe.  [:]\" \/>\n<meta property=\"og:url\" content=\"https:\/\/sachainchilaos.com\/produit\/sacha-inchi-softgel\/\" \/>\n<meta property=\"og:site_name\" content=\"Sacha Inchi Laos\" \/>\n<meta property=\"article:publisher\" content=\"https:\/\/www.facebook.com\/maiSavanhLaoColtd\" \/>\n<meta property=\"article:modified_time\" content=\"2021-05-23T09:06:09+00:00\" \/>\n<meta property=\"og:image\" content=\"https:\/\/sachainchilaos.com\/wp-content\/uploads\/2018\/06\/SI-softgel.png\" \/>\n\t<meta property=\"og:image:width\" content=\"800\" \/>\n\t<meta property=\"og:image:height\" content=\"800\" \/>\n\t<meta property=\"og:image:type\" content=\"image\/png\" \/>\n<meta name=\"twitter:card\" content=\"summary_large_image\" \/>\n<meta name=\"twitter:label1\" content=\"Gesch\u00e4tzte Lesezeit\" \/>\n\t<meta name=\"twitter:data1\" content=\"1\u00a0Minute\" \/>\n<script type=\"application\/ld+json\" class=\"yoast-schema-graph\">{\"@context\":\"https:\\\/\\\/schema.org\",\"@graph\":[{\"@type\":\"WebPage\",\"@id\":\"https:\\\/\\\/sachainchilaos.com\\\/produit\\\/sacha-inchi-softgel\\\/\",\"url\":\"https:\\\/\\\/sachainchilaos.com\\\/produit\\\/sacha-inchi-softgel\\\/\",\"name\":\"SACHA INCHI KAPSELN - Sacha Inchi Laos\",\"isPartOf\":{\"@id\":\"https:\\\/\\\/sachainchilaos.com\\\/#website\"},\"primaryImageOfPage\":{\"@id\":\"https:\\\/\\\/sachainchilaos.com\\\/produit\\\/sacha-inchi-softgel\\\/#primaryimage\"},\"image\":{\"@id\":\"https:\\\/\\\/sachainchilaos.com\\\/produit\\\/sacha-inchi-softgel\\\/#primaryimage\"},\"thumbnailUrl\":\"https:\\\/\\\/sachainchilaos.com\\\/wp-content\\\/uploads\\\/2018\\\/06\\\/SI-softgel.png\",\"datePublished\":\"2018-06-21T11:27:08+00:00\",\"dateModified\":\"2021-05-23T09:06:09+00:00\",\"breadcrumb\":{\"@id\":\"https:\\\/\\\/sachainchilaos.com\\\/produit\\\/sacha-inchi-softgel\\\/#breadcrumb\"},\"inLanguage\":\"de\",\"potentialAction\":[{\"@type\":\"ReadAction\",\"target\":[\"https:\\\/\\\/sachainchilaos.com\\\/produit\\\/sacha-inchi-softgel\\\/\"]}]},{\"@type\":\"ImageObject\",\"inLanguage\":\"de\",\"@id\":\"https:\\\/\\\/sachainchilaos.com\\\/produit\\\/sacha-inchi-softgel\\\/#primaryimage\",\"url\":\"https:\\\/\\\/sachainchilaos.com\\\/wp-content\\\/uploads\\\/2018\\\/06\\\/SI-softgel.png\",\"contentUrl\":\"https:\\\/\\\/sachainchilaos.com\\\/wp-content\\\/uploads\\\/2018\\\/06\\\/SI-softgel.png\",\"width\":800,\"height\":800},{\"@type\":\"BreadcrumbList\",\"@id\":\"https:\\\/\\\/sachainchilaos.com\\\/produit\\\/sacha-inchi-softgel\\\/#breadcrumb\",\"itemListElement\":[{\"@type\":\"ListItem\",\"position\":1,\"name\":\"Accueil\",\"item\":\"https:\\\/\\\/sachainchilaos.com\\\/\"},{\"@type\":\"ListItem\",\"position\":2,\"name\":\"Nos Produits au Sacha Inchi\",\"item\":\"https:\\\/\\\/sachainchilaos.com\\\/nos-produits-au-sacha-inchi\\\/\"},{\"@type\":\"ListItem\",\"position\":3,\"name\":\"SACHA INCHI SOFTGEL\"}]},{\"@type\":\"WebSite\",\"@id\":\"https:\\\/\\\/sachainchilaos.com\\\/#website\",\"url\":\"https:\\\/\\\/sachainchilaos.com\\\/\",\"name\":\"Sacha Inchi Laos\",\"description\":\"Die \u201eSuper-Nuss\u201c f\u00fcr Omega 3.\",\"publisher\":{\"@id\":\"https:\\\/\\\/sachainchilaos.com\\\/#organization\"},\"potentialAction\":[{\"@type\":\"SearchAction\",\"target\":{\"@type\":\"EntryPoint\",\"urlTemplate\":\"https:\\\/\\\/sachainchilaos.com\\\/?s={search_term_string}\"},\"query-input\":{\"@type\":\"PropertyValueSpecification\",\"valueRequired\":true,\"valueName\":\"search_term_string\"}}],\"inLanguage\":\"de\"},{\"@type\":\"Organization\",\"@id\":\"https:\\\/\\\/sachainchilaos.com\\\/#organization\",\"name\":\"Ma\u00ef Savanh Lao\",\"url\":\"https:\\\/\\\/sachainchilaos.com\\\/\",\"logo\":{\"@type\":\"ImageObject\",\"inLanguage\":\"de\",\"@id\":\"https:\\\/\\\/sachainchilaos.com\\\/#\\\/schema\\\/logo\\\/image\\\/\",\"url\":\"https:\\\/\\\/sachainchilaos.com\\\/wp-content\\\/uploads\\\/2017\\\/10\\\/MSL_NBweb.png\",\"contentUrl\":\"https:\\\/\\\/sachainchilaos.com\\\/wp-content\\\/uploads\\\/2017\\\/10\\\/MSL_NBweb.png\",\"width\":800,\"height\":447,\"caption\":\"Ma\u00ef Savanh Lao\"},\"image\":{\"@id\":\"https:\\\/\\\/sachainchilaos.com\\\/#\\\/schema\\\/logo\\\/image\\\/\"},\"sameAs\":[\"https:\\\/\\\/www.facebook.com\\\/maiSavanhLaoColtd\"]}]}<\/script>\n<!-- \/ Yoast SEO plugin. -->","yoast_head_json":{"title":"SACHA INCHI KAPSELN - Sacha Inchi Laos","robots":{"index":"index","follow":"follow","max-snippet":"max-snippet:-1","max-image-preview":"max-image-preview:large","max-video-preview":"max-video-preview:-1"},"canonical":"https:\/\/sachainchilaos.com\/produit\/sacha-inchi-softgel\/","og_locale":"de_DE","og_type":"article","og_title":"SACHA INCHI KAPSELN - Sacha Inchi Laos","og_description":"[:fr]Les softgels contiennent 100% d'huile de Sacha Inchi avec une teneur tr\u00e8s \u00e9lev\u00e9e en om\u00e9ga 3, 6 et 9 (92%). Ils sont 100% v\u00e9g\u00e9taliens et ne contiennent ni additif ni agent de conservation.  [:en]The softgels contain 100% Sacha inchi Oil with very high content of Omega 3, 6 and 9 (92%). They are 100% vegan and no additives or preservatives are used.  [:de]Die Softgels enthalten 100% Sacha Inchi \u00d6l mit einem sehr hohen Gehalt an Omega 3, 6 und 9 (92%). Sie sind 100% vegan und enthalten keine Zusatzstoffe oder Konservierungsstoffe.  [:]","og_url":"https:\/\/sachainchilaos.com\/produit\/sacha-inchi-softgel\/","og_site_name":"Sacha Inchi Laos","article_publisher":"https:\/\/www.facebook.com\/maiSavanhLaoColtd","article_modified_time":"2021-05-23T09:06:09+00:00","og_image":[{"width":800,"height":800,"url":"https:\/\/sachainchilaos.com\/wp-content\/uploads\/2018\/06\/SI-softgel.png","type":"image\/png"}],"twitter_card":"summary_large_image","twitter_misc":{"Gesch\u00e4tzte Lesezeit":"1\u00a0Minute"},"schema":{"@context":"https:\/\/schema.org","@graph":[{"@type":"WebPage","@id":"https:\/\/sachainchilaos.com\/produit\/sacha-inchi-softgel\/","url":"https:\/\/sachainchilaos.com\/produit\/sacha-inchi-softgel\/","name":"SACHA INCHI KAPSELN - Sacha Inchi Laos","isPartOf":{"@id":"https:\/\/sachainchilaos.com\/#website"},"primaryImageOfPage":{"@id":"https:\/\/sachainchilaos.com\/produit\/sacha-inchi-softgel\/#primaryimage"},"image":{"@id":"https:\/\/sachainchilaos.com\/produit\/sacha-inchi-softgel\/#primaryimage"},"thumbnailUrl":"https:\/\/sachainchilaos.com\/wp-content\/uploads\/2018\/06\/SI-softgel.png","datePublished":"2018-06-21T11:27:08+00:00","dateModified":"2021-05-23T09:06:09+00:00","breadcrumb":{"@id":"https:\/\/sachainchilaos.com\/produit\/sacha-inchi-softgel\/#breadcrumb"},"inLanguage":"de","potentialAction":[{"@type":"ReadAction","target":["https:\/\/sachainchilaos.com\/produit\/sacha-inchi-softgel\/"]}]},{"@type":"ImageObject","inLanguage":"de","@id":"https:\/\/sachainchilaos.com\/produit\/sacha-inchi-softgel\/#primaryimage","url":"https:\/\/sachainchilaos.com\/wp-content\/uploads\/2018\/06\/SI-softgel.png","contentUrl":"https:\/\/sachainchilaos.com\/wp-content\/uploads\/2018\/06\/SI-softgel.png","width":800,"height":800},{"@type":"BreadcrumbList","@id":"https:\/\/sachainchilaos.com\/produit\/sacha-inchi-softgel\/#breadcrumb","itemListElement":[{"@type":"ListItem","position":1,"name":"Accueil","item":"https:\/\/sachainchilaos.com\/"},{"@type":"ListItem","position":2,"name":"Nos Produits au Sacha Inchi","item":"https:\/\/sachainchilaos.com\/nos-produits-au-sacha-inchi\/"},{"@type":"ListItem","position":3,"name":"SACHA INCHI SOFTGEL"}]},{"@type":"WebSite","@id":"https:\/\/sachainchilaos.com\/#website","url":"https:\/\/sachainchilaos.com\/","name":"Sacha Inchi Laos","description":"Die \u201eSuper-Nuss\u201c f\u00fcr Omega 3.","publisher":{"@id":"https:\/\/sachainchilaos.com\/#organization"},"potentialAction":[{"@type":"SearchAction","target":{"@type":"EntryPoint","urlTemplate":"https:\/\/sachainchilaos.com\/?s={search_term_string}"},"query-input":{"@type":"PropertyValueSpecification","valueRequired":true,"valueName":"search_term_string"}}],"inLanguage":"de"},{"@type":"Organization","@id":"https:\/\/sachainchilaos.com\/#organization","name":"Ma\u00ef Savanh Lao","url":"https:\/\/sachainchilaos.com\/","logo":{"@type":"ImageObject","inLanguage":"de","@id":"https:\/\/sachainchilaos.com\/#\/schema\/logo\/image\/","url":"https:\/\/sachainchilaos.com\/wp-content\/uploads\/2017\/10\/MSL_NBweb.png","contentUrl":"https:\/\/sachainchilaos.com\/wp-content\/uploads\/2017\/10\/MSL_NBweb.png","width":800,"height":447,"caption":"Ma\u00ef Savanh Lao"},"image":{"@id":"https:\/\/sachainchilaos.com\/#\/schema\/logo\/image\/"},"sameAs":["https:\/\/www.facebook.com\/maiSavanhLaoColtd"]}]}},"_links":{"self":[{"href":"https:\/\/sachainchilaos.com\/de\/wp-json\/wp\/v2\/product\/937","targetHints":{"allow":["GET"]}}],"collection":[{"href":"https:\/\/sachainchilaos.com\/de\/wp-json\/wp\/v2\/product"}],"about":[{"href":"https:\/\/sachainchilaos.com\/de\/wp-json\/wp\/v2\/types\/product"}],"replies":[{"embeddable":true,"href":"https:\/\/sachainchilaos.com\/de\/wp-json\/wp\/v2\/comments?post=937"}],"version-history":[{"count":1,"href":"https:\/\/sachainchilaos.com\/de\/wp-json\/wp\/v2\/product\/937\/revisions"}],"predecessor-version":[{"id":13055,"href":"https:\/\/sachainchilaos.com\/de\/wp-json\/wp\/v2\/product\/937\/revisions\/13055"}],"wp:featuredmedia":[{"embeddable":true,"href":"https:\/\/sachainchilaos.com\/de\/wp-json\/wp\/v2\/media\/938"}],"wp:attachment":[{"href":"https:\/\/sachainchilaos.com\/de\/wp-json\/wp\/v2\/media?parent=937"}],"wp:term":[{"taxonomy":"product_brand","embeddable":true,"href":"https:\/\/sachainchilaos.com\/de\/wp-json\/wp\/v2\/product_brand?post=937"},{"taxonomy":"product_cat","embeddable":true,"href":"https:\/\/sachainchilaos.com\/de\/wp-json\/wp\/v2\/product_cat?post=937"},{"taxonomy":"product_tag","embeddable":true,"href":"https:\/\/sachainchilaos.com\/de\/wp-json\/wp\/v2\/product_tag?post=937"}],"curies":[{"name":"wp","href":"https:\/\/api.w.org\/{rel}","templated":true}]}}