{"id":1239,"date":"2018-11-28T13:29:51","date_gmt":"2018-11-28T12:29:51","guid":{"rendered":"https:\/\/sachainchilaos.com\/?post_type=product&#038;p=1239"},"modified":"2021-05-23T11:05:28","modified_gmt":"2021-05-23T09:05:28","slug":"snacks4smiles-banane","status":"publish","type":"product","link":"https:\/\/sachainchilaos.com\/de\/produit\/snacks4smiles-banane\/","title":{"rendered":"SNACKS4SMILES BANANEN"},"content":{"rendered":"<p><span id=\"result_box\" class=\"\" lang=\"de\" tabindex=\"-1\"><span class=\"\">Sacha Inchi Samen mit dunkler Schokolade, Milchschokolade oder wei\u00dfer Schokolade \u00fcberzogen. Es werden keine Konservierungsstoffe verwendet.<\/span><\/span><\/p>\n<p><b><u>VERWENDUNGEN:<\/u><\/b><br \/>\n<span id=\"result_box\" class=\"\" lang=\"de\" tabindex=\"-1\">\u2022 Auf eine Scheibe Brot zum Fr\u00fchst\u00fcck oder einen Snack verteilen.<br \/>\n\u2022 Einfach mit einem L\u00f6ffel essen.<br \/>\n<span class=\"\">\u2022 Zu kochen.<\/span><\/span><\/p>","protected":false},"excerpt":{"rendered":"<p>Gute Quelle f\u00fcr Omega und Protein. Kein Palm\u00f6l hinzugef\u00fcgt. Non-GMO. Verwandelt in eine glutenfreie und erdnussfreie Einrichtung.<\/p>\n","protected":false},"featured_media":1215,"comment_status":"closed","ping_status":"closed","template":"","meta":[],"product_brand":[],"product_cat":[67],"product_tag":[158,168],"class_list":{"0":"post-1239","1":"product","2":"type-product","3":"status-publish","4":"has-post-thumbnail","6":"product_cat-alimentaire","7":"product_tag-chocolate","8":"product_tag-sacha-inchi","10":"first","11":"instock","12":"shipping-taxable","13":"product-type-simple"},"yoast_head":"<!-- This site is optimized with the Yoast SEO plugin v27.3 - https:\/\/yoast.com\/product\/yoast-seo-wordpress\/ -->\n<title>SNACKS4SMILES BANANEN - Sacha Inchi Laos<\/title>\n<meta name=\"robots\" content=\"index, follow, max-snippet:-1, max-image-preview:large, max-video-preview:-1\" \/>\n<link rel=\"canonical\" href=\"https:\/\/sachainchilaos.com\/produit\/snacks4smiles-banane\/\" \/>\n<meta property=\"og:locale\" content=\"de_DE\" \/>\n<meta property=\"og:type\" content=\"article\" \/>\n<meta property=\"og:title\" content=\"SNACKS4SMILES BANANEN - Sacha Inchi Laos\" \/>\n<meta property=\"og:description\" content=\"[:fr]Bonne source d&#039;Om\u00e9ga et de prot\u00e9ines. Aucune huile de palme ajout\u00e9e. Non-OGM. Transform\u00e9 dans un \u00e9tablissement sans gluten et sans arachides.[:en]Good source of Omega and protein. No palm oil added. Non-GMO. Transformed into a gluten-free and peanut-free establishment.[:de]Gute Quelle f\u00fcr Omega und Protein. Kein Palm\u00f6l hinzugef\u00fcgt. Non-GMO. Verwandelt in eine glutenfreie und erdnussfreie Einrichtung.[:]\" \/>\n<meta property=\"og:url\" content=\"https:\/\/sachainchilaos.com\/produit\/snacks4smiles-banane\/\" \/>\n<meta property=\"og:site_name\" content=\"Sacha Inchi Laos\" \/>\n<meta property=\"article:publisher\" content=\"https:\/\/www.facebook.com\/maiSavanhLaoColtd\" \/>\n<meta property=\"article:modified_time\" content=\"2021-05-23T09:05:28+00:00\" \/>\n<meta property=\"og:image\" content=\"https:\/\/sachainchilaos.com\/wp-content\/uploads\/2018\/11\/Img0613.jpg\" \/>\n\t<meta property=\"og:image:width\" content=\"800\" \/>\n\t<meta property=\"og:image:height\" content=\"800\" \/>\n\t<meta property=\"og:image:type\" content=\"image\/jpeg\" \/>\n<meta name=\"twitter:card\" content=\"summary_large_image\" \/>\n<meta name=\"twitter:label1\" content=\"Gesch\u00e4tzte Lesezeit\" \/>\n\t<meta name=\"twitter:data1\" content=\"1\u00a0Minute\" \/>\n<script type=\"application\/ld+json\" class=\"yoast-schema-graph\">{\"@context\":\"https:\\\/\\\/schema.org\",\"@graph\":[{\"@type\":\"WebPage\",\"@id\":\"https:\\\/\\\/sachainchilaos.com\\\/produit\\\/snacks4smiles-banane\\\/\",\"url\":\"https:\\\/\\\/sachainchilaos.com\\\/produit\\\/snacks4smiles-banane\\\/\",\"name\":\"SNACKS4SMILES BANANEN - Sacha Inchi Laos\",\"isPartOf\":{\"@id\":\"https:\\\/\\\/sachainchilaos.com\\\/#website\"},\"primaryImageOfPage\":{\"@id\":\"https:\\\/\\\/sachainchilaos.com\\\/produit\\\/snacks4smiles-banane\\\/#primaryimage\"},\"image\":{\"@id\":\"https:\\\/\\\/sachainchilaos.com\\\/produit\\\/snacks4smiles-banane\\\/#primaryimage\"},\"thumbnailUrl\":\"https:\\\/\\\/sachainchilaos.com\\\/wp-content\\\/uploads\\\/2018\\\/11\\\/Img0613.jpg\",\"datePublished\":\"2018-11-28T12:29:51+00:00\",\"dateModified\":\"2021-05-23T09:05:28+00:00\",\"breadcrumb\":{\"@id\":\"https:\\\/\\\/sachainchilaos.com\\\/produit\\\/snacks4smiles-banane\\\/#breadcrumb\"},\"inLanguage\":\"de\",\"potentialAction\":[{\"@type\":\"ReadAction\",\"target\":[\"https:\\\/\\\/sachainchilaos.com\\\/produit\\\/snacks4smiles-banane\\\/\"]}]},{\"@type\":\"ImageObject\",\"inLanguage\":\"de\",\"@id\":\"https:\\\/\\\/sachainchilaos.com\\\/produit\\\/snacks4smiles-banane\\\/#primaryimage\",\"url\":\"https:\\\/\\\/sachainchilaos.com\\\/wp-content\\\/uploads\\\/2018\\\/11\\\/Img0613.jpg\",\"contentUrl\":\"https:\\\/\\\/sachainchilaos.com\\\/wp-content\\\/uploads\\\/2018\\\/11\\\/Img0613.jpg\",\"width\":800,\"height\":800,\"caption\":\"SNACKS4SMILES\"},{\"@type\":\"BreadcrumbList\",\"@id\":\"https:\\\/\\\/sachainchilaos.com\\\/produit\\\/snacks4smiles-banane\\\/#breadcrumb\",\"itemListElement\":[{\"@type\":\"ListItem\",\"position\":1,\"name\":\"Accueil\",\"item\":\"https:\\\/\\\/sachainchilaos.com\\\/\"},{\"@type\":\"ListItem\",\"position\":2,\"name\":\"Nos Produits au Sacha Inchi\",\"item\":\"https:\\\/\\\/sachainchilaos.com\\\/nos-produits-au-sacha-inchi\\\/\"},{\"@type\":\"ListItem\",\"position\":3,\"name\":\"SNACKS4SMILES BANANE\"}]},{\"@type\":\"WebSite\",\"@id\":\"https:\\\/\\\/sachainchilaos.com\\\/#website\",\"url\":\"https:\\\/\\\/sachainchilaos.com\\\/\",\"name\":\"Sacha Inchi Laos\",\"description\":\"Die \u201eSuper-Nuss\u201c f\u00fcr Omega 3.\",\"publisher\":{\"@id\":\"https:\\\/\\\/sachainchilaos.com\\\/#organization\"},\"potentialAction\":[{\"@type\":\"SearchAction\",\"target\":{\"@type\":\"EntryPoint\",\"urlTemplate\":\"https:\\\/\\\/sachainchilaos.com\\\/?s={search_term_string}\"},\"query-input\":{\"@type\":\"PropertyValueSpecification\",\"valueRequired\":true,\"valueName\":\"search_term_string\"}}],\"inLanguage\":\"de\"},{\"@type\":\"Organization\",\"@id\":\"https:\\\/\\\/sachainchilaos.com\\\/#organization\",\"name\":\"Ma\u00ef Savanh Lao\",\"url\":\"https:\\\/\\\/sachainchilaos.com\\\/\",\"logo\":{\"@type\":\"ImageObject\",\"inLanguage\":\"de\",\"@id\":\"https:\\\/\\\/sachainchilaos.com\\\/#\\\/schema\\\/logo\\\/image\\\/\",\"url\":\"https:\\\/\\\/sachainchilaos.com\\\/wp-content\\\/uploads\\\/2017\\\/10\\\/MSL_NBweb.png\",\"contentUrl\":\"https:\\\/\\\/sachainchilaos.com\\\/wp-content\\\/uploads\\\/2017\\\/10\\\/MSL_NBweb.png\",\"width\":800,\"height\":447,\"caption\":\"Ma\u00ef Savanh Lao\"},\"image\":{\"@id\":\"https:\\\/\\\/sachainchilaos.com\\\/#\\\/schema\\\/logo\\\/image\\\/\"},\"sameAs\":[\"https:\\\/\\\/www.facebook.com\\\/maiSavanhLaoColtd\"]}]}<\/script>\n<!-- \/ Yoast SEO plugin. -->","yoast_head_json":{"title":"SNACKS4SMILES BANANEN - Sacha Inchi Laos","robots":{"index":"index","follow":"follow","max-snippet":"max-snippet:-1","max-image-preview":"max-image-preview:large","max-video-preview":"max-video-preview:-1"},"canonical":"https:\/\/sachainchilaos.com\/produit\/snacks4smiles-banane\/","og_locale":"de_DE","og_type":"article","og_title":"SNACKS4SMILES BANANEN - Sacha Inchi Laos","og_description":"[:fr]Bonne source d'Om\u00e9ga et de prot\u00e9ines. Aucune huile de palme ajout\u00e9e. Non-OGM. Transform\u00e9 dans un \u00e9tablissement sans gluten et sans arachides.[:en]Good source of Omega and protein. No palm oil added. Non-GMO. Transformed into a gluten-free and peanut-free establishment.[:de]Gute Quelle f\u00fcr Omega und Protein. Kein Palm\u00f6l hinzugef\u00fcgt. Non-GMO. Verwandelt in eine glutenfreie und erdnussfreie Einrichtung.[:]","og_url":"https:\/\/sachainchilaos.com\/produit\/snacks4smiles-banane\/","og_site_name":"Sacha Inchi Laos","article_publisher":"https:\/\/www.facebook.com\/maiSavanhLaoColtd","article_modified_time":"2021-05-23T09:05:28+00:00","og_image":[{"width":800,"height":800,"url":"https:\/\/sachainchilaos.com\/wp-content\/uploads\/2018\/11\/Img0613.jpg","type":"image\/jpeg"}],"twitter_card":"summary_large_image","twitter_misc":{"Gesch\u00e4tzte Lesezeit":"1\u00a0Minute"},"schema":{"@context":"https:\/\/schema.org","@graph":[{"@type":"WebPage","@id":"https:\/\/sachainchilaos.com\/produit\/snacks4smiles-banane\/","url":"https:\/\/sachainchilaos.com\/produit\/snacks4smiles-banane\/","name":"SNACKS4SMILES BANANEN - Sacha Inchi Laos","isPartOf":{"@id":"https:\/\/sachainchilaos.com\/#website"},"primaryImageOfPage":{"@id":"https:\/\/sachainchilaos.com\/produit\/snacks4smiles-banane\/#primaryimage"},"image":{"@id":"https:\/\/sachainchilaos.com\/produit\/snacks4smiles-banane\/#primaryimage"},"thumbnailUrl":"https:\/\/sachainchilaos.com\/wp-content\/uploads\/2018\/11\/Img0613.jpg","datePublished":"2018-11-28T12:29:51+00:00","dateModified":"2021-05-23T09:05:28+00:00","breadcrumb":{"@id":"https:\/\/sachainchilaos.com\/produit\/snacks4smiles-banane\/#breadcrumb"},"inLanguage":"de","potentialAction":[{"@type":"ReadAction","target":["https:\/\/sachainchilaos.com\/produit\/snacks4smiles-banane\/"]}]},{"@type":"ImageObject","inLanguage":"de","@id":"https:\/\/sachainchilaos.com\/produit\/snacks4smiles-banane\/#primaryimage","url":"https:\/\/sachainchilaos.com\/wp-content\/uploads\/2018\/11\/Img0613.jpg","contentUrl":"https:\/\/sachainchilaos.com\/wp-content\/uploads\/2018\/11\/Img0613.jpg","width":800,"height":800,"caption":"SNACKS4SMILES"},{"@type":"BreadcrumbList","@id":"https:\/\/sachainchilaos.com\/produit\/snacks4smiles-banane\/#breadcrumb","itemListElement":[{"@type":"ListItem","position":1,"name":"Accueil","item":"https:\/\/sachainchilaos.com\/"},{"@type":"ListItem","position":2,"name":"Nos Produits au Sacha Inchi","item":"https:\/\/sachainchilaos.com\/nos-produits-au-sacha-inchi\/"},{"@type":"ListItem","position":3,"name":"SNACKS4SMILES BANANE"}]},{"@type":"WebSite","@id":"https:\/\/sachainchilaos.com\/#website","url":"https:\/\/sachainchilaos.com\/","name":"Sacha Inchi Laos","description":"Die \u201eSuper-Nuss\u201c f\u00fcr Omega 3.","publisher":{"@id":"https:\/\/sachainchilaos.com\/#organization"},"potentialAction":[{"@type":"SearchAction","target":{"@type":"EntryPoint","urlTemplate":"https:\/\/sachainchilaos.com\/?s={search_term_string}"},"query-input":{"@type":"PropertyValueSpecification","valueRequired":true,"valueName":"search_term_string"}}],"inLanguage":"de"},{"@type":"Organization","@id":"https:\/\/sachainchilaos.com\/#organization","name":"Ma\u00ef Savanh Lao","url":"https:\/\/sachainchilaos.com\/","logo":{"@type":"ImageObject","inLanguage":"de","@id":"https:\/\/sachainchilaos.com\/#\/schema\/logo\/image\/","url":"https:\/\/sachainchilaos.com\/wp-content\/uploads\/2017\/10\/MSL_NBweb.png","contentUrl":"https:\/\/sachainchilaos.com\/wp-content\/uploads\/2017\/10\/MSL_NBweb.png","width":800,"height":447,"caption":"Ma\u00ef Savanh Lao"},"image":{"@id":"https:\/\/sachainchilaos.com\/#\/schema\/logo\/image\/"},"sameAs":["https:\/\/www.facebook.com\/maiSavanhLaoColtd"]}]}},"_links":{"self":[{"href":"https:\/\/sachainchilaos.com\/de\/wp-json\/wp\/v2\/product\/1239","targetHints":{"allow":["GET"]}}],"collection":[{"href":"https:\/\/sachainchilaos.com\/de\/wp-json\/wp\/v2\/product"}],"about":[{"href":"https:\/\/sachainchilaos.com\/de\/wp-json\/wp\/v2\/types\/product"}],"replies":[{"embeddable":true,"href":"https:\/\/sachainchilaos.com\/de\/wp-json\/wp\/v2\/comments?post=1239"}],"version-history":[{"count":1,"href":"https:\/\/sachainchilaos.com\/de\/wp-json\/wp\/v2\/product\/1239\/revisions"}],"predecessor-version":[{"id":13046,"href":"https:\/\/sachainchilaos.com\/de\/wp-json\/wp\/v2\/product\/1239\/revisions\/13046"}],"wp:featuredmedia":[{"embeddable":true,"href":"https:\/\/sachainchilaos.com\/de\/wp-json\/wp\/v2\/media\/1215"}],"wp:attachment":[{"href":"https:\/\/sachainchilaos.com\/de\/wp-json\/wp\/v2\/media?parent=1239"}],"wp:term":[{"taxonomy":"product_brand","embeddable":true,"href":"https:\/\/sachainchilaos.com\/de\/wp-json\/wp\/v2\/product_brand?post=1239"},{"taxonomy":"product_cat","embeddable":true,"href":"https:\/\/sachainchilaos.com\/de\/wp-json\/wp\/v2\/product_cat?post=1239"},{"taxonomy":"product_tag","embeddable":true,"href":"https:\/\/sachainchilaos.com\/de\/wp-json\/wp\/v2\/product_tag?post=1239"}],"curies":[{"name":"wp","href":"https:\/\/api.w.org\/{rel}","templated":true}]}}