{"id":1028,"date":"2018-08-01T14:58:12","date_gmt":"2018-08-01T12:58:12","guid":{"rendered":"http:\/\/sachainchilaos.com\/?post_type=product&#038;p=1028"},"modified":"2021-05-23T11:06:07","modified_gmt":"2021-05-23T09:06:07","slug":"sacha-inchi-praline-150g","status":"publish","type":"product","link":"https:\/\/sachainchilaos.com\/de\/produit\/sacha-inchi-praline-150g\/","title":{"rendered":"PRALINIERT VON SACHA INCHI 150g"},"content":{"rendered":"<p><span id=\"result_box\" class=\"\" lang=\"de\" tabindex=\"-1\"><span class=\"\">Zubereitung von karamellisierter Sacha Inchi Paste, gebrauchsfertig. Es ist glatt, cremig und frei von Getreide und passt sich jeder Art von Rezept an.<\/span><\/span><\/p>\n<p><b><u>VERWENDUNGEN:<\/u><\/b><br \/>\n<span id=\"result_box\" class=\"\" lang=\"de\" tabindex=\"-1\"><span class=\"\"><span class=\"tlid-translation translation\"><span class=\"\" title=\"\">\u2022 Opera revisited: Pralinenbuttercreme \/ dunkle Schokoladenganache.<\/span><br \/>\n<span class=\"\" title=\"\">\u2022 Paris Brest: Sacha Inchi leichte Pralinencreme, Haselnusspralinenf\u00fcllung und Sacha Inchi Samenflocken.<\/span><br \/>\n<span class=\"\" title=\"\">\u2022 Tausend-Pralinen-Sahne-Blatt, rote Fr\u00fcchte Marmeladen einf\u00fcgen.<\/span><br \/>\n<span class=\"\" title=\"\">\u2022 Bayerisch \/ Dessert: Pralinenmousse, rote Fr\u00fcchte.<\/span><\/span><\/span><\/span><\/p>","protected":false},"excerpt":{"rendered":"<p><span id=\"result_box\" class=\"\" lang=\"de\" tabindex=\"-1\"><span class=\"\">Die Praline von Sacha Inchi enth\u00e4lt essentielle Fetts\u00e4uren. Kein Palm\u00f6l hinzugef\u00fcgt. Non-GMO. Verwandelt in eine glutenfreie und erdnussfreie Einrichtung.<\/span><\/span><\/p>\n<div id=\"accordions-1027\" class=\"accordions-1027 accordions\" data-accordions={&quot;lazyLoad&quot;:false,&quot;id&quot;:&quot;1027&quot;,&quot;event&quot;:&quot;click&quot;,&quot;collapsible&quot;:&quot;true&quot;,&quot;heightStyle&quot;:&quot;content&quot;,&quot;animateStyle&quot;:&quot;swing&quot;,&quot;animateDelay&quot;:1000,&quot;navigation&quot;:true,&quot;active&quot;:999,&quot;expandedOther&quot;:&quot;no&quot;}>\r\n                <div class=\"items\" >\r\n    \r\n            <div post_id=\"1027\" itemcount=\"0\"  header_id=\"header-0\" id=\"header-0\" style=\"\" class=\"accordions-head head0 border-none\" toggle-text=\"\" main-text=\"N\u00c4HRWERTANGABEN F\u00dcR 100g\">\r\n                                    <span id=\"accordion-icons-0\" class=\"accordion-icons\">\r\n                        <span class=\"accordion-icon-active accordion-plus\"><i class=\"fa fa-chevron-up\"><\/i><\/span>\r\n                        <span class=\"accordion-icon-inactive accordion-minus\"><i class=\"fa fa-chevron-down\"><\/i><\/span>\r\n                    <\/span>\r\n                    <span id=\"header-text-0\" class=\"accordions-head-title\">N\u00c4HRWERTANGABEN F\u00dcR 100g<\/span>\r\n                            <\/div>\r\n            <div class=\"accordion-content content0 \">\r\n                <div class=\"table-responsive\">\n<table>\n<thead><\/thead>\n<tbody>\n<tr>\n<td><strong>Energie<\/strong><\/td>\n<td style=\"text-align: center;\">1694 kJ \/ 405 kcal<\/td>\n<td style=\"text-align: center;\">% RDI*<\/td>\n<\/tr>\n<tr>\n<td><strong>Fett davon:<\/strong><\/td>\n<td style=\"text-align: center;\">27,00 g<\/td>\n<td style=\"text-align: center;\">39%<\/td>\n<\/tr>\n<tr>\n<td>Gesa\u0308ttigte Fettsa\u0308uren<\/td>\n<td style=\"text-align: center;\">2,10 g<\/td>\n<td style=\"text-align: center;\">10%<\/td>\n<\/tr>\n<tr>\n<td><strong>Ungesa\u0308ttigte Fettsa\u0308uren<br \/>\n<\/strong><\/td>\n<td style=\"text-align: center;\"><\/td>\n<td><\/td>\n<\/tr>\n<tr>\n<td>Omega 3<\/td>\n<td style=\"text-align: center;\">12,00 g<\/td>\n<td><\/td>\n<\/tr>\n<tr>\n<td>Omega 6<\/td>\n<td style=\"text-align: center;\"><\/td>\n<td><\/td>\n<\/tr>\n<tr>\n<td><strong>Einfach unges\u00e4ttigte Fetts\u00e4uren<\/strong><\/td>\n<td style=\"text-align: center;\"><\/td>\n<td><\/td>\n<\/tr>\n<tr>\n<td><strong>Kohlenhydrate<\/strong><\/td>\n<td style=\"text-align: center;\">49,00 g<\/td>\n<td style=\"text-align: center;\">19%<\/td>\n<\/tr>\n<tr>\n<td>Zucker<\/td>\n<td style=\"text-align: center;\">32,00 g<\/td>\n<td style=\"text-align: center;\">36%<\/td>\n<\/tr>\n<tr>\n<td><strong>Eiwei\u00df<\/strong><\/td>\n<td style=\"text-align: center;\">21,00 g<\/td>\n<td style=\"text-align: center;\">42%<\/td>\n<\/tr>\n<tr>\n<td><strong>Salz<\/strong><\/td>\n<td style=\"text-align: center;\">0,89 g<\/td>\n<td style=\"text-align: center;\">6%<\/td>\n<\/tr>\n<tr>\n<td><strong>Kalzium<\/strong><\/td>\n<td style=\"text-align: center;\">0,96 g<\/td>\n<td style=\"text-align: center;\">121%<\/td>\n<\/tr>\n<\/tbody>\n<\/table>\n<p>* <span id=\"result_box\" class=\"\" lang=\"en\" tabindex=\"-1\"><span class=\"\">% der t\u00e4glichen Kalorienanforderungen (2000 Kalorien pro Tag)<br \/>\n<\/span><\/span><\/p>\n<\/div>\n            <\/div>\r\n    <\/div>\r\n\r\n\r\n\r\n            <\/div>\n","protected":false},"featured_media":1047,"comment_status":"closed","ping_status":"closed","template":"","meta":[],"product_brand":[],"product_cat":[67],"product_tag":[198,159],"class_list":{"0":"post-1028","1":"product","2":"type-product","3":"status-publish","4":"has-post-thumbnail","6":"product_cat-alimentaire","7":"product_tag-pate-a-tartiner","8":"product_tag-praline","10":"first","11":"instock","12":"shipping-taxable","13":"product-type-simple"},"yoast_head":"<!-- This site is optimized with the Yoast SEO plugin v27.4 - https:\/\/yoast.com\/product\/yoast-seo-wordpress\/ -->\n<title>PRALINIERT VON SACHA INCHI 150g - Sacha Inchi Laos<\/title>\n<meta name=\"robots\" content=\"index, follow, max-snippet:-1, max-image-preview:large, max-video-preview:-1\" \/>\n<link rel=\"canonical\" href=\"https:\/\/sachainchilaos.com\/produit\/sacha-inchi-praline-150g\/\" \/>\n<meta property=\"og:locale\" content=\"de_DE\" \/>\n<meta property=\"og:type\" content=\"article\" \/>\n<meta property=\"og:title\" content=\"PRALINIERT VON SACHA INCHI 150g - Sacha Inchi Laos\" \/>\n<meta property=\"og:description\" content=\"[:fr]Le pralin\u00e9 de Sacha Inchi contient des acides gras essentiels. Aucune huile de palme ajout\u00e9e. Non-OGM. Transform\u00e9 dans un \u00e9tablissement sans gluten et sans arachides.  [:en]Sacha Inchi praline contains essential fatty acids. No palm oil added. Non-GMO. Processed in a gluten and peanut-free facility.  [:de]Die Praline von Sacha Inchi enth\u00e4lt essentielle Fetts\u00e4uren. Kein Palm\u00f6l hinzugef\u00fcgt. Non-GMO. Verwandelt in eine glutenfreie und erdnussfreie Einrichtung.  [:]\" \/>\n<meta property=\"og:url\" content=\"https:\/\/sachainchilaos.com\/produit\/sacha-inchi-praline-150g\/\" \/>\n<meta property=\"og:site_name\" content=\"Sacha Inchi Laos\" \/>\n<meta property=\"article:publisher\" content=\"https:\/\/www.facebook.com\/maiSavanhLaoColtd\" \/>\n<meta property=\"article:modified_time\" content=\"2021-05-23T09:06:07+00:00\" \/>\n<meta property=\"og:image\" content=\"https:\/\/sachainchilaos.com\/wp-content\/uploads\/2018\/08\/SI-Praline150-Fr-2.png\" \/>\n\t<meta property=\"og:image:width\" content=\"800\" \/>\n\t<meta property=\"og:image:height\" content=\"800\" \/>\n\t<meta property=\"og:image:type\" content=\"image\/png\" \/>\n<meta name=\"twitter:card\" content=\"summary_large_image\" \/>\n<meta name=\"twitter:label1\" content=\"Gesch\u00e4tzte Lesezeit\" \/>\n\t<meta name=\"twitter:data1\" content=\"1\u00a0Minute\" \/>\n<script type=\"application\/ld+json\" class=\"yoast-schema-graph\">{\"@context\":\"https:\\\/\\\/schema.org\",\"@graph\":[{\"@type\":\"WebPage\",\"@id\":\"https:\\\/\\\/sachainchilaos.com\\\/produit\\\/sacha-inchi-praline-150g\\\/\",\"url\":\"https:\\\/\\\/sachainchilaos.com\\\/produit\\\/sacha-inchi-praline-150g\\\/\",\"name\":\"PRALINIERT VON SACHA INCHI 150g - Sacha Inchi Laos\",\"isPartOf\":{\"@id\":\"https:\\\/\\\/sachainchilaos.com\\\/#website\"},\"primaryImageOfPage\":{\"@id\":\"https:\\\/\\\/sachainchilaos.com\\\/produit\\\/sacha-inchi-praline-150g\\\/#primaryimage\"},\"image\":{\"@id\":\"https:\\\/\\\/sachainchilaos.com\\\/produit\\\/sacha-inchi-praline-150g\\\/#primaryimage\"},\"thumbnailUrl\":\"https:\\\/\\\/sachainchilaos.com\\\/wp-content\\\/uploads\\\/2018\\\/08\\\/SI-Praline150-Fr-2.png\",\"datePublished\":\"2018-08-01T12:58:12+00:00\",\"dateModified\":\"2021-05-23T09:06:07+00:00\",\"breadcrumb\":{\"@id\":\"https:\\\/\\\/sachainchilaos.com\\\/produit\\\/sacha-inchi-praline-150g\\\/#breadcrumb\"},\"inLanguage\":\"de\",\"potentialAction\":[{\"@type\":\"ReadAction\",\"target\":[\"https:\\\/\\\/sachainchilaos.com\\\/produit\\\/sacha-inchi-praline-150g\\\/\"]}]},{\"@type\":\"ImageObject\",\"inLanguage\":\"de\",\"@id\":\"https:\\\/\\\/sachainchilaos.com\\\/produit\\\/sacha-inchi-praline-150g\\\/#primaryimage\",\"url\":\"https:\\\/\\\/sachainchilaos.com\\\/wp-content\\\/uploads\\\/2018\\\/08\\\/SI-Praline150-Fr-2.png\",\"contentUrl\":\"https:\\\/\\\/sachainchilaos.com\\\/wp-content\\\/uploads\\\/2018\\\/08\\\/SI-Praline150-Fr-2.png\",\"width\":800,\"height\":800,\"caption\":\"[:fr]Pre\u0301paration de p\u00e2te de Sacha Inchi carame\u0301lise\u0301e, pr\u00eate a\u0300 l\u2019emploi. Lisse, cre\u0301meuse et sans grain, elle s\u2019adapte facilement a\u0300 tout type de recette.[:en]Preparation of caramelized Sacha Inchi paste, ready to use. Smooth, creamy and grain free, it easily adapts to any type of recipe.[:de]Zubereitung von karamellisierter Sacha Inchi Paste, gebrauchsfertig. Es ist glatt, cremig und frei von Getreide und passt sich jeder Art von Rezept an.[:]\"},{\"@type\":\"BreadcrumbList\",\"@id\":\"https:\\\/\\\/sachainchilaos.com\\\/produit\\\/sacha-inchi-praline-150g\\\/#breadcrumb\",\"itemListElement\":[{\"@type\":\"ListItem\",\"position\":1,\"name\":\"Accueil\",\"item\":\"https:\\\/\\\/sachainchilaos.com\\\/\"},{\"@type\":\"ListItem\",\"position\":2,\"name\":\"Nos Produits au Sacha Inchi\",\"item\":\"https:\\\/\\\/sachainchilaos.com\\\/nos-produits-au-sacha-inchi\\\/\"},{\"@type\":\"ListItem\",\"position\":3,\"name\":\"PRALIN\u00c9 SACHA INCHI 150g\"}]},{\"@type\":\"WebSite\",\"@id\":\"https:\\\/\\\/sachainchilaos.com\\\/#website\",\"url\":\"https:\\\/\\\/sachainchilaos.com\\\/\",\"name\":\"Sacha Inchi Laos\",\"description\":\"Die \u201eSuper-Nuss\u201c f\u00fcr Omega 3.\",\"publisher\":{\"@id\":\"https:\\\/\\\/sachainchilaos.com\\\/#organization\"},\"potentialAction\":[{\"@type\":\"SearchAction\",\"target\":{\"@type\":\"EntryPoint\",\"urlTemplate\":\"https:\\\/\\\/sachainchilaos.com\\\/?s={search_term_string}\"},\"query-input\":{\"@type\":\"PropertyValueSpecification\",\"valueRequired\":true,\"valueName\":\"search_term_string\"}}],\"inLanguage\":\"de\"},{\"@type\":\"Organization\",\"@id\":\"https:\\\/\\\/sachainchilaos.com\\\/#organization\",\"name\":\"Ma\u00ef Savanh Lao\",\"url\":\"https:\\\/\\\/sachainchilaos.com\\\/\",\"logo\":{\"@type\":\"ImageObject\",\"inLanguage\":\"de\",\"@id\":\"https:\\\/\\\/sachainchilaos.com\\\/#\\\/schema\\\/logo\\\/image\\\/\",\"url\":\"https:\\\/\\\/sachainchilaos.com\\\/wp-content\\\/uploads\\\/2017\\\/10\\\/MSL_NBweb.png\",\"contentUrl\":\"https:\\\/\\\/sachainchilaos.com\\\/wp-content\\\/uploads\\\/2017\\\/10\\\/MSL_NBweb.png\",\"width\":800,\"height\":447,\"caption\":\"Ma\u00ef Savanh Lao\"},\"image\":{\"@id\":\"https:\\\/\\\/sachainchilaos.com\\\/#\\\/schema\\\/logo\\\/image\\\/\"},\"sameAs\":[\"https:\\\/\\\/www.facebook.com\\\/maiSavanhLaoColtd\"]}]}<\/script>\n<!-- \/ Yoast SEO plugin. -->","yoast_head_json":{"title":"PRALINIERT VON SACHA INCHI 150g - Sacha Inchi Laos","robots":{"index":"index","follow":"follow","max-snippet":"max-snippet:-1","max-image-preview":"max-image-preview:large","max-video-preview":"max-video-preview:-1"},"canonical":"https:\/\/sachainchilaos.com\/produit\/sacha-inchi-praline-150g\/","og_locale":"de_DE","og_type":"article","og_title":"PRALINIERT VON SACHA INCHI 150g - Sacha Inchi Laos","og_description":"[:fr]Le pralin\u00e9 de Sacha Inchi contient des acides gras essentiels. Aucune huile de palme ajout\u00e9e. Non-OGM. Transform\u00e9 dans un \u00e9tablissement sans gluten et sans arachides.  [:en]Sacha Inchi praline contains essential fatty acids. No palm oil added. Non-GMO. Processed in a gluten and peanut-free facility.  [:de]Die Praline von Sacha Inchi enth\u00e4lt essentielle Fetts\u00e4uren. Kein Palm\u00f6l hinzugef\u00fcgt. Non-GMO. Verwandelt in eine glutenfreie und erdnussfreie Einrichtung.  [:]","og_url":"https:\/\/sachainchilaos.com\/produit\/sacha-inchi-praline-150g\/","og_site_name":"Sacha Inchi Laos","article_publisher":"https:\/\/www.facebook.com\/maiSavanhLaoColtd","article_modified_time":"2021-05-23T09:06:07+00:00","og_image":[{"width":800,"height":800,"url":"https:\/\/sachainchilaos.com\/wp-content\/uploads\/2018\/08\/SI-Praline150-Fr-2.png","type":"image\/png"}],"twitter_card":"summary_large_image","twitter_misc":{"Gesch\u00e4tzte Lesezeit":"1\u00a0Minute"},"schema":{"@context":"https:\/\/schema.org","@graph":[{"@type":"WebPage","@id":"https:\/\/sachainchilaos.com\/produit\/sacha-inchi-praline-150g\/","url":"https:\/\/sachainchilaos.com\/produit\/sacha-inchi-praline-150g\/","name":"PRALINIERT VON SACHA INCHI 150g - Sacha Inchi Laos","isPartOf":{"@id":"https:\/\/sachainchilaos.com\/#website"},"primaryImageOfPage":{"@id":"https:\/\/sachainchilaos.com\/produit\/sacha-inchi-praline-150g\/#primaryimage"},"image":{"@id":"https:\/\/sachainchilaos.com\/produit\/sacha-inchi-praline-150g\/#primaryimage"},"thumbnailUrl":"https:\/\/sachainchilaos.com\/wp-content\/uploads\/2018\/08\/SI-Praline150-Fr-2.png","datePublished":"2018-08-01T12:58:12+00:00","dateModified":"2021-05-23T09:06:07+00:00","breadcrumb":{"@id":"https:\/\/sachainchilaos.com\/produit\/sacha-inchi-praline-150g\/#breadcrumb"},"inLanguage":"de","potentialAction":[{"@type":"ReadAction","target":["https:\/\/sachainchilaos.com\/produit\/sacha-inchi-praline-150g\/"]}]},{"@type":"ImageObject","inLanguage":"de","@id":"https:\/\/sachainchilaos.com\/produit\/sacha-inchi-praline-150g\/#primaryimage","url":"https:\/\/sachainchilaos.com\/wp-content\/uploads\/2018\/08\/SI-Praline150-Fr-2.png","contentUrl":"https:\/\/sachainchilaos.com\/wp-content\/uploads\/2018\/08\/SI-Praline150-Fr-2.png","width":800,"height":800,"caption":"[:fr]Pre\u0301paration de p\u00e2te de Sacha Inchi carame\u0301lise\u0301e, pr\u00eate a\u0300 l\u2019emploi. Lisse, cre\u0301meuse et sans grain, elle s\u2019adapte facilement a\u0300 tout type de recette.[:en]Preparation of caramelized Sacha Inchi paste, ready to use. Smooth, creamy and grain free, it easily adapts to any type of recipe.[:de]Zubereitung von karamellisierter Sacha Inchi Paste, gebrauchsfertig. Es ist glatt, cremig und frei von Getreide und passt sich jeder Art von Rezept an.[:]"},{"@type":"BreadcrumbList","@id":"https:\/\/sachainchilaos.com\/produit\/sacha-inchi-praline-150g\/#breadcrumb","itemListElement":[{"@type":"ListItem","position":1,"name":"Accueil","item":"https:\/\/sachainchilaos.com\/"},{"@type":"ListItem","position":2,"name":"Nos Produits au Sacha Inchi","item":"https:\/\/sachainchilaos.com\/nos-produits-au-sacha-inchi\/"},{"@type":"ListItem","position":3,"name":"PRALIN\u00c9 SACHA INCHI 150g"}]},{"@type":"WebSite","@id":"https:\/\/sachainchilaos.com\/#website","url":"https:\/\/sachainchilaos.com\/","name":"Sacha Inchi Laos","description":"Die \u201eSuper-Nuss\u201c f\u00fcr Omega 3.","publisher":{"@id":"https:\/\/sachainchilaos.com\/#organization"},"potentialAction":[{"@type":"SearchAction","target":{"@type":"EntryPoint","urlTemplate":"https:\/\/sachainchilaos.com\/?s={search_term_string}"},"query-input":{"@type":"PropertyValueSpecification","valueRequired":true,"valueName":"search_term_string"}}],"inLanguage":"de"},{"@type":"Organization","@id":"https:\/\/sachainchilaos.com\/#organization","name":"Ma\u00ef Savanh Lao","url":"https:\/\/sachainchilaos.com\/","logo":{"@type":"ImageObject","inLanguage":"de","@id":"https:\/\/sachainchilaos.com\/#\/schema\/logo\/image\/","url":"https:\/\/sachainchilaos.com\/wp-content\/uploads\/2017\/10\/MSL_NBweb.png","contentUrl":"https:\/\/sachainchilaos.com\/wp-content\/uploads\/2017\/10\/MSL_NBweb.png","width":800,"height":447,"caption":"Ma\u00ef Savanh Lao"},"image":{"@id":"https:\/\/sachainchilaos.com\/#\/schema\/logo\/image\/"},"sameAs":["https:\/\/www.facebook.com\/maiSavanhLaoColtd"]}]}},"_links":{"self":[{"href":"https:\/\/sachainchilaos.com\/de\/wp-json\/wp\/v2\/product\/1028","targetHints":{"allow":["GET"]}}],"collection":[{"href":"https:\/\/sachainchilaos.com\/de\/wp-json\/wp\/v2\/product"}],"about":[{"href":"https:\/\/sachainchilaos.com\/de\/wp-json\/wp\/v2\/types\/product"}],"replies":[{"embeddable":true,"href":"https:\/\/sachainchilaos.com\/de\/wp-json\/wp\/v2\/comments?post=1028"}],"version-history":[{"count":1,"href":"https:\/\/sachainchilaos.com\/de\/wp-json\/wp\/v2\/product\/1028\/revisions"}],"predecessor-version":[{"id":13051,"href":"https:\/\/sachainchilaos.com\/de\/wp-json\/wp\/v2\/product\/1028\/revisions\/13051"}],"wp:featuredmedia":[{"embeddable":true,"href":"https:\/\/sachainchilaos.com\/de\/wp-json\/wp\/v2\/media\/1047"}],"wp:attachment":[{"href":"https:\/\/sachainchilaos.com\/de\/wp-json\/wp\/v2\/media?parent=1028"}],"wp:term":[{"taxonomy":"product_brand","embeddable":true,"href":"https:\/\/sachainchilaos.com\/de\/wp-json\/wp\/v2\/product_brand?post=1028"},{"taxonomy":"product_cat","embeddable":true,"href":"https:\/\/sachainchilaos.com\/de\/wp-json\/wp\/v2\/product_cat?post=1028"},{"taxonomy":"product_tag","embeddable":true,"href":"https:\/\/sachainchilaos.com\/de\/wp-json\/wp\/v2\/product_tag?post=1028"}],"curies":[{"name":"wp","href":"https:\/\/api.w.org\/{rel}","templated":true}]}}