{"id":1015,"date":"2018-07-30T10:50:06","date_gmt":"2018-07-30T08:50:06","guid":{"rendered":"http:\/\/sachainchilaos.com\/?post_type=product&#038;p=1015"},"modified":"2021-05-23T11:06:08","modified_gmt":"2021-05-23T09:06:08","slug":"sacha-inchi-tomyam-roasted-seeds","status":"publish","type":"product","link":"https:\/\/sachainchilaos.com\/de\/produit\/sacha-inchi-tomyam-roasted-seeds\/","title":{"rendered":"SACHA INCHI SAMEN TOMYAM"},"content":{"rendered":"<p>Die Samen von Sacha Inchi werden von Kleinbauern in Laos angebaut und sortiert. Unser Produkt wird aus sorgf\u00e4ltig ausgew\u00e4hlten und sortierten Samen hergestellt, die mit Tom Yam ger\u00f6stet und aromatisiert werden. Tom Yam bringt einen exotischen und leicht w\u00fcrzigen Geschmack. Sie haben eine hohe Konzentration von Omega-3 und Protein.<\/p>\n<p><b><u>VERWENDUNGEN:<\/u><\/b><br \/>\n\u2022 Als gesunder Snack.<br \/>\n\u2022 Als Aperitif.<br \/>\n\u2022 F\u00fcgen Sie zu Salat, Teigwaren, verschiedenen Tellern hinzu.<\/p>","protected":false},"excerpt":{"rendered":"<p><span id=\"result_box\" class=\"\" lang=\"de\" tabindex=\"-1\">Sacha Inchi Samen sorgf\u00e4ltig ausgew\u00e4hlt, sortiert und Tom Yam ger\u00f6stet und aromatisiert werden. Hohe Konzentration von Omega 3. Keine Zusatzstoffe oder Konservierungsstoffe verwendet.<\/span><\/p>\n<div id=\"accordions-1017\" class=\"accordions-1017 accordions\" data-accordions={&quot;lazyLoad&quot;:false,&quot;id&quot;:&quot;1017&quot;,&quot;event&quot;:&quot;click&quot;,&quot;collapsible&quot;:&quot;true&quot;,&quot;heightStyle&quot;:&quot;content&quot;,&quot;animateStyle&quot;:&quot;swing&quot;,&quot;animateDelay&quot;:1000,&quot;navigation&quot;:true,&quot;active&quot;:999,&quot;expandedOther&quot;:&quot;no&quot;}>\r\n                <div class=\"items\" >\r\n    \r\n            <div post_id=\"1017\" itemcount=\"0\"  header_id=\"header-0\" id=\"header-0\" style=\"\" class=\"accordions-head head0 border-none\" toggle-text=\"\" main-text=\"N\u00c4HRWERTANGABEN F\u00dcR 100g\">\r\n                                    <span id=\"accordion-icons-0\" class=\"accordion-icons\">\r\n                        <span class=\"accordion-icon-active accordion-plus\"><i class=\"fa fa-chevron-up\"><\/i><\/span>\r\n                        <span class=\"accordion-icon-inactive accordion-minus\"><i class=\"fa fa-chevron-down\"><\/i><\/span>\r\n                    <\/span>\r\n                    <span id=\"header-text-0\" class=\"accordions-head-title\">N\u00c4HRWERTANGABEN F\u00dcR 100g<\/span>\r\n                            <\/div>\r\n            <div class=\"accordion-content content0 \">\r\n                <div class=\"table-responsive\">\n<table>\n<thead><\/thead>\n<tbody>\n<tr>\n<td><strong>Energie<\/strong><\/td>\n<td style=\"text-align: center;\">1884 kJ \/ 572 kcal<\/td>\n<td style=\"text-align: center;\">% RDI*<\/td>\n<\/tr>\n<tr>\n<td><strong>Fett davon:<\/strong><\/td>\n<td style=\"text-align: center;\">38,00 g<\/td>\n<td style=\"text-align: center;\">54%<\/td>\n<\/tr>\n<tr>\n<td>Gesa\u0308ttigte Fettsa\u0308uren<\/td>\n<td style=\"text-align: center;\">3,00 g<\/td>\n<td style=\"text-align: center;\">15%<\/td>\n<\/tr>\n<tr>\n<td><strong>Ungesa\u0308ttigte Fettsa\u0308uren<\/strong><\/td>\n<td style=\"text-align: center;\">33,00 g<\/td>\n<td><\/td>\n<\/tr>\n<tr>\n<td>Omega 3<\/td>\n<td style=\"text-align: center;\">17,00 g<\/td>\n<td><\/td>\n<\/tr>\n<tr>\n<td>Omega 6<\/td>\n<td style=\"text-align: center;\">15,00 g<\/td>\n<td><\/td>\n<\/tr>\n<tr>\n<td><strong>Einfach unges\u00e4ttigte Fetts\u00e4uren<\/strong><\/td>\n<td style=\"text-align: center;\">3,00 g<\/td>\n<td><\/td>\n<\/tr>\n<tr>\n<td><strong>Kohlenhydrate:<\/strong><\/td>\n<td style=\"text-align: center;\">27,00 g<\/td>\n<td style=\"text-align: center;\">10%<\/td>\n<\/tr>\n<tr>\n<td>Zucker<\/td>\n<td style=\"text-align: center;\">3,20 g<\/td>\n<td style=\"text-align: center;\">3%<\/td>\n<\/tr>\n<tr>\n<td><strong>Eiwei\u00df<\/strong><\/td>\n<td style=\"text-align: center;\">30,00 g<\/td>\n<td style=\"text-align: center;\">60%<\/td>\n<\/tr>\n<tr>\n<td><strong>Salz<\/strong><\/td>\n<td style=\"text-align: center;\">0,50 g<\/td>\n<td style=\"text-align: center;\">8,3%<\/td>\n<\/tr>\n<tr>\n<td><strong>Kalzium<\/strong><\/td>\n<td style=\"text-align: center;\">1,38 g<\/td>\n<td style=\"text-align: center;\">171%<\/td>\n<\/tr>\n<\/tbody>\n<\/table>\n<p>* <span id=\"result_box\" class=\"\" lang=\"en\" tabindex=\"-1\"><span class=\"\">% der t\u00e4glichen Kalorienanforderungen (2000 Kalorien pro Tag)<\/span><\/span><\/p>\n<\/div>\n            <\/div>\r\n    <\/div>\r\n\r\n\r\n\r\n            <\/div>\n","protected":false},"featured_media":1016,"comment_status":"closed","ping_status":"closed","template":"","meta":[],"product_brand":[],"product_cat":[67],"product_tag":[203,147],"class_list":{"0":"post-1015","1":"product","2":"type-product","3":"status-publish","4":"has-post-thumbnail","6":"product_cat-alimentaire","7":"product_tag-graine","8":"product_tag-tomyam","10":"first","11":"instock","12":"shipping-taxable","13":"product-type-simple"},"yoast_head":"<!-- This site is optimized with the Yoast SEO plugin v27.4 - https:\/\/yoast.com\/product\/yoast-seo-wordpress\/ -->\n<title>SACHA INCHI SAMEN TOMYAM - Sacha Inchi Laos<\/title>\n<meta name=\"robots\" content=\"index, follow, max-snippet:-1, max-image-preview:large, max-video-preview:-1\" \/>\n<link rel=\"canonical\" href=\"https:\/\/sachainchilaos.com\/produit\/sacha-inchi-tomyam-roasted-seeds\/\" \/>\n<meta property=\"og:locale\" content=\"de_DE\" \/>\n<meta property=\"og:type\" content=\"article\" \/>\n<meta property=\"og:title\" content=\"SACHA INCHI SAMEN TOMYAM - Sacha Inchi Laos\" \/>\n<meta property=\"og:description\" content=\"[:fr]Graines de Sacha Inchi soigneusement s\u00e9lectionn\u00e9es, tri\u00e9es et aromatis\u00e9es au Tom Yam. Haute concentration en Om\u00e9ga 3. Aucun additif ni agent de conservation n&#039;est utilis\u00e9.  [:en]Sacha Inchi seeds carefully selected, sorted and\u00a0flavoured with Tom Yam. High concentration of Omega 3. No additives or preservatives are used.  [:de]Sacha Inchi Samen sorgf\u00e4ltig ausgew\u00e4hlt, sortiert und Tom Yam ger\u00f6stet und aromatisiert werden. Hohe Konzentration von Omega 3. Keine Zusatzstoffe oder Konservierungsstoffe verwendet.  [:]\" \/>\n<meta property=\"og:url\" content=\"https:\/\/sachainchilaos.com\/produit\/sacha-inchi-tomyam-roasted-seeds\/\" \/>\n<meta property=\"og:site_name\" content=\"Sacha Inchi Laos\" \/>\n<meta property=\"article:publisher\" content=\"https:\/\/www.facebook.com\/maiSavanhLaoColtd\" \/>\n<meta property=\"article:modified_time\" content=\"2021-05-23T09:06:08+00:00\" \/>\n<meta property=\"og:image\" content=\"https:\/\/sachainchilaos.com\/wp-content\/uploads\/2018\/07\/SI-Tomyam-Fr.png\" \/>\n\t<meta property=\"og:image:width\" content=\"800\" \/>\n\t<meta property=\"og:image:height\" content=\"800\" \/>\n\t<meta property=\"og:image:type\" content=\"image\/png\" \/>\n<meta name=\"twitter:card\" content=\"summary_large_image\" \/>\n<meta name=\"twitter:label1\" content=\"Gesch\u00e4tzte Lesezeit\" \/>\n\t<meta name=\"twitter:data1\" content=\"1\u00a0Minute\" \/>\n<script type=\"application\/ld+json\" class=\"yoast-schema-graph\">{\"@context\":\"https:\\\/\\\/schema.org\",\"@graph\":[{\"@type\":\"WebPage\",\"@id\":\"https:\\\/\\\/sachainchilaos.com\\\/produit\\\/sacha-inchi-tomyam-roasted-seeds\\\/\",\"url\":\"https:\\\/\\\/sachainchilaos.com\\\/produit\\\/sacha-inchi-tomyam-roasted-seeds\\\/\",\"name\":\"SACHA INCHI SAMEN TOMYAM - Sacha Inchi Laos\",\"isPartOf\":{\"@id\":\"https:\\\/\\\/sachainchilaos.com\\\/#website\"},\"primaryImageOfPage\":{\"@id\":\"https:\\\/\\\/sachainchilaos.com\\\/produit\\\/sacha-inchi-tomyam-roasted-seeds\\\/#primaryimage\"},\"image\":{\"@id\":\"https:\\\/\\\/sachainchilaos.com\\\/produit\\\/sacha-inchi-tomyam-roasted-seeds\\\/#primaryimage\"},\"thumbnailUrl\":\"https:\\\/\\\/sachainchilaos.com\\\/wp-content\\\/uploads\\\/2018\\\/07\\\/SI-Tomyam-Fr.png\",\"datePublished\":\"2018-07-30T08:50:06+00:00\",\"dateModified\":\"2021-05-23T09:06:08+00:00\",\"breadcrumb\":{\"@id\":\"https:\\\/\\\/sachainchilaos.com\\\/produit\\\/sacha-inchi-tomyam-roasted-seeds\\\/#breadcrumb\"},\"inLanguage\":\"de\",\"potentialAction\":[{\"@type\":\"ReadAction\",\"target\":[\"https:\\\/\\\/sachainchilaos.com\\\/produit\\\/sacha-inchi-tomyam-roasted-seeds\\\/\"]}]},{\"@type\":\"ImageObject\",\"inLanguage\":\"de\",\"@id\":\"https:\\\/\\\/sachainchilaos.com\\\/produit\\\/sacha-inchi-tomyam-roasted-seeds\\\/#primaryimage\",\"url\":\"https:\\\/\\\/sachainchilaos.com\\\/wp-content\\\/uploads\\\/2018\\\/07\\\/SI-Tomyam-Fr.png\",\"contentUrl\":\"https:\\\/\\\/sachainchilaos.com\\\/wp-content\\\/uploads\\\/2018\\\/07\\\/SI-Tomyam-Fr.png\",\"width\":800,\"height\":800,\"caption\":\"Sacha Inchi Tomyam roasted seeds\"},{\"@type\":\"BreadcrumbList\",\"@id\":\"https:\\\/\\\/sachainchilaos.com\\\/produit\\\/sacha-inchi-tomyam-roasted-seeds\\\/#breadcrumb\",\"itemListElement\":[{\"@type\":\"ListItem\",\"position\":1,\"name\":\"Accueil\",\"item\":\"https:\\\/\\\/sachainchilaos.com\\\/\"},{\"@type\":\"ListItem\",\"position\":2,\"name\":\"Nos Produits au Sacha Inchi\",\"item\":\"https:\\\/\\\/sachainchilaos.com\\\/nos-produits-au-sacha-inchi\\\/\"},{\"@type\":\"ListItem\",\"position\":3,\"name\":\"GRAINES DE SACHA INCHI TOMYAM\"}]},{\"@type\":\"WebSite\",\"@id\":\"https:\\\/\\\/sachainchilaos.com\\\/#website\",\"url\":\"https:\\\/\\\/sachainchilaos.com\\\/\",\"name\":\"Sacha Inchi Laos\",\"description\":\"Die \u201eSuper-Nuss\u201c f\u00fcr Omega 3.\",\"publisher\":{\"@id\":\"https:\\\/\\\/sachainchilaos.com\\\/#organization\"},\"potentialAction\":[{\"@type\":\"SearchAction\",\"target\":{\"@type\":\"EntryPoint\",\"urlTemplate\":\"https:\\\/\\\/sachainchilaos.com\\\/?s={search_term_string}\"},\"query-input\":{\"@type\":\"PropertyValueSpecification\",\"valueRequired\":true,\"valueName\":\"search_term_string\"}}],\"inLanguage\":\"de\"},{\"@type\":\"Organization\",\"@id\":\"https:\\\/\\\/sachainchilaos.com\\\/#organization\",\"name\":\"Ma\u00ef Savanh Lao\",\"url\":\"https:\\\/\\\/sachainchilaos.com\\\/\",\"logo\":{\"@type\":\"ImageObject\",\"inLanguage\":\"de\",\"@id\":\"https:\\\/\\\/sachainchilaos.com\\\/#\\\/schema\\\/logo\\\/image\\\/\",\"url\":\"https:\\\/\\\/sachainchilaos.com\\\/wp-content\\\/uploads\\\/2017\\\/10\\\/MSL_NBweb.png\",\"contentUrl\":\"https:\\\/\\\/sachainchilaos.com\\\/wp-content\\\/uploads\\\/2017\\\/10\\\/MSL_NBweb.png\",\"width\":800,\"height\":447,\"caption\":\"Ma\u00ef Savanh Lao\"},\"image\":{\"@id\":\"https:\\\/\\\/sachainchilaos.com\\\/#\\\/schema\\\/logo\\\/image\\\/\"},\"sameAs\":[\"https:\\\/\\\/www.facebook.com\\\/maiSavanhLaoColtd\"]}]}<\/script>\n<!-- \/ Yoast SEO plugin. -->","yoast_head_json":{"title":"SACHA INCHI SAMEN TOMYAM - Sacha Inchi Laos","robots":{"index":"index","follow":"follow","max-snippet":"max-snippet:-1","max-image-preview":"max-image-preview:large","max-video-preview":"max-video-preview:-1"},"canonical":"https:\/\/sachainchilaos.com\/produit\/sacha-inchi-tomyam-roasted-seeds\/","og_locale":"de_DE","og_type":"article","og_title":"SACHA INCHI SAMEN TOMYAM - Sacha Inchi Laos","og_description":"[:fr]Graines de Sacha Inchi soigneusement s\u00e9lectionn\u00e9es, tri\u00e9es et aromatis\u00e9es au Tom Yam. Haute concentration en Om\u00e9ga 3. Aucun additif ni agent de conservation n'est utilis\u00e9.  [:en]Sacha Inchi seeds carefully selected, sorted and\u00a0flavoured with Tom Yam. High concentration of Omega 3. No additives or preservatives are used.  [:de]Sacha Inchi Samen sorgf\u00e4ltig ausgew\u00e4hlt, sortiert und Tom Yam ger\u00f6stet und aromatisiert werden. Hohe Konzentration von Omega 3. Keine Zusatzstoffe oder Konservierungsstoffe verwendet.  [:]","og_url":"https:\/\/sachainchilaos.com\/produit\/sacha-inchi-tomyam-roasted-seeds\/","og_site_name":"Sacha Inchi Laos","article_publisher":"https:\/\/www.facebook.com\/maiSavanhLaoColtd","article_modified_time":"2021-05-23T09:06:08+00:00","og_image":[{"width":800,"height":800,"url":"https:\/\/sachainchilaos.com\/wp-content\/uploads\/2018\/07\/SI-Tomyam-Fr.png","type":"image\/png"}],"twitter_card":"summary_large_image","twitter_misc":{"Gesch\u00e4tzte Lesezeit":"1\u00a0Minute"},"schema":{"@context":"https:\/\/schema.org","@graph":[{"@type":"WebPage","@id":"https:\/\/sachainchilaos.com\/produit\/sacha-inchi-tomyam-roasted-seeds\/","url":"https:\/\/sachainchilaos.com\/produit\/sacha-inchi-tomyam-roasted-seeds\/","name":"SACHA INCHI SAMEN TOMYAM - Sacha Inchi Laos","isPartOf":{"@id":"https:\/\/sachainchilaos.com\/#website"},"primaryImageOfPage":{"@id":"https:\/\/sachainchilaos.com\/produit\/sacha-inchi-tomyam-roasted-seeds\/#primaryimage"},"image":{"@id":"https:\/\/sachainchilaos.com\/produit\/sacha-inchi-tomyam-roasted-seeds\/#primaryimage"},"thumbnailUrl":"https:\/\/sachainchilaos.com\/wp-content\/uploads\/2018\/07\/SI-Tomyam-Fr.png","datePublished":"2018-07-30T08:50:06+00:00","dateModified":"2021-05-23T09:06:08+00:00","breadcrumb":{"@id":"https:\/\/sachainchilaos.com\/produit\/sacha-inchi-tomyam-roasted-seeds\/#breadcrumb"},"inLanguage":"de","potentialAction":[{"@type":"ReadAction","target":["https:\/\/sachainchilaos.com\/produit\/sacha-inchi-tomyam-roasted-seeds\/"]}]},{"@type":"ImageObject","inLanguage":"de","@id":"https:\/\/sachainchilaos.com\/produit\/sacha-inchi-tomyam-roasted-seeds\/#primaryimage","url":"https:\/\/sachainchilaos.com\/wp-content\/uploads\/2018\/07\/SI-Tomyam-Fr.png","contentUrl":"https:\/\/sachainchilaos.com\/wp-content\/uploads\/2018\/07\/SI-Tomyam-Fr.png","width":800,"height":800,"caption":"Sacha Inchi Tomyam roasted seeds"},{"@type":"BreadcrumbList","@id":"https:\/\/sachainchilaos.com\/produit\/sacha-inchi-tomyam-roasted-seeds\/#breadcrumb","itemListElement":[{"@type":"ListItem","position":1,"name":"Accueil","item":"https:\/\/sachainchilaos.com\/"},{"@type":"ListItem","position":2,"name":"Nos Produits au Sacha Inchi","item":"https:\/\/sachainchilaos.com\/nos-produits-au-sacha-inchi\/"},{"@type":"ListItem","position":3,"name":"GRAINES DE SACHA INCHI TOMYAM"}]},{"@type":"WebSite","@id":"https:\/\/sachainchilaos.com\/#website","url":"https:\/\/sachainchilaos.com\/","name":"Sacha Inchi Laos","description":"Die \u201eSuper-Nuss\u201c f\u00fcr Omega 3.","publisher":{"@id":"https:\/\/sachainchilaos.com\/#organization"},"potentialAction":[{"@type":"SearchAction","target":{"@type":"EntryPoint","urlTemplate":"https:\/\/sachainchilaos.com\/?s={search_term_string}"},"query-input":{"@type":"PropertyValueSpecification","valueRequired":true,"valueName":"search_term_string"}}],"inLanguage":"de"},{"@type":"Organization","@id":"https:\/\/sachainchilaos.com\/#organization","name":"Ma\u00ef Savanh Lao","url":"https:\/\/sachainchilaos.com\/","logo":{"@type":"ImageObject","inLanguage":"de","@id":"https:\/\/sachainchilaos.com\/#\/schema\/logo\/image\/","url":"https:\/\/sachainchilaos.com\/wp-content\/uploads\/2017\/10\/MSL_NBweb.png","contentUrl":"https:\/\/sachainchilaos.com\/wp-content\/uploads\/2017\/10\/MSL_NBweb.png","width":800,"height":447,"caption":"Ma\u00ef Savanh Lao"},"image":{"@id":"https:\/\/sachainchilaos.com\/#\/schema\/logo\/image\/"},"sameAs":["https:\/\/www.facebook.com\/maiSavanhLaoColtd"]}]}},"_links":{"self":[{"href":"https:\/\/sachainchilaos.com\/de\/wp-json\/wp\/v2\/product\/1015","targetHints":{"allow":["GET"]}}],"collection":[{"href":"https:\/\/sachainchilaos.com\/de\/wp-json\/wp\/v2\/product"}],"about":[{"href":"https:\/\/sachainchilaos.com\/de\/wp-json\/wp\/v2\/types\/product"}],"replies":[{"embeddable":true,"href":"https:\/\/sachainchilaos.com\/de\/wp-json\/wp\/v2\/comments?post=1015"}],"version-history":[{"count":1,"href":"https:\/\/sachainchilaos.com\/de\/wp-json\/wp\/v2\/product\/1015\/revisions"}],"predecessor-version":[{"id":13054,"href":"https:\/\/sachainchilaos.com\/de\/wp-json\/wp\/v2\/product\/1015\/revisions\/13054"}],"wp:featuredmedia":[{"embeddable":true,"href":"https:\/\/sachainchilaos.com\/de\/wp-json\/wp\/v2\/media\/1016"}],"wp:attachment":[{"href":"https:\/\/sachainchilaos.com\/de\/wp-json\/wp\/v2\/media?parent=1015"}],"wp:term":[{"taxonomy":"product_brand","embeddable":true,"href":"https:\/\/sachainchilaos.com\/de\/wp-json\/wp\/v2\/product_brand?post=1015"},{"taxonomy":"product_cat","embeddable":true,"href":"https:\/\/sachainchilaos.com\/de\/wp-json\/wp\/v2\/product_cat?post=1015"},{"taxonomy":"product_tag","embeddable":true,"href":"https:\/\/sachainchilaos.com\/de\/wp-json\/wp\/v2\/product_tag?post=1015"}],"curies":[{"name":"wp","href":"https:\/\/api.w.org\/{rel}","templated":true}]}}