{"id":951,"date":"2018-06-22T13:09:17","date_gmt":"2018-06-22T11:09:17","guid":{"rendered":"http:\/\/sachainchilaos.com\/?page_id=951"},"modified":"2018-06-22T13:09:17","modified_gmt":"2018-06-22T11:09:17","slug":"privacy-policy","status":"publish","type":"page","link":"https:\/\/sachainchilaos.com\/de\/privacy-policy\/","title":{"rendered":"DATENSCHUTZERICHTLINIE"},"content":{"rendered":"<p>DATENSCHUTZERKL\u00c4RUNG<\/p>\n<p>&#8212;-<\/p>\n<p>ARTIKEL 1 &#8211; PERSONENBEZOGENE INFORMATIONEN<\/p>\n<p>Wenn Sie im Rahmen unseres Kauf- und Verkaufsprozesses in unserem Gesch\u00e4ft einkaufen, erfassen wir personenbezogene Daten, die Sie uns zur Verf\u00fcgung stellen, wie z. B. Ihren Namen, Ihre Adresse und Ihre E-Mail-Adresse.<\/p>\n<p>Wenn Sie unseren Shop durchsuchen, erhalten wir automatisch auch die Internet Protocol (IP) -Adresse Ihres Computers, wodurch wir mehr Details \u00fcber den Browser und das verwendete Betriebssystem erhalten.<\/p>\n<p>E-Mail-Marketing (falls zutreffend): Mit Ihrer Erlaubnis k\u00f6nnen wir Ihnen E-Mails \u00fcber unseren Store, neue Produkte und andere Updates senden.<\/p>\n<p>ARTIKEL 2 &#8211; ZUSTIMMUNG<\/p>\n<p>Wie bekommst du mein Einverst\u00e4ndnis?<\/p>\n<p>Wenn Sie uns Ihre pers\u00f6nlichen Informationen zur Verf\u00fcgung stellen, um eine Transaktion abzuschlie\u00dfen, Ihre Kreditkarte zu \u00fcberpr\u00fcfen, eine Bestellung aufzugeben, eine Lieferung zu planen oder einen Kauf zur\u00fcckzugeben, gehen wir davon aus, dass Sie damit einverstanden sind, dass wir Ihre Daten sammeln und verwenden dieses Ende nur.<\/p>\n<p>Wenn wir Sie bitten, uns Ihre pers\u00f6nlichen Daten aus einem anderen Grund, zum Beispiel f\u00fcr Marketingzwecke, zur Verf\u00fcgung zu stellen, werden wir Ihre ausdr\u00fcckliche Zustimmung direkt einholen oder wir werden Ihnen die M\u00f6glichkeit geben, sich abzumelden.<\/p>\n<p>Wie kann ich meine Einwilligung widerrufen?<\/p>\n<p>Wenn Sie nach Ihrer Zustimmung Ihre Meinung \u00e4ndern und nicht mehr damit einverstanden sind, dass wir Sie kontaktieren, Ihre Daten erfassen oder offenlegen, k\u00f6nnen Sie uns dar\u00fcber informieren, indem Sie uns unter contact@sachachtillas.com oder per E-Mail unter kontaktieren : Ma\u00ef Savanh Lao BP 7710 Ban Salakham, Vientiane, VI, Demokratische Volksrepublik Laos<\/p>\n<p>ARTIKEL 3 &#8211; OFFENLEGUNG<\/p>\n<p>Wir k\u00f6nnen Ihre pers\u00f6nlichen Daten offen legen, wenn wir dazu gesetzlich verpflichtet sind oder gegen unsere Verkaufs- und Nutzungsbedingungen versto\u00dfen.<\/p>\n<p>ARTIKEL 4 &#8211; WOOCOMMERCE<\/p>\n<p>Ihre Daten werden im Datenspeichersystem und den Datenbanken von sachainchilaos.com gespeichert. Ihre Daten werden auf einem sicheren Server gespeichert, der durch eine Firewall gesch\u00fctzt ist.<\/p>\n<p>Bezahlung:<\/p>\n<p>Wenn Sie Ihren Einkauf \u00fcber ein Direct Payment Gateway t\u00e4tigen, wird in diesem Fall sachainchilaos.com Ihre Kreditkarteninformationen speichern. Diese Informationen werden gem\u00e4\u00df dem von der Payment Card Industry (PCI-DSS) festgelegten Datenschutzstandard verschl\u00fcsselt. Informationen \u00fcber Ihre Kauftransaktion werden so lange aufbewahrt, wie es f\u00fcr den Abschluss Ihrer Bestellung erforderlich ist. Sobald Ihre Bestellung abgeschlossen ist, werden die Details der Kauftransaktion gel\u00f6scht.<\/p>\n<p>Alle Direct-Payment-Gateways entsprechen PCI-DSS, das vom PCI Security Standards Board verwaltet wird und das Ergebnis gemeinsamer Bem\u00fchungen von Unternehmen wie Visa, MasterCard, American Express und Discover ist.<\/p>\n<p>Die PCI-DSS-Anforderungen gew\u00e4hrleisten die sichere Verarbeitung von Kreditkartendaten durch unsere Filial- und Serviceanbieter.<\/p>\n<p>ARTIKEL 5 &#8211; DIENSTLEISTUNGEN, DIE VON DRITTEN ZUR VERF\u00dcGUNG GESTELLT WERDEN<\/p>\n<p>Im Allgemeinen werden die von uns verwendeten Drittanbieter Ihre Daten nur in dem Umfang erheben, nutzen und offenlegen, wie dies f\u00fcr die Erbringung der von uns erbrachten Dienstleistungen erforderlich ist.<\/p>\n<p>Einige Drittanbieter, wie z. B. Zahlungsgateways und andere Zahlungstransaktionsprozessoren, verf\u00fcgen jedoch \u00fcber eigene Datenschutzrichtlinien in Bezug auf die Informationen, die wir ihnen f\u00fcr Ihre Kauftransaktionen bereitstellen m\u00fcssen.<\/p>\n<p>In Bezug auf diese Anbieter empfehlen wir, dass Sie ihre Datenschutzrichtlinien sorgf\u00e4ltig lesen, damit Sie verstehen, wie sie mit Ihren pers\u00f6nlichen Daten umgehen.<\/p>\n<p>Es sollte daran erinnert werden, dass einige Anbieter sich in einer anderen Rechtsordnung befinden oder sich in einer anderen Rechtsordnung befinden als Sie oder unsere. Wenn Sie sich f\u00fcr eine Transaktion entscheiden, die die Dienste eines Drittanbieters erfordert, k\u00f6nnten Ihre Informationen dann den Gesetzen der Rechtsordnung unterliegen, in der sich der Anbieter befindet, oder der Rechtsordnung, in der sich seine Einrichtungen befinden.<\/p>\n<p>Wenn Sie sich zum Beispiel in Kanada befinden und Ihre Transaktion \u00fcber ein Zahlungsgateway in den USA abgewickelt wird, k\u00f6nnen Ihre gesch\u00fctzten Informationen, die f\u00fcr die Transaktion verwendet wurden, unter http:\/\/go.microsoft.com\/fwlink\/?LinkId=1107347 offengelegt werden Vereinigte Staaten, einschlie\u00dflich des Patriot Act.<\/p>\n<p>Sobald Sie die Website unseres Shops verlassen oder auf die Website oder den Antrag eines Dritten weitergeleitet werden, unterliegen Sie nicht mehr dieser Datenschutzrichtlinie oder den Allgemeinen Verkaufs- und Verkaufsbedingungen. Nutzung unserer Website.<\/p>\n<p>Sie m\u00fcssen m\u00f6glicherweise unsere Website verlassen, indem Sie auf bestimmte Links auf unserer Website klicken. Wir \u00fcbernehmen keine Verantwortung f\u00fcr die Datenschutzpraktiken dieser anderen Websites und empfehlen, dass Sie ihre Datenschutzrichtlinien sorgf\u00e4ltig lesen.<\/p>\n<p>ARTIKEL 6 &#8211; SICHERHEIT<\/p>\n<p>Um Ihre pers\u00f6nlichen Daten zu sch\u00fctzen, ergreifen wir angemessene Vorkehrungen und befolgen die besten Praktiken der Branche, um sicherzustellen, dass sie nicht auf unangemessene Weise verloren, zweckentfremdet, zug\u00e4nglich, offengelegt, ver\u00e4ndert oder zerst\u00f6rt werden.<\/p>\n<p>Wenn Sie uns Ihre Kreditkartendaten zur Verf\u00fcgung stellen, werden diese durch Verwendung des SSL-Sicherheitsprotokolls verschl\u00fcsselt und mit der AES-256-Verschl\u00fcsselung gespeichert. Obwohl keine Methode der Internet\u00fcbertragung oder elektronischen Speicherung 100% sicher ist, befolgen wir alle PCI-DSS-Anforderungen und implementieren zus\u00e4tzliche Standards, die von der Industrie allgemein anerkannt sind.<\/p>\n<p>ARTIKEL 7 &#8211; ZUSTIMMUNG<\/p>\n<p>Durch die Nutzung dieser Website erkl\u00e4ren Sie, dass Sie in Ihrem Bundesland oder in Ihrer Provinz mindestens vollj\u00e4hrig sind und dass Sie uns Ihr Einverst\u00e4ndnis gegeben haben, dass abh\u00e4ngige Minderj\u00e4hrige diese Informationen nutzen d\u00fcrfen. Webseite.<\/p>\n<p>ARTIKEL 8 &#8211; \u00c4NDERUNGEN DIESER DATENSCHUTZRICHTLINIE<\/p>\n<p>Wir behalten uns das Recht vor, diese Datenschutzerkl\u00e4rung jederzeit zu \u00e4ndern, \u00fcberpr\u00fcfen Sie sie daher regelm\u00e4\u00dfig. \u00c4nderungen und Klarstellungen werden unmittelbar nach der Ver\u00f6ffentlichung auf der Website wirksam. Wenn wir \u00c4nderungen an den Inhalt dieser Politik zu machen, werden wir Ihnen hier mitteilen, dass sie aktualisiert wurde, so dass Sie wissen, welche Informationen wir sammeln, wie wir sie verwenden und unter welchen Umst\u00e4nden wir sie weitergeben, s&#8216; es ist notwendig, es zu tun.<\/p>\n<p>Wenn unser Gesch\u00e4ft durch oder durch eine Fusion mit einem anderen Unternehmen erworben wird, k\u00f6nnten Ihre Informationen an neue Eigent\u00fcmer \u00fcbertragen werden, damit wir Ihnen weiterhin Produkte verkaufen k\u00f6nnen.<\/p>\n<p>Fragen und Kontakt<\/p>\n<p>Wenn Sie wollen: Zugriff, Berichtigung, Erg\u00e4nzung oder pers\u00f6nliche Daten, die wir \u00fcber Sie haben zu l\u00f6schen, eine Beschwerde einreichen, oder wenn Sie einfach nur weitere Informationen w\u00fcnschen, wenden Sie sich bitte an unseren Vertreter Datenschutzstandards Kontakt ein Kontakt @ sachainchilaos. com oder per Post an Ma\u00ef Savanh Lao<\/p>\n<p>[Betreff: Datenschutzbeauftragter]<\/p>\n<p>[BP 7710 Ban Salakham, Vientiane, VI, Demokratische Volksrepublik Laos]<\/p>\n<p>&#8212;-<\/p>\n","protected":false},"excerpt":{"rendered":"<p>DATENSCHUTZERKL\u00c4RUNG &#8212;- ARTIKEL 1 &#8211; PERSONENBEZOGENE INFORMATIONEN Wenn Sie im Rahmen unseres Kauf- und Verkaufsprozesses in unserem Gesch\u00e4ft einkaufen, erfassen wir personenbezogene Daten, die Sie uns zur Verf\u00fcgung stellen, wie z. B. Ihren Namen, Ihre Adresse und Ihre E-Mail-Adresse. Wenn Sie unseren Shop durchsuchen, erhalten wir automatisch auch die Internet Protocol (IP) -Adresse Ihres Computers, [&hellip;]<\/p>\n","protected":false},"author":1,"featured_media":0,"parent":0,"menu_order":0,"comment_status":"closed","ping_status":"closed","template":"","meta":{"footnotes":""},"class_list":["post-951","page","type-page","status-publish","hentry"],"yoast_head":"<!-- This site is optimized with the Yoast SEO plugin v27.4 - https:\/\/yoast.com\/product\/yoast-seo-wordpress\/ -->\n<title>DATENSCHUTZERICHTLINIE - Sacha Inchi Laos<\/title>\n<meta name=\"robots\" content=\"index, follow, max-snippet:-1, max-image-preview:large, max-video-preview:-1\" \/>\n<link rel=\"canonical\" href=\"https:\/\/sachainchilaos.com\/privacy-policy\/\" \/>\n<meta property=\"og:locale\" content=\"de_DE\" \/>\n<meta property=\"og:type\" content=\"article\" \/>\n<meta property=\"og:title\" content=\"DATENSCHUTZERICHTLINIE - Sacha Inchi Laos\" \/>\n<meta property=\"og:description\" content=\"DATENSCHUTZERKL\u00c4RUNG &#8212;- ARTIKEL 1 &#8211; PERSONENBEZOGENE INFORMATIONEN Wenn Sie im Rahmen unseres Kauf- und Verkaufsprozesses in unserem Gesch\u00e4ft einkaufen, erfassen wir personenbezogene Daten, die Sie uns zur Verf\u00fcgung stellen, wie z. B. Ihren Namen, Ihre Adresse und Ihre E-Mail-Adresse. Wenn Sie unseren Shop durchsuchen, erhalten wir automatisch auch die Internet Protocol (IP) -Adresse Ihres Computers, [&hellip;]\" \/>\n<meta property=\"og:url\" content=\"https:\/\/sachainchilaos.com\/privacy-policy\/\" \/>\n<meta property=\"og:site_name\" content=\"Sacha Inchi Laos\" \/>\n<meta property=\"article:publisher\" content=\"https:\/\/www.facebook.com\/maiSavanhLaoColtd\" \/>\n<meta name=\"twitter:card\" content=\"summary_large_image\" \/>\n<meta name=\"twitter:label1\" content=\"Gesch\u00e4tzte Lesezeit\" \/>\n\t<meta name=\"twitter:data1\" content=\"5\u00a0Minuten\" \/>\n<script type=\"application\/ld+json\" class=\"yoast-schema-graph\">{\"@context\":\"https:\\\/\\\/schema.org\",\"@graph\":[{\"@type\":\"WebPage\",\"@id\":\"https:\\\/\\\/sachainchilaos.com\\\/privacy-policy\\\/\",\"url\":\"https:\\\/\\\/sachainchilaos.com\\\/privacy-policy\\\/\",\"name\":\"DATENSCHUTZERICHTLINIE - Sacha Inchi Laos\",\"isPartOf\":{\"@id\":\"https:\\\/\\\/sachainchilaos.com\\\/#website\"},\"datePublished\":\"2018-06-22T11:09:17+00:00\",\"breadcrumb\":{\"@id\":\"https:\\\/\\\/sachainchilaos.com\\\/privacy-policy\\\/#breadcrumb\"},\"inLanguage\":\"de\",\"potentialAction\":[{\"@type\":\"ReadAction\",\"target\":[\"https:\\\/\\\/sachainchilaos.com\\\/privacy-policy\\\/\"]}]},{\"@type\":\"BreadcrumbList\",\"@id\":\"https:\\\/\\\/sachainchilaos.com\\\/privacy-policy\\\/#breadcrumb\",\"itemListElement\":[{\"@type\":\"ListItem\",\"position\":1,\"name\":\"Accueil\",\"item\":\"https:\\\/\\\/sachainchilaos.com\\\/\"},{\"@type\":\"ListItem\",\"position\":2,\"name\":\"POLITIQUE DE CONFIDENTIALIT\u00c9\"}]},{\"@type\":\"WebSite\",\"@id\":\"https:\\\/\\\/sachainchilaos.com\\\/#website\",\"url\":\"https:\\\/\\\/sachainchilaos.com\\\/\",\"name\":\"Sacha Inchi Laos\",\"description\":\"Die \u201eSuper-Nuss\u201c f\u00fcr Omega 3.\",\"publisher\":{\"@id\":\"https:\\\/\\\/sachainchilaos.com\\\/#organization\"},\"potentialAction\":[{\"@type\":\"SearchAction\",\"target\":{\"@type\":\"EntryPoint\",\"urlTemplate\":\"https:\\\/\\\/sachainchilaos.com\\\/?s={search_term_string}\"},\"query-input\":{\"@type\":\"PropertyValueSpecification\",\"valueRequired\":true,\"valueName\":\"search_term_string\"}}],\"inLanguage\":\"de\"},{\"@type\":\"Organization\",\"@id\":\"https:\\\/\\\/sachainchilaos.com\\\/#organization\",\"name\":\"Ma\u00ef Savanh Lao\",\"url\":\"https:\\\/\\\/sachainchilaos.com\\\/\",\"logo\":{\"@type\":\"ImageObject\",\"inLanguage\":\"de\",\"@id\":\"https:\\\/\\\/sachainchilaos.com\\\/#\\\/schema\\\/logo\\\/image\\\/\",\"url\":\"https:\\\/\\\/sachainchilaos.com\\\/wp-content\\\/uploads\\\/2017\\\/10\\\/MSL_NBweb.png\",\"contentUrl\":\"https:\\\/\\\/sachainchilaos.com\\\/wp-content\\\/uploads\\\/2017\\\/10\\\/MSL_NBweb.png\",\"width\":800,\"height\":447,\"caption\":\"Ma\u00ef Savanh Lao\"},\"image\":{\"@id\":\"https:\\\/\\\/sachainchilaos.com\\\/#\\\/schema\\\/logo\\\/image\\\/\"},\"sameAs\":[\"https:\\\/\\\/www.facebook.com\\\/maiSavanhLaoColtd\"]}]}<\/script>\n<!-- \/ Yoast SEO plugin. -->","yoast_head_json":{"title":"DATENSCHUTZERICHTLINIE - Sacha Inchi Laos","robots":{"index":"index","follow":"follow","max-snippet":"max-snippet:-1","max-image-preview":"max-image-preview:large","max-video-preview":"max-video-preview:-1"},"canonical":"https:\/\/sachainchilaos.com\/privacy-policy\/","og_locale":"de_DE","og_type":"article","og_title":"DATENSCHUTZERICHTLINIE - Sacha Inchi Laos","og_description":"DATENSCHUTZERKL\u00c4RUNG &#8212;- ARTIKEL 1 &#8211; PERSONENBEZOGENE INFORMATIONEN Wenn Sie im Rahmen unseres Kauf- und Verkaufsprozesses in unserem Gesch\u00e4ft einkaufen, erfassen wir personenbezogene Daten, die Sie uns zur Verf\u00fcgung stellen, wie z. B. Ihren Namen, Ihre Adresse und Ihre E-Mail-Adresse. Wenn Sie unseren Shop durchsuchen, erhalten wir automatisch auch die Internet Protocol (IP) -Adresse Ihres Computers, [&hellip;]","og_url":"https:\/\/sachainchilaos.com\/privacy-policy\/","og_site_name":"Sacha Inchi Laos","article_publisher":"https:\/\/www.facebook.com\/maiSavanhLaoColtd","twitter_card":"summary_large_image","twitter_misc":{"Gesch\u00e4tzte Lesezeit":"5\u00a0Minuten"},"schema":{"@context":"https:\/\/schema.org","@graph":[{"@type":"WebPage","@id":"https:\/\/sachainchilaos.com\/privacy-policy\/","url":"https:\/\/sachainchilaos.com\/privacy-policy\/","name":"DATENSCHUTZERICHTLINIE - Sacha Inchi Laos","isPartOf":{"@id":"https:\/\/sachainchilaos.com\/#website"},"datePublished":"2018-06-22T11:09:17+00:00","breadcrumb":{"@id":"https:\/\/sachainchilaos.com\/privacy-policy\/#breadcrumb"},"inLanguage":"de","potentialAction":[{"@type":"ReadAction","target":["https:\/\/sachainchilaos.com\/privacy-policy\/"]}]},{"@type":"BreadcrumbList","@id":"https:\/\/sachainchilaos.com\/privacy-policy\/#breadcrumb","itemListElement":[{"@type":"ListItem","position":1,"name":"Accueil","item":"https:\/\/sachainchilaos.com\/"},{"@type":"ListItem","position":2,"name":"POLITIQUE DE CONFIDENTIALIT\u00c9"}]},{"@type":"WebSite","@id":"https:\/\/sachainchilaos.com\/#website","url":"https:\/\/sachainchilaos.com\/","name":"Sacha Inchi Laos","description":"Die \u201eSuper-Nuss\u201c f\u00fcr Omega 3.","publisher":{"@id":"https:\/\/sachainchilaos.com\/#organization"},"potentialAction":[{"@type":"SearchAction","target":{"@type":"EntryPoint","urlTemplate":"https:\/\/sachainchilaos.com\/?s={search_term_string}"},"query-input":{"@type":"PropertyValueSpecification","valueRequired":true,"valueName":"search_term_string"}}],"inLanguage":"de"},{"@type":"Organization","@id":"https:\/\/sachainchilaos.com\/#organization","name":"Ma\u00ef Savanh Lao","url":"https:\/\/sachainchilaos.com\/","logo":{"@type":"ImageObject","inLanguage":"de","@id":"https:\/\/sachainchilaos.com\/#\/schema\/logo\/image\/","url":"https:\/\/sachainchilaos.com\/wp-content\/uploads\/2017\/10\/MSL_NBweb.png","contentUrl":"https:\/\/sachainchilaos.com\/wp-content\/uploads\/2017\/10\/MSL_NBweb.png","width":800,"height":447,"caption":"Ma\u00ef Savanh Lao"},"image":{"@id":"https:\/\/sachainchilaos.com\/#\/schema\/logo\/image\/"},"sameAs":["https:\/\/www.facebook.com\/maiSavanhLaoColtd"]}]}},"_links":{"self":[{"href":"https:\/\/sachainchilaos.com\/de\/wp-json\/wp\/v2\/pages\/951","targetHints":{"allow":["GET"]}}],"collection":[{"href":"https:\/\/sachainchilaos.com\/de\/wp-json\/wp\/v2\/pages"}],"about":[{"href":"https:\/\/sachainchilaos.com\/de\/wp-json\/wp\/v2\/types\/page"}],"author":[{"embeddable":true,"href":"https:\/\/sachainchilaos.com\/de\/wp-json\/wp\/v2\/users\/1"}],"replies":[{"embeddable":true,"href":"https:\/\/sachainchilaos.com\/de\/wp-json\/wp\/v2\/comments?post=951"}],"version-history":[{"count":1,"href":"https:\/\/sachainchilaos.com\/de\/wp-json\/wp\/v2\/pages\/951\/revisions"}],"predecessor-version":[{"id":952,"href":"https:\/\/sachainchilaos.com\/de\/wp-json\/wp\/v2\/pages\/951\/revisions\/952"}],"wp:attachment":[{"href":"https:\/\/sachainchilaos.com\/de\/wp-json\/wp\/v2\/media?parent=951"}],"curies":[{"name":"wp","href":"https:\/\/api.w.org\/{rel}","templated":true}]}}