{"id":728,"date":"2018-03-20T11:07:06","date_gmt":"2018-03-20T10:07:06","guid":{"rendered":"http:\/\/sachainchilaos.com\/?page_id=728"},"modified":"2018-03-27T11:10:50","modified_gmt":"2018-03-27T09:10:50","slug":"sacha-inchi-faq","status":"publish","type":"page","link":"https:\/\/sachainchilaos.com\/de\/sacha-inchi-faq\/","title":{"rendered":"(Fran\u00e7ais) FAQ Sacha Inchi"},"content":{"rendered":"<p><div id=\"accordions-763\" class=\"accordions-763 accordions\" data-accordions={&quot;lazyLoad&quot;:false,&quot;id&quot;:&quot;763&quot;,&quot;event&quot;:&quot;click&quot;,&quot;collapsible&quot;:&quot;true&quot;,&quot;heightStyle&quot;:&quot;content&quot;,&quot;animateStyle&quot;:&quot;swing&quot;,&quot;animateDelay&quot;:1000,&quot;navigation&quot;:true,&quot;active&quot;:999,&quot;expandedOther&quot;:&quot;no&quot;}>\r\n                <div class=\"items\" >\r\n    \r\n            <div post_id=\"763\" itemcount=\"0\"  header_id=\"header-0\" id=\"header-0\" style=\"\" class=\"accordions-head head0 border-none\" toggle-text=\"\" main-text=\"Was ist Sacha Inchi?\">\r\n                                    <span id=\"accordion-icons-0\" class=\"accordion-icons\">\r\n                        <span class=\"accordion-icon-active accordion-plus\"><i class=\"fa fa-chevron-up\"><\/i><\/span>\r\n                        <span class=\"accordion-icon-inactive accordion-minus\"><i class=\"fa fa-chevron-down\"><\/i><\/span>\r\n                    <\/span>\r\n                    <span id=\"header-text-0\" class=\"accordions-head-title\">Was ist Sacha Inchi?<\/span>\r\n                            <\/div>\r\n            <div class=\"accordion-content content0 \">\r\n                <p>Die Sacha Inchi (<em>Plukenetia volubilis<\/em>) ist eine Pflanze aus der Euphorbiaceae-Familie, die in den tropischen Bergw\u00e4ldern des peruanischen Amazonasgebiets endemisch ist.<br \/>\nDiese mehrj\u00e4hrige Liane produziert eine Nuss \"Sacha Inchi\" mit einer hohen Konzentration an essentiellen unges\u00e4ttigten Fetts\u00e4uren (Omega 3 - 6 und 9). <a href=\"http:\/\/sachainchilaos.com\/?page_id=12&lang=de\">Erfahren Sie mehr<\/a>.<\/p>\n            <\/div>\r\n    \r\n            <div post_id=\"763\" itemcount=\"1\"  header_id=\"header-1522141313465\" id=\"header-1522141313465\" style=\"\" class=\"accordions-head head1522141313465 border-none\" toggle-text=\"\" main-text=\"Ist Sacha Inchi allergieausl\u00f6send?\">\r\n                                    <span id=\"accordion-icons-1522141313465\" class=\"accordion-icons\">\r\n                        <span class=\"accordion-icon-active accordion-plus\"><i class=\"fa fa-chevron-up\"><\/i><\/span>\r\n                        <span class=\"accordion-icon-inactive accordion-minus\"><i class=\"fa fa-chevron-down\"><\/i><\/span>\r\n                    <\/span>\r\n                    <span id=\"header-text-1522141313465\" class=\"accordions-head-title\">Ist Sacha Inchi allergieausl\u00f6send?<\/span>\r\n                            <\/div>\r\n            <div class=\"accordion-content content1522141313465 \">\r\n                <p>Sacha Inchi enth\u00e4lt keine Allergene, au\u00dferdem ist es gut verdaulich.<\/p>\n            <\/div>\r\n    \r\n            <div post_id=\"763\" itemcount=\"2\"  header_id=\"header-1522141371916\" id=\"header-1522141371916\" style=\"\" class=\"accordions-head head1522141371916 border-none\" toggle-text=\"\" main-text=\"Sacha Inchi \u00d6l oder Oliven\u00f6l?\">\r\n                                    <span id=\"accordion-icons-1522141371916\" class=\"accordion-icons\">\r\n                        <span class=\"accordion-icon-active accordion-plus\"><i class=\"fa fa-chevron-up\"><\/i><\/span>\r\n                        <span class=\"accordion-icon-inactive accordion-minus\"><i class=\"fa fa-chevron-down\"><\/i><\/span>\r\n                    <\/span>\r\n                    <span id=\"header-text-1522141371916\" class=\"accordions-head-title\">Sacha Inchi \u00d6l oder Oliven\u00f6l?<\/span>\r\n                            <\/div>\r\n            <div class=\"accordion-content content1522141371916 \">\r\n                <p>Die Tabelle unten zeigt uns, dass Sacha Inchi \u00d6l mehr unges\u00e4ttigte Omega-3-Fetts\u00e4uren enth\u00e4lt (interessant f\u00fcr die Gesundheit) als andere \u00d6le. Au\u00dferdem ist die Verteilung von Omega 3-6 und 9 interessanter. Sacha Inchi \u00d6l ist das Ergebnis der Kaltpressung von Sacha Inchi rohen Samen.<\/p>\n<p>&nbsp;<\/p>\n<table cellspacing=\"0\" cellpadding=\"0\">\n<thead>\n<tr>\n<th class=\"ftColor1\">\n<div class=\"supFig\">\n<figure><img decoding=\"async\" src=\"http:\/\/sachainchilaos.com\/images\/tabledecoupes\/Huiles.png\" alt=\"Bouteilles d\u2019huiles\" \/><\/figure>\n<\/div>\n<div class=\"supTit\">\u00d6l<\/div>\n<\/th>\n<th class=\"tdGrad3 ftColor2 thsousTitre1\" style=\"text-align: center;\">OMEGA 3<\/th>\n<th class=\"tdGrad4 ftColor2 thsousTitre2\" style=\"text-align: center;\">OMEGA 6<\/th>\n<th class=\"tdGrad3 ftColor2 thsousTitre1\" style=\"text-align: center;\"><span class=\"tmini\">Total<\/span><br \/>\nNicht ges\u00e4ttigte<br \/>\nFetts\u00e4uren<\/th>\n<\/tr>\n<\/thead>\n<tbody>\n<tr class=\"bgColor1\">\n<td class=\"tdGrad1 ftColor3 bandGauch\"><strong><span style=\"color: #000000;\">Sacha Inchi<\/span><\/strong><\/td>\n<td class=\"tdGrad2 ftColor3\" style=\"text-align: center;\"><strong><span style=\"color: #000000;\">44.9<\/span><\/strong><\/td>\n<td class=\"tdGrad1 ftColor3\" style=\"text-align: center;\"><span style=\"color: #000000;\"><b>37.9<\/b><\/span><\/td>\n<td class=\"tdGrad2 ftColor3 bandDroit\" style=\"text-align: center;\"><strong><span style=\"color: #000000;\">82.8<\/span><\/strong><\/td>\n<\/tr>\n<tr>\n<td class=\"tdGrad3 ftColor4\">Sonnenblume<\/td>\n<td class=\"tdGrad4 ftColor4\" style=\"text-align: center;\">0.3<\/td>\n<td class=\"tdGrad3 ftColor4\" style=\"text-align: center;\">62.0<\/td>\n<td class=\"tdGrad4 ftColor4\" style=\"text-align: center;\">62.3<\/td>\n<\/tr>\n<tr>\n<td class=\"tdGrad3 ftColor4\">Oliv<\/td>\n<td class=\"tdGrad4 ftColor4\" style=\"text-align: center;\">0.8<\/td>\n<td class=\"tdGrad3 ftColor4\" style=\"text-align: center;\">8.3<\/td>\n<td class=\"tdGrad4 ftColor4\" style=\"text-align: center;\">9.1<\/td>\n<\/tr>\n<tr>\n<td colspan=\"4\">\n<p class=\"pptbl\"><em>Prozentsatz des Gehalts an unges\u00e4ttigten Fetts\u00e4uren<\/em><\/p>\n<\/td>\n<\/tr>\n<\/tbody>\n<\/table>\n            <\/div>\r\n    <\/div>\r\n\r\n\r\n\r\n            <\/div><br \/>\n&nbsp;<\/p>\n<p>&nbsp;<\/p>\n<hr \/>\n<p>&nbsp;<\/p>\n","protected":false},"excerpt":{"rendered":"<p>&nbsp; &nbsp; &nbsp;<\/p>\n","protected":false},"author":1,"featured_media":0,"parent":0,"menu_order":0,"comment_status":"closed","ping_status":"closed","template":"","meta":{"footnotes":""},"class_list":["post-728","page","type-page","status-publish","hentry"],"yoast_head":"<!-- This site is optimized with the Yoast SEO plugin v27.4 - https:\/\/yoast.com\/product\/yoast-seo-wordpress\/ -->\n<title>(Fran\u00e7ais) FAQ Sacha Inchi - Sacha Inchi Laos<\/title>\n<meta name=\"description\" content=\"Vous trouverez dans cette section les questions fr\u00e9quemment pos\u00e9es concernant le Sacha Inchi. Nous essayons d&#039;y apporter des r\u00e9ponse courtes et pr\u00e9cises.\" \/>\n<meta name=\"robots\" content=\"index, follow, max-snippet:-1, max-image-preview:large, max-video-preview:-1\" \/>\n<link rel=\"canonical\" href=\"https:\/\/sachainchilaos.com\/sacha-inchi-faq\/\" \/>\n<meta property=\"og:locale\" content=\"de_DE\" \/>\n<meta property=\"og:type\" content=\"article\" \/>\n<meta property=\"og:title\" content=\"(Fran\u00e7ais) FAQ Sacha Inchi - Sacha Inchi Laos\" \/>\n<meta property=\"og:description\" content=\"Vous trouverez dans cette section les questions fr\u00e9quemment pos\u00e9es concernant le Sacha Inchi. Nous essayons d&#039;y apporter des r\u00e9ponse courtes et pr\u00e9cises.\" \/>\n<meta property=\"og:url\" content=\"https:\/\/sachainchilaos.com\/sacha-inchi-faq\/\" \/>\n<meta property=\"og:site_name\" content=\"Sacha Inchi Laos\" \/>\n<meta property=\"article:publisher\" content=\"https:\/\/www.facebook.com\/maiSavanhLaoColtd\" \/>\n<meta property=\"article:modified_time\" content=\"2018-03-27T09:10:50+00:00\" \/>\n<meta name=\"twitter:card\" content=\"summary_large_image\" \/>\n<script type=\"application\/ld+json\" class=\"yoast-schema-graph\">{\"@context\":\"https:\\\/\\\/schema.org\",\"@graph\":[{\"@type\":\"WebPage\",\"@id\":\"https:\\\/\\\/sachainchilaos.com\\\/sacha-inchi-faq\\\/\",\"url\":\"https:\\\/\\\/sachainchilaos.com\\\/sacha-inchi-faq\\\/\",\"name\":\"(Fran\u00e7ais) FAQ Sacha Inchi - Sacha Inchi Laos\",\"isPartOf\":{\"@id\":\"https:\\\/\\\/sachainchilaos.com\\\/#website\"},\"datePublished\":\"2018-03-20T10:07:06+00:00\",\"dateModified\":\"2018-03-27T09:10:50+00:00\",\"description\":\"Vous trouverez dans cette section les questions fr\u00e9quemment pos\u00e9es concernant le Sacha Inchi. Nous essayons d'y apporter des r\u00e9ponse courtes et pr\u00e9cises.\",\"breadcrumb\":{\"@id\":\"https:\\\/\\\/sachainchilaos.com\\\/sacha-inchi-faq\\\/#breadcrumb\"},\"inLanguage\":\"de\",\"potentialAction\":[{\"@type\":\"ReadAction\",\"target\":[\"https:\\\/\\\/sachainchilaos.com\\\/sacha-inchi-faq\\\/\"]}]},{\"@type\":\"BreadcrumbList\",\"@id\":\"https:\\\/\\\/sachainchilaos.com\\\/sacha-inchi-faq\\\/#breadcrumb\",\"itemListElement\":[{\"@type\":\"ListItem\",\"position\":1,\"name\":\"Accueil\",\"item\":\"https:\\\/\\\/sachainchilaos.com\\\/\"},{\"@type\":\"ListItem\",\"position\":2,\"name\":\"FAQ Sacha Inchi\"}]},{\"@type\":\"WebSite\",\"@id\":\"https:\\\/\\\/sachainchilaos.com\\\/#website\",\"url\":\"https:\\\/\\\/sachainchilaos.com\\\/\",\"name\":\"Sacha Inchi Laos\",\"description\":\"Die \u201eSuper-Nuss\u201c f\u00fcr Omega 3.\",\"publisher\":{\"@id\":\"https:\\\/\\\/sachainchilaos.com\\\/#organization\"},\"potentialAction\":[{\"@type\":\"SearchAction\",\"target\":{\"@type\":\"EntryPoint\",\"urlTemplate\":\"https:\\\/\\\/sachainchilaos.com\\\/?s={search_term_string}\"},\"query-input\":{\"@type\":\"PropertyValueSpecification\",\"valueRequired\":true,\"valueName\":\"search_term_string\"}}],\"inLanguage\":\"de\"},{\"@type\":\"Organization\",\"@id\":\"https:\\\/\\\/sachainchilaos.com\\\/#organization\",\"name\":\"Ma\u00ef Savanh Lao\",\"url\":\"https:\\\/\\\/sachainchilaos.com\\\/\",\"logo\":{\"@type\":\"ImageObject\",\"inLanguage\":\"de\",\"@id\":\"https:\\\/\\\/sachainchilaos.com\\\/#\\\/schema\\\/logo\\\/image\\\/\",\"url\":\"https:\\\/\\\/sachainchilaos.com\\\/wp-content\\\/uploads\\\/2017\\\/10\\\/MSL_NBweb.png\",\"contentUrl\":\"https:\\\/\\\/sachainchilaos.com\\\/wp-content\\\/uploads\\\/2017\\\/10\\\/MSL_NBweb.png\",\"width\":800,\"height\":447,\"caption\":\"Ma\u00ef Savanh Lao\"},\"image\":{\"@id\":\"https:\\\/\\\/sachainchilaos.com\\\/#\\\/schema\\\/logo\\\/image\\\/\"},\"sameAs\":[\"https:\\\/\\\/www.facebook.com\\\/maiSavanhLaoColtd\"]}]}<\/script>\n<!-- \/ Yoast SEO plugin. -->","yoast_head_json":{"title":"(Fran\u00e7ais) FAQ Sacha Inchi - Sacha Inchi Laos","description":"Vous trouverez dans cette section les questions fr\u00e9quemment pos\u00e9es concernant le Sacha Inchi. Nous essayons d'y apporter des r\u00e9ponse courtes et pr\u00e9cises.","robots":{"index":"index","follow":"follow","max-snippet":"max-snippet:-1","max-image-preview":"max-image-preview:large","max-video-preview":"max-video-preview:-1"},"canonical":"https:\/\/sachainchilaos.com\/sacha-inchi-faq\/","og_locale":"de_DE","og_type":"article","og_title":"(Fran\u00e7ais) FAQ Sacha Inchi - Sacha Inchi Laos","og_description":"Vous trouverez dans cette section les questions fr\u00e9quemment pos\u00e9es concernant le Sacha Inchi. Nous essayons d'y apporter des r\u00e9ponse courtes et pr\u00e9cises.","og_url":"https:\/\/sachainchilaos.com\/sacha-inchi-faq\/","og_site_name":"Sacha Inchi Laos","article_publisher":"https:\/\/www.facebook.com\/maiSavanhLaoColtd","article_modified_time":"2018-03-27T09:10:50+00:00","twitter_card":"summary_large_image","schema":{"@context":"https:\/\/schema.org","@graph":[{"@type":"WebPage","@id":"https:\/\/sachainchilaos.com\/sacha-inchi-faq\/","url":"https:\/\/sachainchilaos.com\/sacha-inchi-faq\/","name":"(Fran\u00e7ais) FAQ Sacha Inchi - Sacha Inchi Laos","isPartOf":{"@id":"https:\/\/sachainchilaos.com\/#website"},"datePublished":"2018-03-20T10:07:06+00:00","dateModified":"2018-03-27T09:10:50+00:00","description":"Vous trouverez dans cette section les questions fr\u00e9quemment pos\u00e9es concernant le Sacha Inchi. Nous essayons d'y apporter des r\u00e9ponse courtes et pr\u00e9cises.","breadcrumb":{"@id":"https:\/\/sachainchilaos.com\/sacha-inchi-faq\/#breadcrumb"},"inLanguage":"de","potentialAction":[{"@type":"ReadAction","target":["https:\/\/sachainchilaos.com\/sacha-inchi-faq\/"]}]},{"@type":"BreadcrumbList","@id":"https:\/\/sachainchilaos.com\/sacha-inchi-faq\/#breadcrumb","itemListElement":[{"@type":"ListItem","position":1,"name":"Accueil","item":"https:\/\/sachainchilaos.com\/"},{"@type":"ListItem","position":2,"name":"FAQ Sacha Inchi"}]},{"@type":"WebSite","@id":"https:\/\/sachainchilaos.com\/#website","url":"https:\/\/sachainchilaos.com\/","name":"Sacha Inchi Laos","description":"Die \u201eSuper-Nuss\u201c f\u00fcr Omega 3.","publisher":{"@id":"https:\/\/sachainchilaos.com\/#organization"},"potentialAction":[{"@type":"SearchAction","target":{"@type":"EntryPoint","urlTemplate":"https:\/\/sachainchilaos.com\/?s={search_term_string}"},"query-input":{"@type":"PropertyValueSpecification","valueRequired":true,"valueName":"search_term_string"}}],"inLanguage":"de"},{"@type":"Organization","@id":"https:\/\/sachainchilaos.com\/#organization","name":"Ma\u00ef Savanh Lao","url":"https:\/\/sachainchilaos.com\/","logo":{"@type":"ImageObject","inLanguage":"de","@id":"https:\/\/sachainchilaos.com\/#\/schema\/logo\/image\/","url":"https:\/\/sachainchilaos.com\/wp-content\/uploads\/2017\/10\/MSL_NBweb.png","contentUrl":"https:\/\/sachainchilaos.com\/wp-content\/uploads\/2017\/10\/MSL_NBweb.png","width":800,"height":447,"caption":"Ma\u00ef Savanh Lao"},"image":{"@id":"https:\/\/sachainchilaos.com\/#\/schema\/logo\/image\/"},"sameAs":["https:\/\/www.facebook.com\/maiSavanhLaoColtd"]}]}},"_links":{"self":[{"href":"https:\/\/sachainchilaos.com\/de\/wp-json\/wp\/v2\/pages\/728","targetHints":{"allow":["GET"]}}],"collection":[{"href":"https:\/\/sachainchilaos.com\/de\/wp-json\/wp\/v2\/pages"}],"about":[{"href":"https:\/\/sachainchilaos.com\/de\/wp-json\/wp\/v2\/types\/page"}],"author":[{"embeddable":true,"href":"https:\/\/sachainchilaos.com\/de\/wp-json\/wp\/v2\/users\/1"}],"replies":[{"embeddable":true,"href":"https:\/\/sachainchilaos.com\/de\/wp-json\/wp\/v2\/comments?post=728"}],"version-history":[{"count":9,"href":"https:\/\/sachainchilaos.com\/de\/wp-json\/wp\/v2\/pages\/728\/revisions"}],"predecessor-version":[{"id":764,"href":"https:\/\/sachainchilaos.com\/de\/wp-json\/wp\/v2\/pages\/728\/revisions\/764"}],"wp:attachment":[{"href":"https:\/\/sachainchilaos.com\/de\/wp-json\/wp\/v2\/media?parent=728"}],"curies":[{"name":"wp","href":"https:\/\/api.w.org\/{rel}","templated":true}]}}