{"id":490,"date":"2018-03-12T11:15:54","date_gmt":"2018-03-12T10:15:54","guid":{"rendered":"http:\/\/sachainchilaos.com\/indexWP.php\/?page_id=490"},"modified":"2021-05-21T12:54:56","modified_gmt":"2021-05-21T10:54:56","slug":"home","status":"publish","type":"page","link":"https:\/\/sachainchilaos.com\/de\/","title":{"rendered":"Hauptseite"},"content":{"rendered":"","protected":false},"excerpt":{"rendered":"","protected":false},"author":1,"featured_media":0,"parent":0,"menu_order":0,"comment_status":"closed","ping_status":"closed","template":"","meta":{"footnotes":""},"class_list":["post-490","page","type-page","status-publish","hentry"],"yoast_head":"<!-- This site is optimized with the Yoast SEO plugin v27.3 - https:\/\/yoast.com\/product\/yoast-seo-wordpress\/ -->\n<title>Hauptseite - Sacha Inchi Laos<\/title>\n<meta name=\"description\" content=\"Ma\u00ef Savanh Lao vous pr\u00e9sente son site consacr\u00e9 au Sacha Inchi (Pukenetia volubilis). Nous essayons de vous apporter toutes les informations sur cette extraordinaire noix et partager avec vous notre passionnante gamme de produits.\" \/>\n<meta name=\"robots\" content=\"index, follow, max-snippet:-1, max-image-preview:large, max-video-preview:-1\" \/>\n<link rel=\"canonical\" href=\"https:\/\/sachainchilaos.com\/\" \/>\n<meta property=\"og:locale\" content=\"de_DE\" \/>\n<meta property=\"og:type\" content=\"article\" \/>\n<meta property=\"og:title\" content=\"Hauptseite - Sacha Inchi Laos\" \/>\n<meta property=\"og:description\" content=\"Ma\u00ef Savanh Lao vous pr\u00e9sente son site consacr\u00e9 au Sacha Inchi (Pukenetia volubilis). Nous essayons de vous apporter toutes les informations sur cette extraordinaire noix et partager avec vous notre passionnante gamme de produits.\" \/>\n<meta property=\"og:url\" content=\"https:\/\/sachainchilaos.com\/\" \/>\n<meta property=\"og:site_name\" content=\"Sacha Inchi Laos\" \/>\n<meta property=\"article:publisher\" content=\"https:\/\/www.facebook.com\/maiSavanhLaoColtd\" \/>\n<meta property=\"article:modified_time\" content=\"2021-05-21T10:54:56+00:00\" \/>\n<meta name=\"twitter:card\" content=\"summary_large_image\" \/>\n<script type=\"application\/ld+json\" class=\"yoast-schema-graph\">{\"@context\":\"https:\\\/\\\/schema.org\",\"@graph\":[{\"@type\":\"WebPage\",\"@id\":\"https:\\\/\\\/sachainchilaos.com\\\/\",\"url\":\"https:\\\/\\\/sachainchilaos.com\\\/\",\"name\":\"Hauptseite - Sacha Inchi Laos\",\"isPartOf\":{\"@id\":\"https:\\\/\\\/sachainchilaos.com\\\/#website\"},\"datePublished\":\"2018-03-12T10:15:54+00:00\",\"dateModified\":\"2021-05-21T10:54:56+00:00\",\"description\":\"Ma\u00ef Savanh Lao vous pr\u00e9sente son site consacr\u00e9 au Sacha Inchi (Pukenetia volubilis). Nous essayons de vous apporter toutes les informations sur cette extraordinaire noix et partager avec vous notre passionnante gamme de produits.\",\"breadcrumb\":{\"@id\":\"https:\\\/\\\/sachainchilaos.com\\\/#breadcrumb\"},\"inLanguage\":\"de\",\"potentialAction\":[{\"@type\":\"ReadAction\",\"target\":[\"https:\\\/\\\/sachainchilaos.com\\\/\"]}]},{\"@type\":\"BreadcrumbList\",\"@id\":\"https:\\\/\\\/sachainchilaos.com\\\/#breadcrumb\",\"itemListElement\":[{\"@type\":\"ListItem\",\"position\":1,\"name\":\"Accueil\",\"item\":\"https:\\\/\\\/sachainchilaos.com\\\/\"},{\"@type\":\"ListItem\",\"position\":2,\"name\":\"Accueil\"}]},{\"@type\":\"WebSite\",\"@id\":\"https:\\\/\\\/sachainchilaos.com\\\/#website\",\"url\":\"https:\\\/\\\/sachainchilaos.com\\\/\",\"name\":\"Sacha Inchi Laos\",\"description\":\"Die \u201eSuper-Nuss\u201c f\u00fcr Omega 3.\",\"publisher\":{\"@id\":\"https:\\\/\\\/sachainchilaos.com\\\/#organization\"},\"potentialAction\":[{\"@type\":\"SearchAction\",\"target\":{\"@type\":\"EntryPoint\",\"urlTemplate\":\"https:\\\/\\\/sachainchilaos.com\\\/?s={search_term_string}\"},\"query-input\":{\"@type\":\"PropertyValueSpecification\",\"valueRequired\":true,\"valueName\":\"search_term_string\"}}],\"inLanguage\":\"de\"},{\"@type\":\"Organization\",\"@id\":\"https:\\\/\\\/sachainchilaos.com\\\/#organization\",\"name\":\"Ma\u00ef Savanh Lao\",\"url\":\"https:\\\/\\\/sachainchilaos.com\\\/\",\"logo\":{\"@type\":\"ImageObject\",\"inLanguage\":\"de\",\"@id\":\"https:\\\/\\\/sachainchilaos.com\\\/#\\\/schema\\\/logo\\\/image\\\/\",\"url\":\"https:\\\/\\\/sachainchilaos.com\\\/wp-content\\\/uploads\\\/2017\\\/10\\\/MSL_NBweb.png\",\"contentUrl\":\"https:\\\/\\\/sachainchilaos.com\\\/wp-content\\\/uploads\\\/2017\\\/10\\\/MSL_NBweb.png\",\"width\":800,\"height\":447,\"caption\":\"Ma\u00ef Savanh Lao\"},\"image\":{\"@id\":\"https:\\\/\\\/sachainchilaos.com\\\/#\\\/schema\\\/logo\\\/image\\\/\"},\"sameAs\":[\"https:\\\/\\\/www.facebook.com\\\/maiSavanhLaoColtd\"]}]}<\/script>\n<!-- \/ Yoast SEO plugin. -->","yoast_head_json":{"title":"Hauptseite - Sacha Inchi Laos","description":"Ma\u00ef Savanh Lao vous pr\u00e9sente son site consacr\u00e9 au Sacha Inchi (Pukenetia volubilis). Nous essayons de vous apporter toutes les informations sur cette extraordinaire noix et partager avec vous notre passionnante gamme de produits.","robots":{"index":"index","follow":"follow","max-snippet":"max-snippet:-1","max-image-preview":"max-image-preview:large","max-video-preview":"max-video-preview:-1"},"canonical":"https:\/\/sachainchilaos.com\/","og_locale":"de_DE","og_type":"article","og_title":"Hauptseite - Sacha Inchi Laos","og_description":"Ma\u00ef Savanh Lao vous pr\u00e9sente son site consacr\u00e9 au Sacha Inchi (Pukenetia volubilis). Nous essayons de vous apporter toutes les informations sur cette extraordinaire noix et partager avec vous notre passionnante gamme de produits.","og_url":"https:\/\/sachainchilaos.com\/","og_site_name":"Sacha Inchi Laos","article_publisher":"https:\/\/www.facebook.com\/maiSavanhLaoColtd","article_modified_time":"2021-05-21T10:54:56+00:00","twitter_card":"summary_large_image","schema":{"@context":"https:\/\/schema.org","@graph":[{"@type":"WebPage","@id":"https:\/\/sachainchilaos.com\/","url":"https:\/\/sachainchilaos.com\/","name":"Hauptseite - Sacha Inchi Laos","isPartOf":{"@id":"https:\/\/sachainchilaos.com\/#website"},"datePublished":"2018-03-12T10:15:54+00:00","dateModified":"2021-05-21T10:54:56+00:00","description":"Ma\u00ef Savanh Lao vous pr\u00e9sente son site consacr\u00e9 au Sacha Inchi (Pukenetia volubilis). Nous essayons de vous apporter toutes les informations sur cette extraordinaire noix et partager avec vous notre passionnante gamme de produits.","breadcrumb":{"@id":"https:\/\/sachainchilaos.com\/#breadcrumb"},"inLanguage":"de","potentialAction":[{"@type":"ReadAction","target":["https:\/\/sachainchilaos.com\/"]}]},{"@type":"BreadcrumbList","@id":"https:\/\/sachainchilaos.com\/#breadcrumb","itemListElement":[{"@type":"ListItem","position":1,"name":"Accueil","item":"https:\/\/sachainchilaos.com\/"},{"@type":"ListItem","position":2,"name":"Accueil"}]},{"@type":"WebSite","@id":"https:\/\/sachainchilaos.com\/#website","url":"https:\/\/sachainchilaos.com\/","name":"Sacha Inchi Laos","description":"Die \u201eSuper-Nuss\u201c f\u00fcr Omega 3.","publisher":{"@id":"https:\/\/sachainchilaos.com\/#organization"},"potentialAction":[{"@type":"SearchAction","target":{"@type":"EntryPoint","urlTemplate":"https:\/\/sachainchilaos.com\/?s={search_term_string}"},"query-input":{"@type":"PropertyValueSpecification","valueRequired":true,"valueName":"search_term_string"}}],"inLanguage":"de"},{"@type":"Organization","@id":"https:\/\/sachainchilaos.com\/#organization","name":"Ma\u00ef Savanh Lao","url":"https:\/\/sachainchilaos.com\/","logo":{"@type":"ImageObject","inLanguage":"de","@id":"https:\/\/sachainchilaos.com\/#\/schema\/logo\/image\/","url":"https:\/\/sachainchilaos.com\/wp-content\/uploads\/2017\/10\/MSL_NBweb.png","contentUrl":"https:\/\/sachainchilaos.com\/wp-content\/uploads\/2017\/10\/MSL_NBweb.png","width":800,"height":447,"caption":"Ma\u00ef Savanh Lao"},"image":{"@id":"https:\/\/sachainchilaos.com\/#\/schema\/logo\/image\/"},"sameAs":["https:\/\/www.facebook.com\/maiSavanhLaoColtd"]}]}},"_links":{"self":[{"href":"https:\/\/sachainchilaos.com\/de\/wp-json\/wp\/v2\/pages\/490","targetHints":{"allow":["GET"]}}],"collection":[{"href":"https:\/\/sachainchilaos.com\/de\/wp-json\/wp\/v2\/pages"}],"about":[{"href":"https:\/\/sachainchilaos.com\/de\/wp-json\/wp\/v2\/types\/page"}],"author":[{"embeddable":true,"href":"https:\/\/sachainchilaos.com\/de\/wp-json\/wp\/v2\/users\/1"}],"replies":[{"embeddable":true,"href":"https:\/\/sachainchilaos.com\/de\/wp-json\/wp\/v2\/comments?post=490"}],"version-history":[{"count":39,"href":"https:\/\/sachainchilaos.com\/de\/wp-json\/wp\/v2\/pages\/490\/revisions"}],"predecessor-version":[{"id":13026,"href":"https:\/\/sachainchilaos.com\/de\/wp-json\/wp\/v2\/pages\/490\/revisions\/13026"}],"wp:attachment":[{"href":"https:\/\/sachainchilaos.com\/de\/wp-json\/wp\/v2\/media?parent=490"}],"curies":[{"name":"wp","href":"https:\/\/api.w.org\/{rel}","templated":true}]}}