{"id":10,"date":"2017-10-08T14:29:02","date_gmt":"2017-10-08T12:29:02","guid":{"rendered":"http:\/\/sachainchilaos.com\/indexWP.php\/?page_id=10"},"modified":"2019-08-10T14:31:21","modified_gmt":"2019-08-10T12:31:21","slug":"mai-savanh-lao","status":"publish","type":"page","link":"https:\/\/sachainchilaos.com\/de\/mai-savanh-lao\/","title":{"rendered":"Ma\u00ef Savanh Lao Unternehmen"},"content":{"rendered":"<div class=\"csRow\">\n<div class=\"csColumnGap\" style=\"margin: 0px; padding: 0px; float: left; width: 3.33%;\"><img decoding=\"async\" style=\"border: none;\" src=\"http:\/\/sachainchilaos.com\/wp-content\/plugins\/advanced-wp-columns\/assets\/js\/plugins\/views\/img\/1x1-pixel.png\" \/><\/div>\n<div class=\"csColumn\" style=\"margin: 0px; padding: 0px; float: left; width: 35%;\" data-csstartpoint=\"32\" data-csendpoint=\"248\" data-cswidth=\"22.5%\" data-csid=\"44cae4ea-36a6-15f0-860d-13c33d2bdffe\">\n<h2>BOTSCHAFT VON UNSEREM CEO UND KO-FOUNDER.<\/h2>\n<p>&nbsp;<\/p>\n<p style=\"text-align: justify;\">Es ist uns eine gro\u00dfe Freude, dass <strong>Ma\u00ef Savanh Lao<\/strong> die neueste Website mit all unseren Produkten pr\u00e4sentiert, die unser Ziel, ein Hauptlieferant von Sacha Inchi in all seinen Formen zu sein, erf\u00fcllt. Wir kultivieren die Sacha Inchi (<em>Plukenetia volubilis<\/em>) und verwandeln sie in eine unserer Meinung nach aufregende Produktpalette. Was f\u00fcr uns wichtig ist, ist die Bereitstellung, die wir anbieten, diese Verbindung zwischen dem Landwirt hier in Laos und dem Endkunden.<\/p>\n<p style=\"text-align: justify;\">Unser Engagement ist es, eines der ges\u00fcndesten Lebensmittel der Welt zu teilen und wird auch in Zukunft die Entwicklung dieses Produktes unterst\u00fctzen.<\/p>\n<p style=\"text-align: justify;\">Unsere Prinzipien sind nach wie vor unser starkes Engagement f\u00fcr Nachhaltigkeit und soziale Verantwortung, was sich in der Anerkennung widerspiegelt, die wir als Fairtrade-zertifiziertes Unternehmen seit 2009 erworben haben. Wir sind stolz auf diese Leistung, und wir werden uns bem\u00fchen, dies zu erreichen noch besser. Was f\u00fcr uns wichtig ist, ist die Position, die wir als Bindeglied zwischen dem Landwirt hier in Laos und dem Endkunden einnehmen.<\/p>\n<p style=\"text-align: justify;\">Kontaktieren Sie uns, wir werden Ihre Fragen und Ihre Anfragen so schnell wie m\u00f6glich beantworten.<\/p>\n<p>&nbsp;<\/p>\n<p style=\"text-align: right;\">Dr. Philippe Schmidt<\/p>\n<p style=\"text-align: right;\">CEO und Mitbegr\u00fcnder Ma\u00ef Savanh Lao<\/p>\n<p style=\"text-align: right;\">M\u00e4rz 2018<\/p>\n<\/div>\n<div class=\"csColumnGap\" style=\"margin: 0px; padding: 0px; float: left; width: 3.44%;\"><img decoding=\"async\" style=\"border: none;\" src=\"http:\/\/sachainchilaos.com\/wp-content\/plugins\/advanced-wp-columns\/assets\/js\/plugins\/views\/img\/1x1-pixel.png\" \/><\/div>\n<div class=\"csColumn\" style=\"margin: 0px; padding: 0px; float: left; width: 23.4%;\" data-csstartpoint=\"318\" data-csendpoint=\"543\" data-cswidth=\"23.4%\" data-csid=\"b533493a-2cab-6c49-b60b-816f2eaaf61e\">\n<h3><video controls=\"controls\" width=\"222\" height=\"400\"><source src=\"http:\/\/sachainchilaos.com\/images\/SachaInchi-Omega3-6-9.mp4\" type=\"video\/mp4\" \/><track kind=\"subtitles\" src=\"http:\/\/sachainchilaos.com\/images\/de.vtt\" srclang=\"de\" label=\"Allemand\" \/><\/video><\/h3>\n<\/div>\n<div class=\"csColumnGap\" style=\"margin: 0px; padding: 0px; float: left; width: 33.1%;\"><img decoding=\"async\" style=\"border: none;\" src=\"http:\/\/sachainchilaos.com\/wp-content\/plugins\/advanced-wp-columns\/assets\/js\/plugins\/views\/img\/1x1-pixel.png\" \/><\/div>\n<div style=\"clear: both; float: none; display: block; visibility: hidden; width: 0px; font-size: 0px; line-height: 0;\"><\/div>\n<\/div>\n<p>&nbsp;<\/p>\n","protected":false},"excerpt":{"rendered":"<p>BOTSCHAFT VON UNSEREM CEO UND KO-FOUNDER. &nbsp; Es ist uns eine gro\u00dfe Freude, dass Ma\u00ef Savanh Lao die neueste Website mit all unseren Produkten pr\u00e4sentiert, die unser Ziel, ein Hauptlieferant von Sacha Inchi in all seinen Formen zu sein, erf\u00fcllt. Wir kultivieren die Sacha Inchi (Plukenetia volubilis) und verwandeln sie in eine unserer Meinung nach [&hellip;]<\/p>\n","protected":false},"author":1,"featured_media":194,"parent":0,"menu_order":0,"comment_status":"closed","ping_status":"closed","template":"","meta":{"footnotes":""},"class_list":["post-10","page","type-page","status-publish","has-post-thumbnail","hentry"],"yoast_head":"<!-- This site is optimized with the Yoast SEO plugin v27.3 - https:\/\/yoast.com\/product\/yoast-seo-wordpress\/ -->\n<title>Ma\u00ef Savanh Lao Unternehmen - Sacha Inchi Laos<\/title>\n<meta name=\"description\" content=\"Nous cultivons le Sacha Inchi et le transformons en une gamme passionnante de produits. Les principes de Ma\u00ef Savanh Lao demeurent notre ferme engagement en faveur du d\u00e9veloppement durable et de la responsabilit\u00e9 sociale. Nous sommes une entreprise certifi\u00e9e Commerce \u00e9quitable depuis 2009.\" \/>\n<meta name=\"robots\" content=\"index, follow, max-snippet:-1, max-image-preview:large, max-video-preview:-1\" \/>\n<link rel=\"canonical\" href=\"https:\/\/sachainchilaos.com\/mai-savanh-lao\/\" \/>\n<meta property=\"og:locale\" content=\"de_DE\" \/>\n<meta property=\"og:type\" content=\"article\" \/>\n<meta property=\"og:title\" content=\"Ma\u00ef Savanh Lao Unternehmen - Sacha Inchi Laos\" \/>\n<meta property=\"og:description\" content=\"Nous cultivons le Sacha Inchi et le transformons en une gamme passionnante de produits. Les principes de Ma\u00ef Savanh Lao demeurent notre ferme engagement en faveur du d\u00e9veloppement durable et de la responsabilit\u00e9 sociale. Nous sommes une entreprise certifi\u00e9e Commerce \u00e9quitable depuis 2009.\" \/>\n<meta property=\"og:url\" content=\"https:\/\/sachainchilaos.com\/mai-savanh-lao\/\" \/>\n<meta property=\"og:site_name\" content=\"Sacha Inchi Laos\" \/>\n<meta property=\"article:publisher\" content=\"https:\/\/www.facebook.com\/maiSavanhLaoColtd\" \/>\n<meta property=\"article:modified_time\" content=\"2019-08-10T12:31:21+00:00\" \/>\n<meta property=\"og:image\" content=\"https:\/\/sachainchilaos.com\/wp-content\/uploads\/2017\/10\/img-home.jpg\" \/>\n\t<meta property=\"og:image:width\" content=\"1024\" \/>\n\t<meta property=\"og:image:height\" content=\"240\" \/>\n\t<meta property=\"og:image:type\" content=\"image\/jpeg\" \/>\n<meta name=\"twitter:card\" content=\"summary_large_image\" \/>\n<meta name=\"twitter:label1\" content=\"Gesch\u00e4tzte Lesezeit\" \/>\n\t<meta name=\"twitter:data1\" content=\"1\u00a0Minute\" \/>\n<script type=\"application\/ld+json\" class=\"yoast-schema-graph\">{\"@context\":\"https:\\\/\\\/schema.org\",\"@graph\":[{\"@type\":\"WebPage\",\"@id\":\"https:\\\/\\\/sachainchilaos.com\\\/mai-savanh-lao\\\/\",\"url\":\"https:\\\/\\\/sachainchilaos.com\\\/mai-savanh-lao\\\/\",\"name\":\"Ma\u00ef Savanh Lao Unternehmen - Sacha Inchi Laos\",\"isPartOf\":{\"@id\":\"https:\\\/\\\/sachainchilaos.com\\\/#website\"},\"primaryImageOfPage\":{\"@id\":\"https:\\\/\\\/sachainchilaos.com\\\/mai-savanh-lao\\\/#primaryimage\"},\"image\":{\"@id\":\"https:\\\/\\\/sachainchilaos.com\\\/mai-savanh-lao\\\/#primaryimage\"},\"thumbnailUrl\":\"https:\\\/\\\/sachainchilaos.com\\\/wp-content\\\/uploads\\\/2017\\\/10\\\/img-home.jpg\",\"datePublished\":\"2017-10-08T12:29:02+00:00\",\"dateModified\":\"2019-08-10T12:31:21+00:00\",\"description\":\"Nous cultivons le Sacha Inchi et le transformons en une gamme passionnante de produits. Les principes de Ma\u00ef Savanh Lao demeurent notre ferme engagement en faveur du d\u00e9veloppement durable et de la responsabilit\u00e9 sociale. Nous sommes une entreprise certifi\u00e9e Commerce \u00e9quitable depuis 2009.\",\"breadcrumb\":{\"@id\":\"https:\\\/\\\/sachainchilaos.com\\\/mai-savanh-lao\\\/#breadcrumb\"},\"inLanguage\":\"de\",\"potentialAction\":[{\"@type\":\"ReadAction\",\"target\":[\"https:\\\/\\\/sachainchilaos.com\\\/mai-savanh-lao\\\/\"]}]},{\"@type\":\"ImageObject\",\"inLanguage\":\"de\",\"@id\":\"https:\\\/\\\/sachainchilaos.com\\\/mai-savanh-lao\\\/#primaryimage\",\"url\":\"https:\\\/\\\/sachainchilaos.com\\\/wp-content\\\/uploads\\\/2017\\\/10\\\/img-home.jpg\",\"contentUrl\":\"https:\\\/\\\/sachainchilaos.com\\\/wp-content\\\/uploads\\\/2017\\\/10\\\/img-home.jpg\",\"width\":1024,\"height\":240,\"caption\":\"Ma\u00ef Savanh Lao Team\"},{\"@type\":\"BreadcrumbList\",\"@id\":\"https:\\\/\\\/sachainchilaos.com\\\/mai-savanh-lao\\\/#breadcrumb\",\"itemListElement\":[{\"@type\":\"ListItem\",\"position\":1,\"name\":\"Accueil\",\"item\":\"https:\\\/\\\/sachainchilaos.com\\\/\"},{\"@type\":\"ListItem\",\"position\":2,\"name\":\"Ma\u00ef Savanh Lao\"}]},{\"@type\":\"WebSite\",\"@id\":\"https:\\\/\\\/sachainchilaos.com\\\/#website\",\"url\":\"https:\\\/\\\/sachainchilaos.com\\\/\",\"name\":\"Sacha Inchi Laos\",\"description\":\"Die \u201eSuper-Nuss\u201c f\u00fcr Omega 3.\",\"publisher\":{\"@id\":\"https:\\\/\\\/sachainchilaos.com\\\/#organization\"},\"potentialAction\":[{\"@type\":\"SearchAction\",\"target\":{\"@type\":\"EntryPoint\",\"urlTemplate\":\"https:\\\/\\\/sachainchilaos.com\\\/?s={search_term_string}\"},\"query-input\":{\"@type\":\"PropertyValueSpecification\",\"valueRequired\":true,\"valueName\":\"search_term_string\"}}],\"inLanguage\":\"de\"},{\"@type\":\"Organization\",\"@id\":\"https:\\\/\\\/sachainchilaos.com\\\/#organization\",\"name\":\"Ma\u00ef Savanh Lao\",\"url\":\"https:\\\/\\\/sachainchilaos.com\\\/\",\"logo\":{\"@type\":\"ImageObject\",\"inLanguage\":\"de\",\"@id\":\"https:\\\/\\\/sachainchilaos.com\\\/#\\\/schema\\\/logo\\\/image\\\/\",\"url\":\"https:\\\/\\\/sachainchilaos.com\\\/wp-content\\\/uploads\\\/2017\\\/10\\\/MSL_NBweb.png\",\"contentUrl\":\"https:\\\/\\\/sachainchilaos.com\\\/wp-content\\\/uploads\\\/2017\\\/10\\\/MSL_NBweb.png\",\"width\":800,\"height\":447,\"caption\":\"Ma\u00ef Savanh Lao\"},\"image\":{\"@id\":\"https:\\\/\\\/sachainchilaos.com\\\/#\\\/schema\\\/logo\\\/image\\\/\"},\"sameAs\":[\"https:\\\/\\\/www.facebook.com\\\/maiSavanhLaoColtd\"]}]}<\/script>\n<!-- \/ Yoast SEO plugin. -->","yoast_head_json":{"title":"Ma\u00ef Savanh Lao Unternehmen - Sacha Inchi Laos","description":"Nous cultivons le Sacha Inchi et le transformons en une gamme passionnante de produits. Les principes de Ma\u00ef Savanh Lao demeurent notre ferme engagement en faveur du d\u00e9veloppement durable et de la responsabilit\u00e9 sociale. Nous sommes une entreprise certifi\u00e9e Commerce \u00e9quitable depuis 2009.","robots":{"index":"index","follow":"follow","max-snippet":"max-snippet:-1","max-image-preview":"max-image-preview:large","max-video-preview":"max-video-preview:-1"},"canonical":"https:\/\/sachainchilaos.com\/mai-savanh-lao\/","og_locale":"de_DE","og_type":"article","og_title":"Ma\u00ef Savanh Lao Unternehmen - Sacha Inchi Laos","og_description":"Nous cultivons le Sacha Inchi et le transformons en une gamme passionnante de produits. Les principes de Ma\u00ef Savanh Lao demeurent notre ferme engagement en faveur du d\u00e9veloppement durable et de la responsabilit\u00e9 sociale. Nous sommes une entreprise certifi\u00e9e Commerce \u00e9quitable depuis 2009.","og_url":"https:\/\/sachainchilaos.com\/mai-savanh-lao\/","og_site_name":"Sacha Inchi Laos","article_publisher":"https:\/\/www.facebook.com\/maiSavanhLaoColtd","article_modified_time":"2019-08-10T12:31:21+00:00","og_image":[{"width":1024,"height":240,"url":"https:\/\/sachainchilaos.com\/wp-content\/uploads\/2017\/10\/img-home.jpg","type":"image\/jpeg"}],"twitter_card":"summary_large_image","twitter_misc":{"Gesch\u00e4tzte Lesezeit":"1\u00a0Minute"},"schema":{"@context":"https:\/\/schema.org","@graph":[{"@type":"WebPage","@id":"https:\/\/sachainchilaos.com\/mai-savanh-lao\/","url":"https:\/\/sachainchilaos.com\/mai-savanh-lao\/","name":"Ma\u00ef Savanh Lao Unternehmen - Sacha Inchi Laos","isPartOf":{"@id":"https:\/\/sachainchilaos.com\/#website"},"primaryImageOfPage":{"@id":"https:\/\/sachainchilaos.com\/mai-savanh-lao\/#primaryimage"},"image":{"@id":"https:\/\/sachainchilaos.com\/mai-savanh-lao\/#primaryimage"},"thumbnailUrl":"https:\/\/sachainchilaos.com\/wp-content\/uploads\/2017\/10\/img-home.jpg","datePublished":"2017-10-08T12:29:02+00:00","dateModified":"2019-08-10T12:31:21+00:00","description":"Nous cultivons le Sacha Inchi et le transformons en une gamme passionnante de produits. Les principes de Ma\u00ef Savanh Lao demeurent notre ferme engagement en faveur du d\u00e9veloppement durable et de la responsabilit\u00e9 sociale. Nous sommes une entreprise certifi\u00e9e Commerce \u00e9quitable depuis 2009.","breadcrumb":{"@id":"https:\/\/sachainchilaos.com\/mai-savanh-lao\/#breadcrumb"},"inLanguage":"de","potentialAction":[{"@type":"ReadAction","target":["https:\/\/sachainchilaos.com\/mai-savanh-lao\/"]}]},{"@type":"ImageObject","inLanguage":"de","@id":"https:\/\/sachainchilaos.com\/mai-savanh-lao\/#primaryimage","url":"https:\/\/sachainchilaos.com\/wp-content\/uploads\/2017\/10\/img-home.jpg","contentUrl":"https:\/\/sachainchilaos.com\/wp-content\/uploads\/2017\/10\/img-home.jpg","width":1024,"height":240,"caption":"Ma\u00ef Savanh Lao Team"},{"@type":"BreadcrumbList","@id":"https:\/\/sachainchilaos.com\/mai-savanh-lao\/#breadcrumb","itemListElement":[{"@type":"ListItem","position":1,"name":"Accueil","item":"https:\/\/sachainchilaos.com\/"},{"@type":"ListItem","position":2,"name":"Ma\u00ef Savanh Lao"}]},{"@type":"WebSite","@id":"https:\/\/sachainchilaos.com\/#website","url":"https:\/\/sachainchilaos.com\/","name":"Sacha Inchi Laos","description":"Die \u201eSuper-Nuss\u201c f\u00fcr Omega 3.","publisher":{"@id":"https:\/\/sachainchilaos.com\/#organization"},"potentialAction":[{"@type":"SearchAction","target":{"@type":"EntryPoint","urlTemplate":"https:\/\/sachainchilaos.com\/?s={search_term_string}"},"query-input":{"@type":"PropertyValueSpecification","valueRequired":true,"valueName":"search_term_string"}}],"inLanguage":"de"},{"@type":"Organization","@id":"https:\/\/sachainchilaos.com\/#organization","name":"Ma\u00ef Savanh Lao","url":"https:\/\/sachainchilaos.com\/","logo":{"@type":"ImageObject","inLanguage":"de","@id":"https:\/\/sachainchilaos.com\/#\/schema\/logo\/image\/","url":"https:\/\/sachainchilaos.com\/wp-content\/uploads\/2017\/10\/MSL_NBweb.png","contentUrl":"https:\/\/sachainchilaos.com\/wp-content\/uploads\/2017\/10\/MSL_NBweb.png","width":800,"height":447,"caption":"Ma\u00ef Savanh Lao"},"image":{"@id":"https:\/\/sachainchilaos.com\/#\/schema\/logo\/image\/"},"sameAs":["https:\/\/www.facebook.com\/maiSavanhLaoColtd"]}]}},"_links":{"self":[{"href":"https:\/\/sachainchilaos.com\/de\/wp-json\/wp\/v2\/pages\/10","targetHints":{"allow":["GET"]}}],"collection":[{"href":"https:\/\/sachainchilaos.com\/de\/wp-json\/wp\/v2\/pages"}],"about":[{"href":"https:\/\/sachainchilaos.com\/de\/wp-json\/wp\/v2\/types\/page"}],"author":[{"embeddable":true,"href":"https:\/\/sachainchilaos.com\/de\/wp-json\/wp\/v2\/users\/1"}],"replies":[{"embeddable":true,"href":"https:\/\/sachainchilaos.com\/de\/wp-json\/wp\/v2\/comments?post=10"}],"version-history":[{"count":86,"href":"https:\/\/sachainchilaos.com\/de\/wp-json\/wp\/v2\/pages\/10\/revisions"}],"predecessor-version":[{"id":1247,"href":"https:\/\/sachainchilaos.com\/de\/wp-json\/wp\/v2\/pages\/10\/revisions\/1247"}],"wp:featuredmedia":[{"embeddable":true,"href":"https:\/\/sachainchilaos.com\/de\/wp-json\/wp\/v2\/media\/194"}],"wp:attachment":[{"href":"https:\/\/sachainchilaos.com\/de\/wp-json\/wp\/v2\/media?parent=10"}],"curies":[{"name":"wp","href":"https:\/\/api.w.org\/{rel}","templated":true}]}}